{"id":19230,"date":"2025-11-10T13:54:38","date_gmt":"2025-11-10T11:54:38","guid":{"rendered":"https:\/\/www.panimotuju.fi\/?post_type=product&#038;p=19230"},"modified":"2026-04-23T16:04:48","modified_gmt":"2026-04-23T13:04:48","slug":"observatoriet-dk-tableau-rouge-50","status":"publish","type":"product","link":"https:\/\/www.panimotuju.fi\/en\/product\/observatoriet-dk-tableau-rouge-50\/","title":{"rendered":"Observatoriet (DK) &#8211; Tableau Rouge 5,0%"},"content":{"rendered":"<p><strong>Uutta Tuju Karelian Buysilta!<\/strong><\/p>\n<p><strong>Observatoriet<\/strong> sijaitsee Tanskan Skanderborgissa. Panimo tunnetaan villihiivalla k\u00e4ytetyist\u00e4 hapanoluistaan ja monivivahteisista \u201cwild ale\u201d -tyyleist\u00e4\u00e4n. Panimo yhdist\u00e4\u00e4 tieteellisen tarkkuuden ja taiteellisen k\u00e4sity\u00f6n, hy\u00f6dynt\u00e4en pitk\u00e4aikaista kypsytyst\u00e4 tammitynnyreiss\u00e4. Tuloksena on el\u00e4vi\u00e4, moniulotteisia oluita, joissa perinteet ja moderni oluenteko kohtaavat rohkeasti.<\/p>\n<p><strong>Tableau Rouge 5,0% | Wild Ale: <\/strong>T\u00e4ss\u00e4 panimon signature-oluesta tehdyss\u00e4 versiossa mausteena kirsikkaa ja punaherukkaa.<\/p>\n<p><strong>10,50\u20ac \/ 0,375L (28,00\u20ac\/L)<\/strong><\/p>\n<p>&nbsp;<\/p>","protected":false},"excerpt":{"rendered":"<p>Uutta Tuju Karelian Buysilta! Observatoriet sijaitsee Tanskan Skanderborgissa. Panimo tunnetaan villihiivalla k\u00e4ytetyist\u00e4 hapanoluistaan ja monivivahteisista \u201cwild ale\u201d -tyyleist\u00e4\u00e4n. Panimo yhdist\u00e4\u00e4 tieteellisen tarkkuuden ja taiteellisen k\u00e4sity\u00f6n, hy\u00f6dynt\u00e4en pitk\u00e4aikaista kypsytyst\u00e4 tammitynnyreiss\u00e4. Tuloksena on el\u00e4vi\u00e4, moniulotteisia oluita, joissa perinteet ja moderni oluenteko kohtaavat rohkeasti. Tableau Rouge 5,0% | Wild Ale: T\u00e4ss\u00e4 panimon signature-oluesta tehdyss\u00e4 versiossa mausteena kirsikkaa ja &hellip; <\/p>\n<p class=\"link-more\"><a href=\"https:\/\/www.panimotuju.fi\/en\/product\/observatoriet-dk-tableau-rouge-50\/\" class=\"more-link\">Read more<span class=\"screen-reader-text\"> &#8221;Observatoriet (DK) &#8211; Tableau Rouge 5,0%&#8221;<\/span><\/a><\/p>","protected":false},"featured_media":19234,"template":"","meta":[],"product_brand":[],"product_cat":[62],"product_tag":[],"class_list":{"0":"post-19230","1":"product","2":"type-product","3":"status-publish","4":"has-post-thumbnail","6":"product_cat-vieras","8":"first","9":"instock","10":"taxable","11":"shipping-taxable","12":"purchasable","13":"product-type-simple"},"jetpack_sharing_enabled":true,"_links":{"self":[{"href":"https:\/\/www.panimotuju.fi\/en\/wp-json\/wp\/v2\/product\/19230","targetHints":{"allow":["GET"]}}],"collection":[{"href":"https:\/\/www.panimotuju.fi\/en\/wp-json\/wp\/v2\/product"}],"about":[{"href":"https:\/\/www.panimotuju.fi\/en\/wp-json\/wp\/v2\/types\/product"}],"wp:featuredmedia":[{"embeddable":true,"href":"https:\/\/www.panimotuju.fi\/en\/wp-json\/wp\/v2\/media\/19234"}],"wp:attachment":[{"href":"https:\/\/www.panimotuju.fi\/en\/wp-json\/wp\/v2\/media?parent=19230"}],"wp:term":[{"taxonomy":"product_brand","embeddable":true,"href":"https:\/\/www.panimotuju.fi\/en\/wp-json\/wp\/v2\/product_brand?post=19230"},{"taxonomy":"product_cat","embeddable":true,"href":"https:\/\/www.panimotuju.fi\/en\/wp-json\/wp\/v2\/product_cat?post=19230"},{"taxonomy":"product_tag","embeddable":true,"href":"https:\/\/www.panimotuju.fi\/en\/wp-json\/wp\/v2\/product_tag?post=19230"}],"curies":[{"name":"wp","href":"https:\/\/api.w.org\/{rel}","templated":true}]}}