{"id":19258,"date":"2025-11-13T10:34:51","date_gmt":"2025-11-13T08:34:51","guid":{"rendered":"https:\/\/www.panimotuju.fi\/?post_type=product&#038;p=19258"},"modified":"2026-04-01T15:47:16","modified_gmt":"2026-04-01T12:47:16","slug":"kangaskassi-mikkeller-running-club-lpr","status":"publish","type":"product","link":"https:\/\/www.panimotuju.fi\/en\/product\/kangaskassi-mikkeller-running-club-lpr\/","title":{"rendered":"Kangaskassi, Mikkeller Running Club LPR"},"content":{"rendered":"<p><strong>Mikkeller Running Club<\/strong> syntyi yli 10 vuotta sitten K\u00f6\u00f6penhaminassa. Yst\u00e4v\u00e4porukka kokoontui pudottamaan \u201dolutkiloja\u201d \u2013 ja palkitsi itsens\u00e4 juoksun j\u00e4lkeen oluella. Viikko toisensa j\u00e4lkeen porukka kasvoi, ja t\u00e4n\u00e4 p\u00e4iv\u00e4n\u00e4 <strong>MRC<\/strong> on kansainv\u00e4linen yhteis\u00f6, jolla on jo yli 100 paikallisosastoa ymp\u00e4ri maailmaa. Kokoontumiset j\u00e4rjestet\u00e4\u00e4n joka kuukauden ensimm\u00e4isen\u00e4 lauantaina, ja yhdess\u00e4 matkustetaan my\u00f6s olutfestareille ja muihin tapahtumiin.<\/p>\n<p><strong>MRC Lappeenranta<\/strong> starttasi syyskuussa 2025 ja on MRC:n toinen jaosto Suomessa. Nyt saatavilla my\u00f6s ultimaattisen coolit klubi-merchit! N\u00e4it\u00e4 et saa muualta, kuin Tuju Taproomilta ja Tujun verkkonoutokaupasta!<\/p>\n<p><strong>MRC Lappeenranta kangaskassi 20,00\u20ac \/ kpl<\/strong><\/p>","protected":false},"excerpt":{"rendered":"<p>Mikkeller Running Club syntyi yli 10 vuotta sitten K\u00f6\u00f6penhaminassa. Yst\u00e4v\u00e4porukka kokoontui pudottamaan \u201dolutkiloja\u201d \u2013 ja palkitsi itsens\u00e4 juoksun j\u00e4lkeen oluella. Viikko toisensa j\u00e4lkeen porukka kasvoi, ja t\u00e4n\u00e4 p\u00e4iv\u00e4n\u00e4 MRC on kansainv\u00e4linen yhteis\u00f6, jolla on jo yli 100 paikallisosastoa ymp\u00e4ri maailmaa. Kokoontumiset j\u00e4rjestet\u00e4\u00e4n joka kuukauden ensimm\u00e4isen\u00e4 lauantaina, ja yhdess\u00e4 matkustetaan my\u00f6s olutfestareille ja muihin tapahtumiin. MRC &hellip; <\/p>\n<p class=\"link-more\"><a href=\"https:\/\/www.panimotuju.fi\/en\/product\/kangaskassi-mikkeller-running-club-lpr\/\" class=\"more-link\">Read more<span class=\"screen-reader-text\"> &#8221;Kangaskassi, Mikkeller Running Club LPR&#8221;<\/span><\/a><\/p>","protected":false},"featured_media":19281,"template":"","meta":[],"product_brand":[],"product_cat":[67],"product_tag":[],"class_list":{"0":"post-19258","1":"product","2":"type-product","3":"status-publish","4":"has-post-thumbnail","6":"product_cat-oiheistuotteet","8":"first","9":"instock","10":"taxable","11":"shipping-taxable","12":"purchasable","13":"product-type-simple"},"jetpack_sharing_enabled":true,"_links":{"self":[{"href":"https:\/\/www.panimotuju.fi\/en\/wp-json\/wp\/v2\/product\/19258","targetHints":{"allow":["GET"]}}],"collection":[{"href":"https:\/\/www.panimotuju.fi\/en\/wp-json\/wp\/v2\/product"}],"about":[{"href":"https:\/\/www.panimotuju.fi\/en\/wp-json\/wp\/v2\/types\/product"}],"wp:featuredmedia":[{"embeddable":true,"href":"https:\/\/www.panimotuju.fi\/en\/wp-json\/wp\/v2\/media\/19281"}],"wp:attachment":[{"href":"https:\/\/www.panimotuju.fi\/en\/wp-json\/wp\/v2\/media?parent=19258"}],"wp:term":[{"taxonomy":"product_brand","embeddable":true,"href":"https:\/\/www.panimotuju.fi\/en\/wp-json\/wp\/v2\/product_brand?post=19258"},{"taxonomy":"product_cat","embeddable":true,"href":"https:\/\/www.panimotuju.fi\/en\/wp-json\/wp\/v2\/product_cat?post=19258"},{"taxonomy":"product_tag","embeddable":true,"href":"https:\/\/www.panimotuju.fi\/en\/wp-json\/wp\/v2\/product_tag?post=19258"}],"curies":[{"name":"wp","href":"https:\/\/api.w.org\/{rel}","templated":true}]}}