{"id":19275,"date":"2025-11-16T22:50:17","date_gmt":"2025-11-16T20:50:17","guid":{"rendered":"https:\/\/www.panimotuju.fi\/?post_type=product&#038;p=19275"},"modified":"2026-04-28T10:24:38","modified_gmt":"2026-04-28T07:24:38","slug":"kumpi-100-motueka-motueka-hop-kief","status":"publish","type":"product","link":"https:\/\/www.panimotuju.fi\/en\/product\/kumpi-100-motueka-motueka-hop-kief\/","title":{"rendered":"Kumpi 10,0% (Motueka, Motueka Hop Kief)"},"content":{"rendered":"<p><strong>Kumpi 10,0% | New Zealand TIPA | Freestyle Hops Motueka, Motueka Hop Kief\u2122<\/strong><\/p>\n<p>Vanha kunnon ikuisuuskysymys, jossa Kumpi ja Kampi tappelemassa kuin Ferdinand von Wrightin metsot&#8230; siis kiivit konsanaan! Mutta kumpi voittaa t\u00e4m\u00e4n taiston? Lapsuuden kompakysymysmuistoja puhkaiseva New Zealand DIPA mahdollistaa traumojen k\u00e4sittelyn oluen muodossa. P\u00e4\u00e4osassa uudenseelannin ihastuttavina humalina tuoreet <strong>Freestyle Hopsin<\/strong> <strong>Motueka ja Motueka Hop Kief\u2122<\/strong>.<\/p>\n<p>T\u00e4m\u00e4 t\u00f6rpp\u00f6 on sumuisen samea h\u00f6yhenpylly, jossa p\u00e4\u00e4osaa suorittaa sitrus ja limetti, josta suunta k\u00e4y l\u00e4hes hobittimaiselle pitk\u00e4lle matkalle kohti muun tyylisi\u00e4 sitrushedelmi\u00e4 ja yleist\u00e4 trooppisuutta. Voit p\u00e4\u00e4tt\u00e4\u00e4 itse, kumpi vie voiton syd\u00e4mess\u00e4si ja makunystyr\u00f6iss\u00e4si. Tai parempi viel\u00e4, anna niiden taistella yst\u00e4v\u00e4llisesti kesken\u00e4\u00e4n ja nauti voittajan valitsemisesta. Kumpi? Vai Kampi? Tulos voi yll\u00e4tt\u00e4\u00e4, mutta sin\u00e4 olet t\u00e4ss\u00e4 se voittaja!<\/p>\n<p><strong>Kumpi 10,0% ja Kampi 10,0%<\/strong> on tarkoitus maistella yhdess\u00e4. Kyseess\u00e4 on olutkaksikko, joka on tehty vertailun vuoksi. Molemmat sis\u00e4lt\u00e4v\u00e4t SubZero Hop Kief<strong>\u2122<\/strong>-humalaa; k\u00e4\u00e4nteentekev\u00e4\u00e4 innovatiivista humala\u00f6ljy\u00e4, joka on uutettu humalakukinnoista pakkasessa, jolloin tiiviiden humala-aromien lis\u00e4ksi saadaan kuohkeampi suutuntuma ja mehukas profiili.<\/p>\n<p><strong>9,40\u20ac \/ 0,44L (21,36\u20ac\/L)<\/strong><\/p>","protected":false},"excerpt":{"rendered":"<p>Kumpi 10,0% | New Zealand TIPA | Freestyle Hops Motueka, Motueka Hop Kief\u2122 Vanha kunnon ikuisuuskysymys, jossa Kumpi ja Kampi tappelemassa kuin Ferdinand von Wrightin metsot&#8230; siis kiivit konsanaan! Mutta kumpi voittaa t\u00e4m\u00e4n taiston? Lapsuuden kompakysymysmuistoja puhkaiseva New Zealand DIPA mahdollistaa traumojen k\u00e4sittelyn oluen muodossa. P\u00e4\u00e4osassa uudenseelannin ihastuttavina humalina tuoreet Freestyle Hopsin Motueka ja Motueka &hellip; <\/p>\n<p class=\"link-more\"><a href=\"https:\/\/www.panimotuju.fi\/en\/product\/kumpi-100-motueka-motueka-hop-kief\/\" class=\"more-link\">Read more<span class=\"screen-reader-text\"> &#8221;Kumpi 10,0% (Motueka, Motueka Hop Kief)&#8221;<\/span><\/a><\/p>","protected":false},"featured_media":19283,"template":"","meta":[],"product_brand":[],"product_cat":[50],"product_tag":[],"class_list":{"0":"post-19275","1":"product","2":"type-product","3":"status-publish","4":"has-post-thumbnail","6":"product_cat-tujun_tuotteet","8":"first","9":"instock","10":"taxable","11":"shipping-taxable","12":"purchasable","13":"product-type-simple"},"jetpack_sharing_enabled":true,"_links":{"self":[{"href":"https:\/\/www.panimotuju.fi\/en\/wp-json\/wp\/v2\/product\/19275","targetHints":{"allow":["GET"]}}],"collection":[{"href":"https:\/\/www.panimotuju.fi\/en\/wp-json\/wp\/v2\/product"}],"about":[{"href":"https:\/\/www.panimotuju.fi\/en\/wp-json\/wp\/v2\/types\/product"}],"wp:featuredmedia":[{"embeddable":true,"href":"https:\/\/www.panimotuju.fi\/en\/wp-json\/wp\/v2\/media\/19283"}],"wp:attachment":[{"href":"https:\/\/www.panimotuju.fi\/en\/wp-json\/wp\/v2\/media?parent=19275"}],"wp:term":[{"taxonomy":"product_brand","embeddable":true,"href":"https:\/\/www.panimotuju.fi\/en\/wp-json\/wp\/v2\/product_brand?post=19275"},{"taxonomy":"product_cat","embeddable":true,"href":"https:\/\/www.panimotuju.fi\/en\/wp-json\/wp\/v2\/product_cat?post=19275"},{"taxonomy":"product_tag","embeddable":true,"href":"https:\/\/www.panimotuju.fi\/en\/wp-json\/wp\/v2\/product_tag?post=19275"}],"curies":[{"name":"wp","href":"https:\/\/api.w.org\/{rel}","templated":true}]}}