{"id":19276,"date":"2025-11-16T22:53:22","date_gmt":"2025-11-16T20:53:22","guid":{"rendered":"https:\/\/www.panimotuju.fi\/?post_type=product&#038;p=19276"},"modified":"2026-05-06T19:44:15","modified_gmt":"2026-05-06T16:44:15","slug":"kampi-100-nelson-sauvin-nelson-sauvin-hop-kief","status":"publish","type":"product","link":"https:\/\/www.panimotuju.fi\/en\/product\/kampi-100-nelson-sauvin-nelson-sauvin-hop-kief\/","title":{"rendered":"Kampi 10,0% (Nelson Sauvin, Nelson Sauvin Hop Kief)"},"content":{"rendered":"<p><strong>Kampi 10,0% \u00a0| New Zealand TIPA | Freestyle Hops Nelson Sauvin, Nelson Sauvin Hop Kief\u2122 <\/strong><\/p>\n<p>Vanha kunnon ikuisuuskysymys, jossa Kumpi ja Kampi tappelemassa kuin Ferdinand von Wrightin metsot&#8230; siis kiivit konsanaan! Mutta kumpi voittaa t\u00e4m\u00e4n taiston? Lapsuuden kompakysymysmuistoja puhkaiseva New Zealand DIPA mahdollistaa traumojen k\u00e4sittelyn oluen muodossa. P\u00e4\u00e4osassa uudenseelannin ihastuttavat humalalajikkeet, eritt\u00e4in tuore <strong>Freestyle Hopsin<\/strong> <strong>Nelson Sauvin ja Nelson Sauvin Hop Kief\u2122<\/strong>.<\/p>\n<p>T\u00e4m\u00e4 t\u00f6rpp\u00f6 on samea ja p\u00f6rr\u00f6inen. Raju ja v\u00e4linpit\u00e4m\u00e4t\u00f6n humalank\u00e4ytt\u00f6 tuottaa t\u00e4h\u00e4n pahapyllyyn nektariinimaisuutta, passionhedelm\u00e4\u00e4, appelsiinisuutta ja hedelm\u00e4guavaa yhdistettyn\u00e4 greippisyyteen. Aromimaailman lehdykk\u00e4isyys tuo mieleen Snoop Doggin treenikellarin. Sen verran d\u00e4nkki on tunnelma. Voit p\u00e4\u00e4tt\u00e4\u00e4 itse, kumpi vie voiton syd\u00e4mess\u00e4si ja makunystyr\u00f6iss\u00e4si. Tai parempi viel\u00e4, anna niiden taistella yst\u00e4v\u00e4llisesti kesken\u00e4\u00e4n ja nauti voittajan valitsemisesta. Kumpi? Vai Kampi? Tulos voi yll\u00e4tt\u00e4\u00e4, mutta sin\u00e4 olet t\u00e4ss\u00e4 se voittaja!<\/p>\n<p>Kumpi 10,0% ja Kampi 10,0% on tarkoitus maistella yhdess\u00e4. Kyseess\u00e4 on olutkaksikko, joka on tehty vertailun vuoksi. Molemmat sis\u00e4lt\u00e4v\u00e4t SubZero Hop Kief\u2122-humalaa; k\u00e4\u00e4nteentekev\u00e4\u00e4 innovatiivista humala\u00f6ljy\u00e4, joka on uutettu humalakukinnoista pakkasessa, jolloin tiiviiden humala-aromien lis\u00e4ksi saadaan kuohkeampi suutuntuma ja mehukas profiili.<\/p>\n<p><strong>9,40\u20ac \/ 0,44L (21,36\u20ac\/L)<\/strong><\/p>","protected":false},"excerpt":{"rendered":"<p>Kampi 10,0% \u00a0| New Zealand TIPA | Freestyle Hops Nelson Sauvin, Nelson Sauvin Hop Kief\u2122 Vanha kunnon ikuisuuskysymys, jossa Kumpi ja Kampi tappelemassa kuin Ferdinand von Wrightin metsot&#8230; siis kiivit konsanaan! Mutta kumpi voittaa t\u00e4m\u00e4n taiston? Lapsuuden kompakysymysmuistoja puhkaiseva New Zealand DIPA mahdollistaa traumojen k\u00e4sittelyn oluen muodossa. P\u00e4\u00e4osassa uudenseelannin ihastuttavat humalalajikkeet, eritt\u00e4in tuore Freestyle Hopsin &hellip; <\/p>\n<p class=\"link-more\"><a href=\"https:\/\/www.panimotuju.fi\/en\/product\/kampi-100-nelson-sauvin-nelson-sauvin-hop-kief\/\" class=\"more-link\">Read more<span class=\"screen-reader-text\"> &#8221;Kampi 10,0% (Nelson Sauvin, Nelson Sauvin Hop Kief)&#8221;<\/span><\/a><\/p>","protected":false},"featured_media":19282,"template":"","meta":[],"product_brand":[],"product_cat":[50],"product_tag":[],"class_list":{"0":"post-19276","1":"product","2":"type-product","3":"status-publish","4":"has-post-thumbnail","6":"product_cat-tujun_tuotteet","8":"first","9":"instock","10":"taxable","11":"shipping-taxable","12":"purchasable","13":"product-type-simple"},"jetpack_sharing_enabled":true,"_links":{"self":[{"href":"https:\/\/www.panimotuju.fi\/en\/wp-json\/wp\/v2\/product\/19276","targetHints":{"allow":["GET"]}}],"collection":[{"href":"https:\/\/www.panimotuju.fi\/en\/wp-json\/wp\/v2\/product"}],"about":[{"href":"https:\/\/www.panimotuju.fi\/en\/wp-json\/wp\/v2\/types\/product"}],"wp:featuredmedia":[{"embeddable":true,"href":"https:\/\/www.panimotuju.fi\/en\/wp-json\/wp\/v2\/media\/19282"}],"wp:attachment":[{"href":"https:\/\/www.panimotuju.fi\/en\/wp-json\/wp\/v2\/media?parent=19276"}],"wp:term":[{"taxonomy":"product_brand","embeddable":true,"href":"https:\/\/www.panimotuju.fi\/en\/wp-json\/wp\/v2\/product_brand?post=19276"},{"taxonomy":"product_cat","embeddable":true,"href":"https:\/\/www.panimotuju.fi\/en\/wp-json\/wp\/v2\/product_cat?post=19276"},{"taxonomy":"product_tag","embeddable":true,"href":"https:\/\/www.panimotuju.fi\/en\/wp-json\/wp\/v2\/product_tag?post=19276"}],"curies":[{"name":"wp","href":"https:\/\/api.w.org\/{rel}","templated":true}]}}