{"id":19352,"date":"2025-11-28T10:18:37","date_gmt":"2025-11-28T08:18:37","guid":{"rendered":"https:\/\/www.panimotuju.fi\/?post_type=product&#038;p=19352"},"modified":"2026-05-13T19:47:25","modified_gmt":"2026-05-13T16:47:25","slug":"paksut-posket-75-2","status":"publish","type":"product","link":"https:\/\/www.panimotuju.fi\/en\/product\/paksut-posket-75-2\/","title":{"rendered":"Paksut Posket 7,5%"},"content":{"rendered":"<h3>Paksut Posket 7,5% | Black IPA | Simcoe, Chinook, Idaho 7, Citra<\/h3>\n<p><span style=\"font-weight: 400;\">Joskus tulee vastaan oluttyylej\u00e4, joita saa etsi\u00e4 kissojen ja koirien kanssa, mutta t\u00e4ss\u00e4h\u00e4n se on; ihan oikea black IPA, mutta mirri ei ole mik\u00e4\u00e4n mehukatti vaan se omistaa hampaat, jotka tuottavat ter\u00e4v\u00e4n puraisun! T\u00e4m\u00e4 Le Chat Noir on hieman ronskimpi esitys, joka luo viiksenp\u00e4it\u00e4 my\u00f6ten paahteista mallasta ja puraisevaa katkeruutta. Kehr\u00e4ys starttaa viimeist\u00e4\u00e4n, kun lasiin livahtaa tummaa hedelm\u00e4\u00e4, sitrusta ja marjaisuutta ja h\u00e4nt\u00e4p\u00e4\u00e4ss\u00e4 pihkaisuutta. Prosentteihinsa n\u00e4hden t\u00e4ss\u00e4 on mit\u00e4 mainion juotavuus sujahtaen kitusiin ennen kuin ehtii kissaa sanoa!<\/span><\/p>\n<p><strong>5,60\u20ac\/0,44L (12,72\u20ac\/L) | <em>ei panttia<\/em><\/strong><\/p>\n<p>&nbsp;<\/p>","protected":false},"excerpt":{"rendered":"<p>Paksut Posket 7,5% | Black IPA | Simcoe, Chinook, Idaho 7, Citra Joskus tulee vastaan oluttyylej\u00e4, joita saa etsi\u00e4 kissojen ja koirien kanssa, mutta t\u00e4ss\u00e4h\u00e4n se on; ihan oikea black IPA, mutta mirri ei ole mik\u00e4\u00e4n mehukatti vaan se omistaa hampaat, jotka tuottavat ter\u00e4v\u00e4n puraisun! T\u00e4m\u00e4 Le Chat Noir on hieman ronskimpi esitys, joka luo &hellip; <\/p>\n<p class=\"link-more\"><a href=\"https:\/\/www.panimotuju.fi\/en\/product\/paksut-posket-75-2\/\" class=\"more-link\">Read more<span class=\"screen-reader-text\"> &#8221;Paksut Posket 7,5%&#8221;<\/span><\/a><\/p>","protected":false},"featured_media":19354,"template":"","meta":[],"product_brand":[],"product_cat":[50],"product_tag":[],"class_list":{"0":"post-19352","1":"product","2":"type-product","3":"status-publish","4":"has-post-thumbnail","6":"product_cat-tujun_tuotteet","8":"first","9":"instock","10":"taxable","11":"shipping-taxable","12":"purchasable","13":"product-type-simple"},"jetpack_sharing_enabled":true,"_links":{"self":[{"href":"https:\/\/www.panimotuju.fi\/en\/wp-json\/wp\/v2\/product\/19352","targetHints":{"allow":["GET"]}}],"collection":[{"href":"https:\/\/www.panimotuju.fi\/en\/wp-json\/wp\/v2\/product"}],"about":[{"href":"https:\/\/www.panimotuju.fi\/en\/wp-json\/wp\/v2\/types\/product"}],"wp:featuredmedia":[{"embeddable":true,"href":"https:\/\/www.panimotuju.fi\/en\/wp-json\/wp\/v2\/media\/19354"}],"wp:attachment":[{"href":"https:\/\/www.panimotuju.fi\/en\/wp-json\/wp\/v2\/media?parent=19352"}],"wp:term":[{"taxonomy":"product_brand","embeddable":true,"href":"https:\/\/www.panimotuju.fi\/en\/wp-json\/wp\/v2\/product_brand?post=19352"},{"taxonomy":"product_cat","embeddable":true,"href":"https:\/\/www.panimotuju.fi\/en\/wp-json\/wp\/v2\/product_cat?post=19352"},{"taxonomy":"product_tag","embeddable":true,"href":"https:\/\/www.panimotuju.fi\/en\/wp-json\/wp\/v2\/product_tag?post=19352"}],"curies":[{"name":"wp","href":"https:\/\/api.w.org\/{rel}","templated":true}]}}