{"id":19494,"date":"2025-12-05T11:58:18","date_gmt":"2025-12-05T09:58:18","guid":{"rendered":"https:\/\/www.panimotuju.fi\/?post_type=product&#038;p=19494"},"modified":"2026-04-15T19:50:16","modified_gmt":"2026-04-15T16:50:16","slug":"vermont-ravit-21-65","status":"publish","type":"product","link":"https:\/\/www.panimotuju.fi\/en\/product\/vermont-ravit-21-65\/","title":{"rendered":"Vermont Ravit #21 6,5%"},"content":{"rendered":"<p><strong>\ud83d\udc0eVermont Ravit #21 6,5% | NEIPA | Manilita, Krush Lupomax, Citra\ud83d\udc0e<\/strong><br \/>\nNyt jo l\u00e4ht\u00f6 numero 21 !! Vermont Ravit on kaikkine yll\u00e4tysk\u00e4\u00e4teineen varmasti Tujun lippulaiva-NEIPA!<\/p>\n<p>L\u00e4ht\u00f6linjalla kuplii lempe\u00e4n trooppinen j\u00e4nnite! Ohjaksissa <strong>Manilita, Krush Lupomax ja Citra<\/strong>!<br \/>\nAivan ihaha kolmikko on t\u00e4m\u00e4n hetken seuratuin trio. T\u00e4ss\u00e4 kisassa <strong>Manilita<\/strong> ottaa k\u00e4rjen, j\u00e4tt\u00e4en j\u00e4lkeens\u00e4 kyps\u00e4\u00e4 mangoisuutta, anasta ja passionhedelm\u00e4\u00e4. Suoraviivainen<strong> Krush Lupomax<\/strong> ei kuitenkaan suostu j\u00e4\u00e4m\u00e4\u00e4n peesaajan asemaan, vaan hirnuaa rinnalle mehev\u00e4n appelsiinisuuden, marjaisuuden ja floraalisen h\u00e4nn\u00e4ntupsutuksen kera.<\/p>\n<p>Vanha kunnon <strong>Citra<\/strong> n\u00e4ytt\u00e4\u00e4 nuoremmille miten spurtataan ronskin sitruksisuuden voimin. Maaliviivalla kaikki ovat voittajia, sill\u00e4 trooppisen mehuinen, samettinen ja <span style=\"font-weight: 400;\">hedelm\u00e4inen NEIPA k\u00e4\u00e4nt\u00e4\u00e4 suitset kohti aurinkoa ja uppoaa turpaan moukun lailla.<\/span><\/p>\n<p><strong>6,35\u20ac\/0,44L (14,43\u20ac\/L) +0,15\u20ac pantti<\/strong><\/p>","protected":false},"excerpt":{"rendered":"<p>\ud83d\udc0eVermont Ravit #21 6,5% | NEIPA | Manilita, Krush Lupomax, Citra\ud83d\udc0e Nyt jo l\u00e4ht\u00f6 numero 21 !! Vermont Ravit on kaikkine yll\u00e4tysk\u00e4\u00e4teineen varmasti Tujun lippulaiva-NEIPA! L\u00e4ht\u00f6linjalla kuplii lempe\u00e4n trooppinen j\u00e4nnite! Ohjaksissa Manilita, Krush Lupomax ja Citra! Aivan ihaha kolmikko on t\u00e4m\u00e4n hetken seuratuin trio. T\u00e4ss\u00e4 kisassa Manilita ottaa k\u00e4rjen, j\u00e4tt\u00e4en j\u00e4lkeens\u00e4 kyps\u00e4\u00e4 mangoisuutta, anasta ja &hellip; <\/p>\n<p class=\"link-more\"><a href=\"https:\/\/www.panimotuju.fi\/en\/product\/vermont-ravit-21-65\/\" class=\"more-link\">Read more<span class=\"screen-reader-text\"> &#8221;Vermont Ravit #21 6,5%&#8221;<\/span><\/a><\/p>","protected":false},"featured_media":19495,"template":"","meta":[],"product_brand":[],"product_cat":[50],"product_tag":[],"class_list":{"0":"post-19494","1":"product","2":"type-product","3":"status-publish","4":"has-post-thumbnail","6":"product_cat-tujun_tuotteet","8":"first","9":"instock","10":"taxable","11":"shipping-taxable","12":"purchasable","13":"product-type-simple"},"jetpack_sharing_enabled":true,"_links":{"self":[{"href":"https:\/\/www.panimotuju.fi\/en\/wp-json\/wp\/v2\/product\/19494","targetHints":{"allow":["GET"]}}],"collection":[{"href":"https:\/\/www.panimotuju.fi\/en\/wp-json\/wp\/v2\/product"}],"about":[{"href":"https:\/\/www.panimotuju.fi\/en\/wp-json\/wp\/v2\/types\/product"}],"wp:featuredmedia":[{"embeddable":true,"href":"https:\/\/www.panimotuju.fi\/en\/wp-json\/wp\/v2\/media\/19495"}],"wp:attachment":[{"href":"https:\/\/www.panimotuju.fi\/en\/wp-json\/wp\/v2\/media?parent=19494"}],"wp:term":[{"taxonomy":"product_brand","embeddable":true,"href":"https:\/\/www.panimotuju.fi\/en\/wp-json\/wp\/v2\/product_brand?post=19494"},{"taxonomy":"product_cat","embeddable":true,"href":"https:\/\/www.panimotuju.fi\/en\/wp-json\/wp\/v2\/product_cat?post=19494"},{"taxonomy":"product_tag","embeddable":true,"href":"https:\/\/www.panimotuju.fi\/en\/wp-json\/wp\/v2\/product_tag?post=19494"}],"curies":[{"name":"wp","href":"https:\/\/api.w.org\/{rel}","templated":true}]}}