{"id":19498,"date":"2025-12-05T14:15:53","date_gmt":"2025-12-05T12:15:53","guid":{"rendered":"https:\/\/www.panimotuju.fi\/?post_type=product&#038;p=19498"},"modified":"2026-04-18T19:42:17","modified_gmt":"2026-04-18T16:42:17","slug":"nailo-brewing-co-anthropocene-gluteeniton-58","status":"publish","type":"product","link":"https:\/\/www.panimotuju.fi\/en\/product\/nailo-brewing-co-anthropocene-gluteeniton-58\/","title":{"rendered":"Na\u00eflo Brewing Co. &#8211; Anthropocene (gluteeniton) 5,8%"},"content":{"rendered":"<p><strong>Na\u00eflo<\/strong> on oululainen pienpanimo, joka tunnetaan rohkeista makuyhdistelmist\u00e4\u00e4n ja k\u00e4sity\u00f6l\u00e4isest\u00e4 otteestaan. Panimo panostaa paikallisiin raaka-aineisiin, puhtaaseen pohjoiseen veteen ja kokeilevaan reseptiikkaan, jonka tuloksena syntyy persoonallisia oluita niin arkeen kuin juhlaan. Nailo yhdist\u00e4\u00e4 Oulun rentouden ja omaleimaisen asenteen moderneihin, laadukkaisiin oluel\u00e4myksiin.<\/p>\n<p><strong>Anthropocene 5,8% | Gluteeniton DDH NEPA: <\/strong>Sitruksinen ja kukkainen New England Pale Ale, jossa Citra, Amarillo, Cascade ja Motueka tuovat esiin parhaat puolensa. Pehme\u00e4n hedelm\u00e4inen ja helposti nautittava.<\/p>\n<p><em>Gluteeniton \/ Gluten-free<\/em><\/p>\n<p><strong>6,40\u20ac \/ 0,44L (14,55\u20ac\/L)<\/strong><\/p>\n<p>&nbsp;<\/p>","protected":false},"excerpt":{"rendered":"<p>Na\u00eflo on oululainen pienpanimo, joka tunnetaan rohkeista makuyhdistelmist\u00e4\u00e4n ja k\u00e4sity\u00f6l\u00e4isest\u00e4 otteestaan. Panimo panostaa paikallisiin raaka-aineisiin, puhtaaseen pohjoiseen veteen ja kokeilevaan reseptiikkaan, jonka tuloksena syntyy persoonallisia oluita niin arkeen kuin juhlaan. Nailo yhdist\u00e4\u00e4 Oulun rentouden ja omaleimaisen asenteen moderneihin, laadukkaisiin oluel\u00e4myksiin. Anthropocene 5,8% | Gluteeniton DDH NEPA: Sitruksinen ja kukkainen New England Pale Ale, jossa Citra, &hellip; <\/p>\n<p class=\"link-more\"><a href=\"https:\/\/www.panimotuju.fi\/en\/product\/nailo-brewing-co-anthropocene-gluteeniton-58\/\" class=\"more-link\">Read more<span class=\"screen-reader-text\"> &#8221;Na\u00eflo Brewing Co. &#8211; Anthropocene (gluteeniton) 5,8%&#8221;<\/span><\/a><\/p>","protected":false},"featured_media":19587,"template":"","meta":[],"product_brand":[],"product_cat":[62],"product_tag":[],"class_list":{"0":"post-19498","1":"product","2":"type-product","3":"status-publish","4":"has-post-thumbnail","6":"product_cat-vieras","8":"first","9":"instock","10":"taxable","11":"shipping-taxable","12":"purchasable","13":"product-type-simple"},"jetpack_sharing_enabled":true,"_links":{"self":[{"href":"https:\/\/www.panimotuju.fi\/en\/wp-json\/wp\/v2\/product\/19498","targetHints":{"allow":["GET"]}}],"collection":[{"href":"https:\/\/www.panimotuju.fi\/en\/wp-json\/wp\/v2\/product"}],"about":[{"href":"https:\/\/www.panimotuju.fi\/en\/wp-json\/wp\/v2\/types\/product"}],"wp:featuredmedia":[{"embeddable":true,"href":"https:\/\/www.panimotuju.fi\/en\/wp-json\/wp\/v2\/media\/19587"}],"wp:attachment":[{"href":"https:\/\/www.panimotuju.fi\/en\/wp-json\/wp\/v2\/media?parent=19498"}],"wp:term":[{"taxonomy":"product_brand","embeddable":true,"href":"https:\/\/www.panimotuju.fi\/en\/wp-json\/wp\/v2\/product_brand?post=19498"},{"taxonomy":"product_cat","embeddable":true,"href":"https:\/\/www.panimotuju.fi\/en\/wp-json\/wp\/v2\/product_cat?post=19498"},{"taxonomy":"product_tag","embeddable":true,"href":"https:\/\/www.panimotuju.fi\/en\/wp-json\/wp\/v2\/product_tag?post=19498"}],"curies":[{"name":"wp","href":"https:\/\/api.w.org\/{rel}","templated":true}]}}