{"id":19511,"date":"2025-12-09T12:15:48","date_gmt":"2025-12-09T10:15:48","guid":{"rendered":"https:\/\/www.panimotuju.fi\/?post_type=product&#038;p=19511"},"modified":"2026-04-16T15:00:16","modified_gmt":"2026-04-16T12:00:16","slug":"crumbs-crunchy-delights-66","status":"publish","type":"product","link":"https:\/\/www.panimotuju.fi\/en\/product\/crumbs-crunchy-delights-66\/","title":{"rendered":"Crumb&#8217;s Crunchy Delights 6,6%"},"content":{"rendered":"<p><b>Crumb&#8217;s Crunchy Delights 6,6%<\/b><b> | Dry hopped Farmhouse ale | Riwaka, Taiheke<\/b><\/p>\n<p><span style=\"font-weight: 400;\">Nyt kikatuttaa. Joskus sit\u00e4 vain kaipaa kulhollisen kiert\u00e4v\u00e4\u00e4 galaktista suunektaria intergalaktisen hampurilaisen kaveriksi. Turha ujostella, kuppiin lipsahtaa trooppisia Uuden-Seelannin Riwaka- ja Taiheke-humalia, jotka sahaavat kuivan rungon l\u00e4pi.\u00a0\u00a0<\/span><\/p>\n<p><span style=\"font-weight: 400;\">Klassikkoleffa <strong>Bad Tasten<\/strong> mielenmaisemia tributoiva maalaisolut luottaa hiivan luomaan moniulotteisuuteen, esterisyyteen ja pippurisuuteen ja saa kaverikseen <strong>Riwakasti<\/strong> passionhedelm\u00e4isyytt\u00e4 ja greippisyytt\u00e4. <strong>Taiheke<\/strong> sinkoaa sitrusta, tropiikkia ja mausteisuutta. T\u00e4m\u00e4 farmhouse ale saattaa j\u00e4tt\u00e4\u00e4 aivosi rantakalliolle, mutta sen suunmukaisuutta on turha kielt\u00e4\u00e4.\u00a0<\/span><\/p>\n<p><span style=\"font-weight: 400;\">T\u00e4ydellinen yhdistelm\u00e4 belgihiivan aromeja, kuivanhumoristista runkoa ja taidokasta kuivahumalointia, jonka makukombinaatio t\u00e4ytt\u00e4\u00e4 t\u00e4ytt\u00e4v\u00e4t kaikkien universaaliset tarpeet. Eli ns. Good Taste!<\/span><\/p>\n<p><strong>9,45\u20ac \/ 0,75L (12,60\u20ac\/L)<\/strong><\/p>\n<p>&nbsp;<\/p>","protected":false},"excerpt":{"rendered":"<p>Crumb&#8217;s Crunchy Delights 6,6% | Dry hopped Farmhouse ale | Riwaka, Taiheke Nyt kikatuttaa. Joskus sit\u00e4 vain kaipaa kulhollisen kiert\u00e4v\u00e4\u00e4 galaktista suunektaria intergalaktisen hampurilaisen kaveriksi. Turha ujostella, kuppiin lipsahtaa trooppisia Uuden-Seelannin Riwaka- ja Taiheke-humalia, jotka sahaavat kuivan rungon l\u00e4pi.\u00a0\u00a0 Klassikkoleffa Bad Tasten mielenmaisemia tributoiva maalaisolut luottaa hiivan luomaan moniulotteisuuteen, esterisyyteen ja pippurisuuteen ja saa kaverikseen &hellip; <\/p>\n<p class=\"link-more\"><a href=\"https:\/\/www.panimotuju.fi\/en\/product\/crumbs-crunchy-delights-66\/\" class=\"more-link\">Read more<span class=\"screen-reader-text\"> &#8221;Crumb&#8217;s Crunchy Delights 6,6%&#8221;<\/span><\/a><\/p>","protected":false},"featured_media":19512,"template":"","meta":[],"product_brand":[],"product_cat":[50],"product_tag":[],"class_list":{"0":"post-19511","1":"product","2":"type-product","3":"status-publish","4":"has-post-thumbnail","6":"product_cat-tujun_tuotteet","8":"first","9":"instock","10":"taxable","11":"shipping-taxable","12":"purchasable","13":"product-type-simple"},"jetpack_sharing_enabled":true,"_links":{"self":[{"href":"https:\/\/www.panimotuju.fi\/en\/wp-json\/wp\/v2\/product\/19511","targetHints":{"allow":["GET"]}}],"collection":[{"href":"https:\/\/www.panimotuju.fi\/en\/wp-json\/wp\/v2\/product"}],"about":[{"href":"https:\/\/www.panimotuju.fi\/en\/wp-json\/wp\/v2\/types\/product"}],"wp:featuredmedia":[{"embeddable":true,"href":"https:\/\/www.panimotuju.fi\/en\/wp-json\/wp\/v2\/media\/19512"}],"wp:attachment":[{"href":"https:\/\/www.panimotuju.fi\/en\/wp-json\/wp\/v2\/media?parent=19511"}],"wp:term":[{"taxonomy":"product_brand","embeddable":true,"href":"https:\/\/www.panimotuju.fi\/en\/wp-json\/wp\/v2\/product_brand?post=19511"},{"taxonomy":"product_cat","embeddable":true,"href":"https:\/\/www.panimotuju.fi\/en\/wp-json\/wp\/v2\/product_cat?post=19511"},{"taxonomy":"product_tag","embeddable":true,"href":"https:\/\/www.panimotuju.fi\/en\/wp-json\/wp\/v2\/product_tag?post=19511"}],"curies":[{"name":"wp","href":"https:\/\/api.w.org\/{rel}","templated":true}]}}