{"id":19549,"date":"2025-12-16T09:55:19","date_gmt":"2025-12-16T07:55:19","guid":{"rendered":"https:\/\/www.panimotuju.fi\/?post_type=product&#038;p=19549"},"modified":"2026-04-05T14:29:54","modified_gmt":"2026-04-05T11:29:54","slug":"ei-soitella-kotiin-70","status":"publish","type":"product","link":"https:\/\/www.panimotuju.fi\/en\/product\/ei-soitella-kotiin-70\/","title":{"rendered":"Ei soitella kotiin 7,0%"},"content":{"rendered":"<p><strong>Ei soitella kotiin 7,0% | India pale ale | Eclipse, Vic Secret, Nectaron<\/strong><\/p>\n<div class=\"\" data-block=\"true\" data-editor=\"c18l2\" data-offset-key=\"dh17n-0-0\">\n<div class=\"_1mf _1mj\" data-offset-key=\"dh17n-0-0\"><span data-offset-key=\"dh17n-0-0\">Otatko vastaan kaukopuhelun? Toivon mukaan py\u00f6r\u00e4n renkaissa on riitt\u00e4v\u00e4sti ilmaa! Vahvasti Uuden-Seelannin humalointiin tukeutuva <strong>Ei Soitella Kotiin<\/strong> on prosentteihinsa n\u00e4hden helposti juotava India pale ale, jota menee helposti kulhollinen kuin hyv\u00e4\u00e4 juhlajuomaa suoraan suusta suuhun.<\/span><\/div>\n<\/div>\n<div class=\"\" data-block=\"true\" data-editor=\"c18l2\" data-offset-key=\"6cp0f-0-0\">\n<div class=\"_1mf _1mj\" data-offset-key=\"6cp0f-0-0\"><span data-offset-key=\"6cp0f-0-0\">\u00a0<\/span><\/div>\n<\/div>\n<div class=\"\" data-block=\"true\" data-editor=\"c18l2\" data-offset-key=\"7quuh-0-0\">\n<div class=\"_1mf _1mj\" data-offset-key=\"7quuh-0-0\"><span data-offset-key=\"7quuh-0-0\"><strong>Nectaronin<\/strong> persikkaiset ja ananaksiset ja sitruksiset aromit r\u00e4j\u00e4ht\u00e4v\u00e4t suussa kuin singolla r\u00e4j\u00e4ytett\u00e4v\u00e4 laidunel\u00e4in. <strong>Vic<\/strong> <strong>secret<\/strong> ja <strong>Eclipse<\/strong> lis\u00e4\u00e4v\u00e4t hedelm\u00e4iloittelua samalla kuin m\u00e4ntyiset katkerot leikkaavat kokonaisuutta kuin moottorisahalla tehty l\u00e4pileikkaus. <\/span><\/div>\n<\/div>\n<div class=\"\" data-block=\"true\" data-editor=\"c18l2\" data-offset-key=\"579o7-0-0\">\n<div class=\"_1mf _1mj\" data-offset-key=\"579o7-0-0\"><span data-offset-key=\"579o7-0-0\">\u00a0<\/span><\/div>\n<\/div>\n<div class=\"\" data-block=\"true\" data-editor=\"c18l2\" data-offset-key=\"c8p4c-0-0\">\n<div class=\"_1mf _1mj\" data-offset-key=\"c8p4c-0-0\"><span data-offset-key=\"c8p4c-0-0\">Hyv\u00e4ll\u00e4 maulla toteutettu olut saa olon tuntumaan suorastaan uudestaan syntyneeksi.<\/span><\/div>\n<\/div>\n<p><strong>5,65\u20ac\/0,44L (12,84\u20ac\/L) ei panttia<\/strong><\/p>\n<p>&nbsp;<\/p>\n<p>&nbsp;<\/p>","protected":false},"excerpt":{"rendered":"<p>Ei soitella kotiin 7,0% | India pale ale | Eclipse, Vic Secret, Nectaron Otatko vastaan kaukopuhelun? Toivon mukaan py\u00f6r\u00e4n renkaissa on riitt\u00e4v\u00e4sti ilmaa! Vahvasti Uuden-Seelannin humalointiin tukeutuva Ei Soitella Kotiin on prosentteihinsa n\u00e4hden helposti juotava India pale ale, jota menee helposti kulhollinen kuin hyv\u00e4\u00e4 juhlajuomaa suoraan suusta suuhun. \u00a0 Nectaronin persikkaiset ja ananaksiset ja sitruksiset &hellip; <\/p>\n<p class=\"link-more\"><a href=\"https:\/\/www.panimotuju.fi\/en\/product\/ei-soitella-kotiin-70\/\" class=\"more-link\">Read more<span class=\"screen-reader-text\"> &#8221;Ei soitella kotiin 7,0%&#8221;<\/span><\/a><\/p>","protected":false},"featured_media":19550,"template":"","meta":[],"product_brand":[],"product_cat":[50],"product_tag":[],"class_list":{"0":"post-19549","1":"product","2":"type-product","3":"status-publish","4":"has-post-thumbnail","6":"product_cat-tujun_tuotteet","8":"first","9":"instock","10":"taxable","11":"shipping-taxable","12":"purchasable","13":"product-type-simple"},"jetpack_sharing_enabled":true,"_links":{"self":[{"href":"https:\/\/www.panimotuju.fi\/en\/wp-json\/wp\/v2\/product\/19549","targetHints":{"allow":["GET"]}}],"collection":[{"href":"https:\/\/www.panimotuju.fi\/en\/wp-json\/wp\/v2\/product"}],"about":[{"href":"https:\/\/www.panimotuju.fi\/en\/wp-json\/wp\/v2\/types\/product"}],"wp:featuredmedia":[{"embeddable":true,"href":"https:\/\/www.panimotuju.fi\/en\/wp-json\/wp\/v2\/media\/19550"}],"wp:attachment":[{"href":"https:\/\/www.panimotuju.fi\/en\/wp-json\/wp\/v2\/media?parent=19549"}],"wp:term":[{"taxonomy":"product_brand","embeddable":true,"href":"https:\/\/www.panimotuju.fi\/en\/wp-json\/wp\/v2\/product_brand?post=19549"},{"taxonomy":"product_cat","embeddable":true,"href":"https:\/\/www.panimotuju.fi\/en\/wp-json\/wp\/v2\/product_cat?post=19549"},{"taxonomy":"product_tag","embeddable":true,"href":"https:\/\/www.panimotuju.fi\/en\/wp-json\/wp\/v2\/product_tag?post=19549"}],"curies":[{"name":"wp","href":"https:\/\/api.w.org\/{rel}","templated":true}]}}