{"id":19579,"date":"2025-12-18T12:24:15","date_gmt":"2025-12-18T10:24:15","guid":{"rendered":"https:\/\/www.panimotuju.fi\/?post_type=product&#038;p=19579"},"modified":"2026-03-31T12:59:51","modified_gmt":"2026-03-31T09:59:51","slug":"hyllie-bryggeri-parachutes-65","status":"publish","type":"product","link":"https:\/\/www.panimotuju.fi\/en\/product\/hyllie-bryggeri-parachutes-65\/","title":{"rendered":"Hyllie Bryggeri &#8211; Parachutes 6,5%"},"content":{"rendered":"<p><strong>Hyllie Bryggerin<\/strong> tarina alkoi vuonna 2015 Vintriess\u00e4, Malm\u00f6n l\u00e4hell\u00e4. Alussa Michael kokeili oluen valmistusta autotallissa, mutta 2019 Erik liittyi tiimiin ja panimo alkoi kasvaa. Vuonna 2020 Johanista tuli p\u00e4\u00e4panija ja toiminta siirtyi uuteen tilaan Malm\u00f6n syd\u00e4mess\u00e4 vuonna 2021. Nyky\u00e4\u00e4n Hyllie Bryggeri tuottaa noin 250 000 litraa olutta vuodessa ja on Malm\u00f6n suurin panimo sek\u00e4 yksi Etel\u00e4-Ruotsin merkitt\u00e4vimmist\u00e4 panimoista. Olutta myyd\u00e4\u00e4n ymp\u00e4ri Ruotsia ja Eurooppaa. Hyllie Bryggeri on itsen\u00e4inen k\u00e4sity\u00f6l\u00e4ispanimo, joka panostaa laatuun ja luovuuteen. Panimo k\u00e4ytt\u00e4\u00e4 vain parhaita raaka-aineita ja pyrkii luomaan yhteis\u00f6llisyytt\u00e4 oluen ymp\u00e4rille. Hyllie on erityisesti tunnettu laadukkaista k\u00e4sity\u00f6lagereistaan.<\/p>\n<p><strong>Parachutes 6,5%: <\/strong>Parachutes on hedelm\u00e4inen ja mehev\u00e4 Hazy IPA, jonka trooppiset humaluaromit tuovat mieleen mangoa, passionhedelm\u00e4\u00e4 ja ananasta.<\/p>\n<p><strong><span style=\"text-decoration: line-through;\">6,05\u20ac \/ 0,33L (18,33\u20ac\/L)<\/span><\/strong><\/p>\n<p><strong>ALENNETTU HINTA 4,00\u20ac \/ 0,33L (12,12\u20ac\/L)<\/strong><\/p>","protected":false},"excerpt":{"rendered":"<p>Hyllie Bryggerin tarina alkoi vuonna 2015 Vintriess\u00e4, Malm\u00f6n l\u00e4hell\u00e4. Alussa Michael kokeili oluen valmistusta autotallissa, mutta 2019 Erik liittyi tiimiin ja panimo alkoi kasvaa. Vuonna 2020 Johanista tuli p\u00e4\u00e4panija ja toiminta siirtyi uuteen tilaan Malm\u00f6n syd\u00e4mess\u00e4 vuonna 2021. Nyky\u00e4\u00e4n Hyllie Bryggeri tuottaa noin 250 000 litraa olutta vuodessa ja on Malm\u00f6n suurin panimo sek\u00e4 yksi &hellip; <\/p>\n<p class=\"link-more\"><a href=\"https:\/\/www.panimotuju.fi\/en\/product\/hyllie-bryggeri-parachutes-65\/\" class=\"more-link\">Read more<span class=\"screen-reader-text\"> &#8221;Hyllie Bryggeri &#8211; Parachutes 6,5%&#8221;<\/span><\/a><\/p>","protected":false},"featured_media":19580,"template":"","meta":[],"product_brand":[],"product_cat":[62],"product_tag":[],"class_list":{"0":"post-19579","1":"product","2":"type-product","3":"status-publish","4":"has-post-thumbnail","6":"product_cat-vieras","8":"first","9":"outofstock","10":"taxable","11":"shipping-taxable","12":"purchasable","13":"product-type-simple"},"jetpack_sharing_enabled":true,"_links":{"self":[{"href":"https:\/\/www.panimotuju.fi\/en\/wp-json\/wp\/v2\/product\/19579","targetHints":{"allow":["GET"]}}],"collection":[{"href":"https:\/\/www.panimotuju.fi\/en\/wp-json\/wp\/v2\/product"}],"about":[{"href":"https:\/\/www.panimotuju.fi\/en\/wp-json\/wp\/v2\/types\/product"}],"wp:featuredmedia":[{"embeddable":true,"href":"https:\/\/www.panimotuju.fi\/en\/wp-json\/wp\/v2\/media\/19580"}],"wp:attachment":[{"href":"https:\/\/www.panimotuju.fi\/en\/wp-json\/wp\/v2\/media?parent=19579"}],"wp:term":[{"taxonomy":"product_brand","embeddable":true,"href":"https:\/\/www.panimotuju.fi\/en\/wp-json\/wp\/v2\/product_brand?post=19579"},{"taxonomy":"product_cat","embeddable":true,"href":"https:\/\/www.panimotuju.fi\/en\/wp-json\/wp\/v2\/product_cat?post=19579"},{"taxonomy":"product_tag","embeddable":true,"href":"https:\/\/www.panimotuju.fi\/en\/wp-json\/wp\/v2\/product_tag?post=19579"}],"curies":[{"name":"wp","href":"https:\/\/api.w.org\/{rel}","templated":true}]}}