{"id":19583,"date":"2025-12-18T13:07:35","date_gmt":"2025-12-18T11:07:35","guid":{"rendered":"https:\/\/www.panimotuju.fi\/?post_type=product&#038;p=19583"},"modified":"2026-04-05T16:31:31","modified_gmt":"2026-04-05T13:31:31","slug":"mysteeri-50","status":"publish","type":"product","link":"https:\/\/www.panimotuju.fi\/en\/product\/mysteeri-50\/","title":{"rendered":"Mysteeri 5,0% (Gluteeniton)"},"content":{"rendered":"<p><strong>Mysteeri 5,0% | Gluten-Free American Pale Ale | Citra, Simcoe, Cascade<\/strong><\/p>\n<p><span style=\"font-weight: 400;\">Kuka on vaalea, mutta kukertelee y\u00f6ss\u00e4? Ken liitelee goottikaupunkien kaduilla? Kyseess\u00e4 on aromaattinen arvoitus ja todellinen h\u00f6yhenpeitteinen h\u00e4mment\u00e4j\u00e4.<\/span><\/p>\n<p><span style=\"font-weight: 400;\">Arvuutteleva teeremme lehahtaa esiin, pussissaan viehkoimmat humalat, jotka k\u00e4tkev\u00e4t koukuttavan seikkailun pale alen muodossa.<\/span><\/p>\n<p><span style=\"font-weight: 400;\">Humalakolmikkona <strong>Citra, Simcoe ja Cascade<\/strong> aiheuttavat jopa nahkasiipisiss\u00e4 kostajissa h\u00e4mmennyst\u00e4: pimeiden kujien k\u00e4tk\u00f6ist\u00e4 paljastuu kirkasta ja raikasta sitrusta, puraisevaa greippisyytt\u00e4, mehukasta hedelm\u00e4\u00e4, vihre\u00e4\u00e4 havumaisuutta sek\u00e4 hienostuneen parfyymim\u00e4ist\u00e4 vivahdetta.<\/span><\/p>\n<p><span style=\"font-weight: 400;\">Rikoksen j\u00e4ljilt\u00e4 lasissa j\u00e4\u00e4 pitk\u00e4kestoinen aromi, joka kuitenkin j\u00e4tt\u00e4\u00e4 kostajan kurkkuun sopivasti katkeruutta.<\/span><\/p>\n<p>Nyt gluteeniton.<\/p>\n<p><strong>4,80\u20ac \/ 0,44L tlk (10,91\u20ac\/L) + 0,15\u20ac pantti<\/strong><\/p>\n<p>&nbsp;<\/p>","protected":false},"excerpt":{"rendered":"<p>Mysteeri 5,0% | Gluten-Free American Pale Ale | Citra, Simcoe, Cascade Kuka on vaalea, mutta kukertelee y\u00f6ss\u00e4? Ken liitelee goottikaupunkien kaduilla? Kyseess\u00e4 on aromaattinen arvoitus ja todellinen h\u00f6yhenpeitteinen h\u00e4mment\u00e4j\u00e4. Arvuutteleva teeremme lehahtaa esiin, pussissaan viehkoimmat humalat, jotka k\u00e4tkev\u00e4t koukuttavan seikkailun pale alen muodossa. Humalakolmikkona Citra, Simcoe ja Cascade aiheuttavat jopa nahkasiipisiss\u00e4 kostajissa h\u00e4mmennyst\u00e4: pimeiden kujien &hellip; <\/p>\n<p class=\"link-more\"><a href=\"https:\/\/www.panimotuju.fi\/en\/product\/mysteeri-50\/\" class=\"more-link\">Read more<span class=\"screen-reader-text\"> &#8221;Mysteeri 5,0% (Gluteeniton)&#8221;<\/span><\/a><\/p>","protected":false},"featured_media":19584,"template":"","meta":[],"product_brand":[],"product_cat":[50],"product_tag":[],"class_list":{"0":"post-19583","1":"product","2":"type-product","3":"status-publish","4":"has-post-thumbnail","6":"product_cat-tujun_tuotteet","8":"first","9":"instock","10":"taxable","11":"shipping-taxable","12":"purchasable","13":"product-type-simple"},"jetpack_sharing_enabled":true,"_links":{"self":[{"href":"https:\/\/www.panimotuju.fi\/en\/wp-json\/wp\/v2\/product\/19583","targetHints":{"allow":["GET"]}}],"collection":[{"href":"https:\/\/www.panimotuju.fi\/en\/wp-json\/wp\/v2\/product"}],"about":[{"href":"https:\/\/www.panimotuju.fi\/en\/wp-json\/wp\/v2\/types\/product"}],"wp:featuredmedia":[{"embeddable":true,"href":"https:\/\/www.panimotuju.fi\/en\/wp-json\/wp\/v2\/media\/19584"}],"wp:attachment":[{"href":"https:\/\/www.panimotuju.fi\/en\/wp-json\/wp\/v2\/media?parent=19583"}],"wp:term":[{"taxonomy":"product_brand","embeddable":true,"href":"https:\/\/www.panimotuju.fi\/en\/wp-json\/wp\/v2\/product_brand?post=19583"},{"taxonomy":"product_cat","embeddable":true,"href":"https:\/\/www.panimotuju.fi\/en\/wp-json\/wp\/v2\/product_cat?post=19583"},{"taxonomy":"product_tag","embeddable":true,"href":"https:\/\/www.panimotuju.fi\/en\/wp-json\/wp\/v2\/product_tag?post=19583"}],"curies":[{"name":"wp","href":"https:\/\/api.w.org\/{rel}","templated":true}]}}