{"id":19634,"date":"2025-12-30T11:31:53","date_gmt":"2025-12-30T09:31:53","guid":{"rendered":"https:\/\/www.panimotuju.fi\/?post_type=product&#038;p=19634"},"modified":"2026-04-30T16:28:30","modified_gmt":"2026-04-30T13:28:30","slug":"apex-brewing-co-swe-flux-45","status":"publish","type":"product","link":"https:\/\/www.panimotuju.fi\/en\/product\/apex-brewing-co-swe-flux-45\/","title":{"rendered":"Apex Brewing Co. (SWE) &#8211; Flux 4,5%"},"content":{"rendered":"<p><strong>Apex Brewing Company<\/strong> on todellinen micro-panimo Ruotsin \u00d6rebrosta. Kahden miehen panimo tuottaa olutta maltillisella kapasiteetilla keskittyen syviin makumaailmoihin ja rohkeaan humalakikkailuun. T\u00e4m\u00e4n panimon portfolio koostuukin mit\u00e4 mehukkaimmista IPA-oluista ja sen eri variaatioista.<\/p>\n<p><strong>Flux 4,5% | Pale Ale:<\/strong> Samea pale ale, jonka mallaspohjassa Extra Pale Ale ja Torrefied Oat sek\u00e4 aavistus vehn\u00e4\u00e4. Humalina Citra ja Mosaic.<\/p>\n<p><strong>5,90\u20ac \/0,44L (13,41\u20ac\/L)<\/strong><\/p>","protected":false},"excerpt":{"rendered":"<p>Apex Brewing Company on todellinen micro-panimo Ruotsin \u00d6rebrosta. Kahden miehen panimo tuottaa olutta maltillisella kapasiteetilla keskittyen syviin makumaailmoihin ja rohkeaan humalakikkailuun. T\u00e4m\u00e4n panimon portfolio koostuukin mit\u00e4 mehukkaimmista IPA-oluista ja sen eri variaatioista. Flux 4,5% | Pale Ale: Samea pale ale, jonka mallaspohjassa Extra Pale Ale ja Torrefied Oat sek\u00e4 aavistus vehn\u00e4\u00e4. Humalina Citra ja Mosaic. &hellip; <\/p>\n<p class=\"link-more\"><a href=\"https:\/\/www.panimotuju.fi\/en\/product\/apex-brewing-co-swe-flux-45\/\" class=\"more-link\">Read more<span class=\"screen-reader-text\"> &#8221;Apex Brewing Co. (SWE) &#8211; Flux 4,5%&#8221;<\/span><\/a><\/p>","protected":false},"featured_media":19654,"template":"","meta":[],"product_brand":[],"product_cat":[62],"product_tag":[],"class_list":{"0":"post-19634","1":"product","2":"type-product","3":"status-publish","4":"has-post-thumbnail","6":"product_cat-vieras","8":"first","9":"instock","10":"taxable","11":"shipping-taxable","12":"purchasable","13":"product-type-simple"},"jetpack_sharing_enabled":true,"_links":{"self":[{"href":"https:\/\/www.panimotuju.fi\/en\/wp-json\/wp\/v2\/product\/19634","targetHints":{"allow":["GET"]}}],"collection":[{"href":"https:\/\/www.panimotuju.fi\/en\/wp-json\/wp\/v2\/product"}],"about":[{"href":"https:\/\/www.panimotuju.fi\/en\/wp-json\/wp\/v2\/types\/product"}],"wp:featuredmedia":[{"embeddable":true,"href":"https:\/\/www.panimotuju.fi\/en\/wp-json\/wp\/v2\/media\/19654"}],"wp:attachment":[{"href":"https:\/\/www.panimotuju.fi\/en\/wp-json\/wp\/v2\/media?parent=19634"}],"wp:term":[{"taxonomy":"product_brand","embeddable":true,"href":"https:\/\/www.panimotuju.fi\/en\/wp-json\/wp\/v2\/product_brand?post=19634"},{"taxonomy":"product_cat","embeddable":true,"href":"https:\/\/www.panimotuju.fi\/en\/wp-json\/wp\/v2\/product_cat?post=19634"},{"taxonomy":"product_tag","embeddable":true,"href":"https:\/\/www.panimotuju.fi\/en\/wp-json\/wp\/v2\/product_tag?post=19634"}],"curies":[{"name":"wp","href":"https:\/\/api.w.org\/{rel}","templated":true}]}}