{"id":19635,"date":"2025-12-30T11:36:02","date_gmt":"2025-12-30T09:36:02","guid":{"rendered":"https:\/\/www.panimotuju.fi\/?post_type=product&#038;p=19635"},"modified":"2026-05-05T19:31:06","modified_gmt":"2026-05-05T16:31:06","slug":"apex-brewing-co-swe-single-hop-ipa-65","status":"publish","type":"product","link":"https:\/\/www.panimotuju.fi\/en\/product\/apex-brewing-co-swe-single-hop-ipa-65\/","title":{"rendered":"Apex Brewing Co. (SWE) &#8211; Single Hop IPA 6,5%"},"content":{"rendered":"<p><strong>Apex Brewing Company<\/strong> on todellinen micro-panimo Ruotsin \u00d6rebrosta. Kahden miehen panimo tuottaa olutta maltillisella kapasiteetilla keskittyen syviin makumaailmoihin ja rohkeaan humalakikkailuun. T\u00e4m\u00e4n panimon portfolio koostuukin mit\u00e4 mehukkaimmista IPA-oluista ja sen eri variaatioista.<\/p>\n<p><strong>Single Hop IPA 6,5% | Citra:<\/strong> Citra Single Hop IPA, jossa maltaana Maris Otter Extra Pale, Dextrin ja Torrefied Oats. Brittil\u00e4iset hiivat boostavaat Citran mehuisia aromeita.<\/p>\n<p><strong>7,20\u20ac \/0,44L (16,36\u20ac\/L)<\/strong><\/p>","protected":false},"excerpt":{"rendered":"<p>Apex Brewing Company on todellinen micro-panimo Ruotsin \u00d6rebrosta. Kahden miehen panimo tuottaa olutta maltillisella kapasiteetilla keskittyen syviin makumaailmoihin ja rohkeaan humalakikkailuun. T\u00e4m\u00e4n panimon portfolio koostuukin mit\u00e4 mehukkaimmista IPA-oluista ja sen eri variaatioista. Single Hop IPA 6,5% | Citra: Citra Single Hop IPA, jossa maltaana Maris Otter Extra Pale, Dextrin ja Torrefied Oats. Brittil\u00e4iset hiivat boostavaat &hellip; <\/p>\n<p class=\"link-more\"><a href=\"https:\/\/www.panimotuju.fi\/en\/product\/apex-brewing-co-swe-single-hop-ipa-65\/\" class=\"more-link\">Read more<span class=\"screen-reader-text\"> &#8221;Apex Brewing Co. (SWE) &#8211; Single Hop IPA 6,5%&#8221;<\/span><\/a><\/p>","protected":false},"featured_media":19656,"template":"","meta":[],"product_brand":[],"product_cat":[62],"product_tag":[],"class_list":{"0":"post-19635","1":"product","2":"type-product","3":"status-publish","4":"has-post-thumbnail","6":"product_cat-vieras","8":"first","9":"instock","10":"taxable","11":"shipping-taxable","12":"purchasable","13":"product-type-simple"},"jetpack_sharing_enabled":true,"_links":{"self":[{"href":"https:\/\/www.panimotuju.fi\/en\/wp-json\/wp\/v2\/product\/19635","targetHints":{"allow":["GET"]}}],"collection":[{"href":"https:\/\/www.panimotuju.fi\/en\/wp-json\/wp\/v2\/product"}],"about":[{"href":"https:\/\/www.panimotuju.fi\/en\/wp-json\/wp\/v2\/types\/product"}],"wp:featuredmedia":[{"embeddable":true,"href":"https:\/\/www.panimotuju.fi\/en\/wp-json\/wp\/v2\/media\/19656"}],"wp:attachment":[{"href":"https:\/\/www.panimotuju.fi\/en\/wp-json\/wp\/v2\/media?parent=19635"}],"wp:term":[{"taxonomy":"product_brand","embeddable":true,"href":"https:\/\/www.panimotuju.fi\/en\/wp-json\/wp\/v2\/product_brand?post=19635"},{"taxonomy":"product_cat","embeddable":true,"href":"https:\/\/www.panimotuju.fi\/en\/wp-json\/wp\/v2\/product_cat?post=19635"},{"taxonomy":"product_tag","embeddable":true,"href":"https:\/\/www.panimotuju.fi\/en\/wp-json\/wp\/v2\/product_tag?post=19635"}],"curies":[{"name":"wp","href":"https:\/\/api.w.org\/{rel}","templated":true}]}}