{"id":19686,"date":"2026-01-08T10:12:09","date_gmt":"2026-01-08T08:12:09","guid":{"rendered":"https:\/\/www.panimotuju.fi\/?post_type=product&#038;p=19686"},"modified":"2026-05-01T20:22:48","modified_gmt":"2026-05-01T17:22:48","slug":"clandestin-ro-tom-bruise-65","status":"publish","type":"product","link":"https:\/\/www.panimotuju.fi\/en\/product\/clandestin-ro-tom-bruise-65\/","title":{"rendered":"Clandestin (RO) &#8211; Tom Bruise 6,5%"},"content":{"rendered":"<p><strong>Clandestin<\/strong> on romanialainen k\u00e4sity\u00f6panimo, joka syntyi intohimosta rehelliseen ja yhteis\u00f6lliseen oluenvalmistukseen. Heid\u00e4n oluensa heijastavat vapautta, aitoutta ja yst\u00e4vyytt\u00e4 \u2013 jokainen er\u00e4 on tehty rakkaudesta lajiin, ei massatuotantoon. Clandestin uskoo siihen, ett\u00e4 hyv\u00e4 olut syntyy yhdess\u00e4 ja nautitaan yhdess\u00e4.<\/p>\n<p><b>Tom Bruise 6,5% | DDH PINK NEIPA: <\/b>Hibiscuksella maustettu NEIPA, jossa kauniin punertava v\u00e4ri. Humaline Barbe Rouge ja Huell Melon.<\/p>\n<p><strong>8,50\u20ac \/ 0,5L (17,00\u20ac\/L)<\/strong><\/p>","protected":false},"excerpt":{"rendered":"<p>Clandestin on romanialainen k\u00e4sity\u00f6panimo, joka syntyi intohimosta rehelliseen ja yhteis\u00f6lliseen oluenvalmistukseen. Heid\u00e4n oluensa heijastavat vapautta, aitoutta ja yst\u00e4vyytt\u00e4 \u2013 jokainen er\u00e4 on tehty rakkaudesta lajiin, ei massatuotantoon. Clandestin uskoo siihen, ett\u00e4 hyv\u00e4 olut syntyy yhdess\u00e4 ja nautitaan yhdess\u00e4. Tom Bruise 6,5% | DDH PINK NEIPA: Hibiscuksella maustettu NEIPA, jossa kauniin punertava v\u00e4ri. Humaline Barbe Rouge &hellip; <\/p>\n<p class=\"link-more\"><a href=\"https:\/\/www.panimotuju.fi\/en\/product\/clandestin-ro-tom-bruise-65\/\" class=\"more-link\">Read more<span class=\"screen-reader-text\"> &#8221;Clandestin (RO) &#8211; Tom Bruise 6,5%&#8221;<\/span><\/a><\/p>","protected":false},"featured_media":20004,"template":"","meta":[],"product_brand":[],"product_cat":[62],"product_tag":[],"class_list":{"0":"post-19686","1":"product","2":"type-product","3":"status-publish","4":"has-post-thumbnail","6":"product_cat-vieras","8":"first","9":"instock","10":"taxable","11":"shipping-taxable","12":"purchasable","13":"product-type-simple"},"jetpack_sharing_enabled":true,"_links":{"self":[{"href":"https:\/\/www.panimotuju.fi\/en\/wp-json\/wp\/v2\/product\/19686","targetHints":{"allow":["GET"]}}],"collection":[{"href":"https:\/\/www.panimotuju.fi\/en\/wp-json\/wp\/v2\/product"}],"about":[{"href":"https:\/\/www.panimotuju.fi\/en\/wp-json\/wp\/v2\/types\/product"}],"wp:featuredmedia":[{"embeddable":true,"href":"https:\/\/www.panimotuju.fi\/en\/wp-json\/wp\/v2\/media\/20004"}],"wp:attachment":[{"href":"https:\/\/www.panimotuju.fi\/en\/wp-json\/wp\/v2\/media?parent=19686"}],"wp:term":[{"taxonomy":"product_brand","embeddable":true,"href":"https:\/\/www.panimotuju.fi\/en\/wp-json\/wp\/v2\/product_brand?post=19686"},{"taxonomy":"product_cat","embeddable":true,"href":"https:\/\/www.panimotuju.fi\/en\/wp-json\/wp\/v2\/product_cat?post=19686"},{"taxonomy":"product_tag","embeddable":true,"href":"https:\/\/www.panimotuju.fi\/en\/wp-json\/wp\/v2\/product_tag?post=19686"}],"curies":[{"name":"wp","href":"https:\/\/api.w.org\/{rel}","templated":true}]}}