{"id":19688,"date":"2026-01-08T12:41:40","date_gmt":"2026-01-08T10:41:40","guid":{"rendered":"https:\/\/www.panimotuju.fi\/?post_type=product&#038;p=19688"},"modified":"2026-04-24T15:58:02","modified_gmt":"2026-04-24T12:58:02","slug":"clandestin-ro-gioia-65","status":"publish","type":"product","link":"https:\/\/www.panimotuju.fi\/en\/product\/clandestin-ro-gioia-65\/","title":{"rendered":"Clandestin (RO) &#8211; Gioia 6,5%"},"content":{"rendered":"<p><strong>Clandestin<\/strong> on romanialainen k\u00e4sity\u00f6panimo, joka syntyi intohimosta rehelliseen ja yhteis\u00f6lliseen oluenvalmistukseen. Heid\u00e4n oluensa heijastavat vapautta, aitoutta ja yst\u00e4vyytt\u00e4 \u2013 jokainen er\u00e4 on tehty rakkaudesta lajiin, ei massatuotantoon. Clandestin uskoo siihen, ett\u00e4 hyv\u00e4 olut syntyy yhdess\u00e4 ja nautitaan yhdess\u00e4.<\/p>\n<p><b>Gioia 6,5% | Saison: <\/b>Kvittenill\u00e4 ja viiniryp\u00e4leell\u00e4 maustettu saison.<\/p>\n<p><strong>8,00\u20ac \/ 0,5L (16,00\u20ac\/L)<\/strong><\/p>","protected":false},"excerpt":{"rendered":"<p>Clandestin on romanialainen k\u00e4sity\u00f6panimo, joka syntyi intohimosta rehelliseen ja yhteis\u00f6lliseen oluenvalmistukseen. Heid\u00e4n oluensa heijastavat vapautta, aitoutta ja yst\u00e4vyytt\u00e4 \u2013 jokainen er\u00e4 on tehty rakkaudesta lajiin, ei massatuotantoon. Clandestin uskoo siihen, ett\u00e4 hyv\u00e4 olut syntyy yhdess\u00e4 ja nautitaan yhdess\u00e4. Gioia 6,5% | Saison: Kvittenill\u00e4 ja viiniryp\u00e4leell\u00e4 maustettu saison. 8,00\u20ac \/ 0,5L (16,00\u20ac\/L)<\/p>","protected":false},"featured_media":20005,"template":"","meta":[],"product_brand":[],"product_cat":[62],"product_tag":[],"class_list":{"0":"post-19688","1":"product","2":"type-product","3":"status-publish","4":"has-post-thumbnail","6":"product_cat-vieras","8":"first","9":"instock","10":"taxable","11":"shipping-taxable","12":"purchasable","13":"product-type-simple"},"jetpack_sharing_enabled":true,"_links":{"self":[{"href":"https:\/\/www.panimotuju.fi\/en\/wp-json\/wp\/v2\/product\/19688","targetHints":{"allow":["GET"]}}],"collection":[{"href":"https:\/\/www.panimotuju.fi\/en\/wp-json\/wp\/v2\/product"}],"about":[{"href":"https:\/\/www.panimotuju.fi\/en\/wp-json\/wp\/v2\/types\/product"}],"wp:featuredmedia":[{"embeddable":true,"href":"https:\/\/www.panimotuju.fi\/en\/wp-json\/wp\/v2\/media\/20005"}],"wp:attachment":[{"href":"https:\/\/www.panimotuju.fi\/en\/wp-json\/wp\/v2\/media?parent=19688"}],"wp:term":[{"taxonomy":"product_brand","embeddable":true,"href":"https:\/\/www.panimotuju.fi\/en\/wp-json\/wp\/v2\/product_brand?post=19688"},{"taxonomy":"product_cat","embeddable":true,"href":"https:\/\/www.panimotuju.fi\/en\/wp-json\/wp\/v2\/product_cat?post=19688"},{"taxonomy":"product_tag","embeddable":true,"href":"https:\/\/www.panimotuju.fi\/en\/wp-json\/wp\/v2\/product_tag?post=19688"}],"curies":[{"name":"wp","href":"https:\/\/api.w.org\/{rel}","templated":true}]}}