{"id":19689,"date":"2026-01-08T12:44:00","date_gmt":"2026-01-08T10:44:00","guid":{"rendered":"https:\/\/www.panimotuju.fi\/?post_type=product&#038;p=19689"},"modified":"2026-05-01T20:22:49","modified_gmt":"2026-05-01T17:22:49","slug":"clandestin-ro-alien-vs-popeye-80","status":"publish","type":"product","link":"https:\/\/www.panimotuju.fi\/en\/product\/clandestin-ro-alien-vs-popeye-80\/","title":{"rendered":"Clandestin (RO) &#8211; Alien vs. Popeye 8,0%"},"content":{"rendered":"<p><strong>Clandestin<\/strong> on romanialainen k\u00e4sity\u00f6panimo, joka syntyi intohimosta rehelliseen ja yhteis\u00f6lliseen oluenvalmistukseen. Heid\u00e4n oluensa heijastavat vapautta, aitoutta ja yst\u00e4vyytt\u00e4 \u2013 jokainen er\u00e4 on tehty rakkaudesta lajiin, ei massatuotantoon. Clandestin uskoo siihen, ett\u00e4 hyv\u00e4 olut syntyy yhdess\u00e4 ja nautitaan yhdess\u00e4.<\/p>\n<p><b>Alien vs. Popeye 8,0% | DDH NEDIPA:\u00a0<\/b>Humalina Dolcita, Motueka, Talus ja Citra.<\/p>\n<p><strong>8,80\u20ac \/ 0,5L (17,60\u20ac\/L)<\/strong><\/p>","protected":false},"excerpt":{"rendered":"<p>Clandestin on romanialainen k\u00e4sity\u00f6panimo, joka syntyi intohimosta rehelliseen ja yhteis\u00f6lliseen oluenvalmistukseen. Heid\u00e4n oluensa heijastavat vapautta, aitoutta ja yst\u00e4vyytt\u00e4 \u2013 jokainen er\u00e4 on tehty rakkaudesta lajiin, ei massatuotantoon. Clandestin uskoo siihen, ett\u00e4 hyv\u00e4 olut syntyy yhdess\u00e4 ja nautitaan yhdess\u00e4. Alien vs. Popeye 8,0% | DDH NEDIPA:\u00a0Humalina Dolcita, Motueka, Talus ja Citra. 8,80\u20ac \/ 0,5L (17,60\u20ac\/L)<\/p>","protected":false},"featured_media":20003,"template":"","meta":[],"product_brand":[],"product_cat":[62],"product_tag":[],"class_list":{"0":"post-19689","1":"product","2":"type-product","3":"status-publish","4":"has-post-thumbnail","6":"product_cat-vieras","8":"first","9":"instock","10":"taxable","11":"shipping-taxable","12":"purchasable","13":"product-type-simple"},"jetpack_sharing_enabled":true,"_links":{"self":[{"href":"https:\/\/www.panimotuju.fi\/en\/wp-json\/wp\/v2\/product\/19689","targetHints":{"allow":["GET"]}}],"collection":[{"href":"https:\/\/www.panimotuju.fi\/en\/wp-json\/wp\/v2\/product"}],"about":[{"href":"https:\/\/www.panimotuju.fi\/en\/wp-json\/wp\/v2\/types\/product"}],"wp:featuredmedia":[{"embeddable":true,"href":"https:\/\/www.panimotuju.fi\/en\/wp-json\/wp\/v2\/media\/20003"}],"wp:attachment":[{"href":"https:\/\/www.panimotuju.fi\/en\/wp-json\/wp\/v2\/media?parent=19689"}],"wp:term":[{"taxonomy":"product_brand","embeddable":true,"href":"https:\/\/www.panimotuju.fi\/en\/wp-json\/wp\/v2\/product_brand?post=19689"},{"taxonomy":"product_cat","embeddable":true,"href":"https:\/\/www.panimotuju.fi\/en\/wp-json\/wp\/v2\/product_cat?post=19689"},{"taxonomy":"product_tag","embeddable":true,"href":"https:\/\/www.panimotuju.fi\/en\/wp-json\/wp\/v2\/product_tag?post=19689"}],"curies":[{"name":"wp","href":"https:\/\/api.w.org\/{rel}","templated":true}]}}