{"id":19692,"date":"2026-01-08T13:39:42","date_gmt":"2026-01-08T11:39:42","guid":{"rendered":"https:\/\/www.panimotuju.fi\/?post_type=product&#038;p=19692"},"modified":"2026-04-30T18:28:10","modified_gmt":"2026-04-30T15:28:10","slug":"ten-hands-swe-donut-universe-70","status":"publish","type":"product","link":"https:\/\/www.panimotuju.fi\/en\/product\/ten-hands-swe-donut-universe-70\/","title":{"rendered":"Ten Hands (SWE) &#8211; Donut Universe 7,0%"},"content":{"rendered":"<p>Vuonna 2018 perustettu <strong>Ten Hands<\/strong> sijaitsee Karlstadissa, Ruotsissa, Ruotsin suurimman j\u00e4rven pohjoisimmassa osassa. Kyseess\u00e4 on viiden kaveruksen perustama panimo, joka syntyi kiinnostuksesta yhteiseen k\u00e4sity\u00f6olueesen ja rakkaudesta omaan yhteis\u00f6\u00f6ns\u00e4. T\u00e4st\u00e4 syntyi br\u00e4ndi, joka tuottaa oluita joita he itse rakastavat ja haluavat jakaa t\u00e4t\u00e4 iloa muiden kanssa. Viiden hengen tiimi ty\u00f6skentelee tiiviisti yhdess\u00e4 ja t\u00e4st\u00e4 nimikin juontuu.<\/p>\n<p><strong>Donut Universe 7,0% | DDH Hazy IPA<\/strong>:<\/p>\n<p><strong>8,30\u20ac \/ 0,44L (18,86\u20ac\/L)<\/strong><\/p>\n<p>&nbsp;<\/p>\n<p>&nbsp;<\/p>\n<p>&nbsp;<\/p>\n<p>&nbsp;<\/p>\n<p>&nbsp;<\/p>\n<p>&nbsp;<\/p>\n<p>&nbsp;<\/p>","protected":false},"excerpt":{"rendered":"<p>Vuonna 2018 perustettu Ten Hands sijaitsee Karlstadissa, Ruotsissa, Ruotsin suurimman j\u00e4rven pohjoisimmassa osassa. Kyseess\u00e4 on viiden kaveruksen perustama panimo, joka syntyi kiinnostuksesta yhteiseen k\u00e4sity\u00f6olueesen ja rakkaudesta omaan yhteis\u00f6\u00f6ns\u00e4. T\u00e4st\u00e4 syntyi br\u00e4ndi, joka tuottaa oluita joita he itse rakastavat ja haluavat jakaa t\u00e4t\u00e4 iloa muiden kanssa. Viiden hengen tiimi ty\u00f6skentelee tiiviisti yhdess\u00e4 ja t\u00e4st\u00e4 nimikin juontuu. &hellip; <\/p>\n<p class=\"link-more\"><a href=\"https:\/\/www.panimotuju.fi\/en\/product\/ten-hands-swe-donut-universe-70\/\" class=\"more-link\">Read more<span class=\"screen-reader-text\"> &#8221;Ten Hands (SWE) &#8211; Donut Universe 7,0%&#8221;<\/span><\/a><\/p>","protected":false},"featured_media":20013,"template":"","meta":[],"product_brand":[],"product_cat":[62],"product_tag":[],"class_list":{"0":"post-19692","1":"product","2":"type-product","3":"status-publish","4":"has-post-thumbnail","6":"product_cat-vieras","8":"first","9":"instock","10":"taxable","11":"shipping-taxable","12":"purchasable","13":"product-type-simple"},"jetpack_sharing_enabled":true,"_links":{"self":[{"href":"https:\/\/www.panimotuju.fi\/en\/wp-json\/wp\/v2\/product\/19692","targetHints":{"allow":["GET"]}}],"collection":[{"href":"https:\/\/www.panimotuju.fi\/en\/wp-json\/wp\/v2\/product"}],"about":[{"href":"https:\/\/www.panimotuju.fi\/en\/wp-json\/wp\/v2\/types\/product"}],"wp:featuredmedia":[{"embeddable":true,"href":"https:\/\/www.panimotuju.fi\/en\/wp-json\/wp\/v2\/media\/20013"}],"wp:attachment":[{"href":"https:\/\/www.panimotuju.fi\/en\/wp-json\/wp\/v2\/media?parent=19692"}],"wp:term":[{"taxonomy":"product_brand","embeddable":true,"href":"https:\/\/www.panimotuju.fi\/en\/wp-json\/wp\/v2\/product_brand?post=19692"},{"taxonomy":"product_cat","embeddable":true,"href":"https:\/\/www.panimotuju.fi\/en\/wp-json\/wp\/v2\/product_cat?post=19692"},{"taxonomy":"product_tag","embeddable":true,"href":"https:\/\/www.panimotuju.fi\/en\/wp-json\/wp\/v2\/product_tag?post=19692"}],"curies":[{"name":"wp","href":"https:\/\/api.w.org\/{rel}","templated":true}]}}