{"id":19694,"date":"2026-01-08T13:45:04","date_gmt":"2026-01-08T11:45:04","guid":{"rendered":"https:\/\/www.panimotuju.fi\/?post_type=product&#038;p=19694"},"modified":"2026-04-10T17:25:47","modified_gmt":"2026-04-10T14:25:47","slug":"shapesobjects-swe-citra-supreme-61","status":"publish","type":"product","link":"https:\/\/www.panimotuju.fi\/en\/product\/shapesobjects-swe-citra-supreme-61\/","title":{"rendered":"Shapes&#038;Objects (SWE) &#8211; Citra Supreme 6,1%"},"content":{"rendered":"<p><strong>Shapes&amp;Objects<\/strong> on ruotsalainen pienpanimo, joka yhdist\u00e4\u00e4 oluenvalmistuksen taiteen ja modernin muotoilun. Heid\u00e4n oluensa syntyv\u00e4t intohimosta kokeilla uutta ja rikkoa rajoja \u2013 lopputuloksena rohkeita makuja, yll\u00e4tyksellisi\u00e4 tyylej\u00e4 ja visuaalisesti n\u00e4ytt\u00e4vi\u00e4 kokonaisuuksia. Shapes&amp;Objects ei tee vain olutta, vaan kokonaisia el\u00e4myksi\u00e4, jotka puhuttelevat sek\u00e4 makuhermoja ett\u00e4 silm\u00e4\u00e4.<\/p>\n<p><b>Citra Supreme 6,1% | DDH Hazy IPA: <\/b>Citra Single Hop IPA, jossa t\u00e4m\u00e4n rakastetun humalan kaikki aromit p\u00e4\u00e4sev\u00e4t oikeuksiinsa.<\/p>\n<p><strong>7,40\u20ac \/ 0,44L (16,82\u20ac\/L)<\/strong><\/p>","protected":false},"excerpt":{"rendered":"<p>Shapes&amp;Objects on ruotsalainen pienpanimo, joka yhdist\u00e4\u00e4 oluenvalmistuksen taiteen ja modernin muotoilun. Heid\u00e4n oluensa syntyv\u00e4t intohimosta kokeilla uutta ja rikkoa rajoja \u2013 lopputuloksena rohkeita makuja, yll\u00e4tyksellisi\u00e4 tyylej\u00e4 ja visuaalisesti n\u00e4ytt\u00e4vi\u00e4 kokonaisuuksia. Shapes&amp;Objects ei tee vain olutta, vaan kokonaisia el\u00e4myksi\u00e4, jotka puhuttelevat sek\u00e4 makuhermoja ett\u00e4 silm\u00e4\u00e4. Citra Supreme 6,1% | DDH Hazy IPA: Citra Single Hop IPA, &hellip; <\/p>\n<p class=\"link-more\"><a href=\"https:\/\/www.panimotuju.fi\/en\/product\/shapesobjects-swe-citra-supreme-61\/\" class=\"more-link\">Read more<span class=\"screen-reader-text\"> &#8221;Shapes&#038;Objects (SWE) &#8211; Citra Supreme 6,1%&#8221;<\/span><\/a><\/p>","protected":false},"featured_media":0,"template":"","meta":[],"product_brand":[],"product_cat":[62],"product_tag":[],"class_list":{"0":"post-19694","1":"product","2":"type-product","3":"status-publish","5":"product_cat-vieras","7":"first","8":"instock","9":"taxable","10":"shipping-taxable","11":"purchasable","12":"product-type-simple"},"jetpack_sharing_enabled":true,"_links":{"self":[{"href":"https:\/\/www.panimotuju.fi\/en\/wp-json\/wp\/v2\/product\/19694","targetHints":{"allow":["GET"]}}],"collection":[{"href":"https:\/\/www.panimotuju.fi\/en\/wp-json\/wp\/v2\/product"}],"about":[{"href":"https:\/\/www.panimotuju.fi\/en\/wp-json\/wp\/v2\/types\/product"}],"wp:attachment":[{"href":"https:\/\/www.panimotuju.fi\/en\/wp-json\/wp\/v2\/media?parent=19694"}],"wp:term":[{"taxonomy":"product_brand","embeddable":true,"href":"https:\/\/www.panimotuju.fi\/en\/wp-json\/wp\/v2\/product_brand?post=19694"},{"taxonomy":"product_cat","embeddable":true,"href":"https:\/\/www.panimotuju.fi\/en\/wp-json\/wp\/v2\/product_cat?post=19694"},{"taxonomy":"product_tag","embeddable":true,"href":"https:\/\/www.panimotuju.fi\/en\/wp-json\/wp\/v2\/product_tag?post=19694"}],"curies":[{"name":"wp","href":"https:\/\/api.w.org\/{rel}","templated":true}]}}