{"id":19751,"date":"2026-01-19T08:32:37","date_gmt":"2026-01-19T06:32:37","guid":{"rendered":"https:\/\/www.panimotuju.fi\/?post_type=product&#038;p=19751"},"modified":"2026-04-05T19:05:03","modified_gmt":"2026-04-05T16:05:03","slug":"kiwi-paperi-sakset-52","status":"publish","type":"product","link":"https:\/\/www.panimotuju.fi\/en\/product\/kiwi-paperi-sakset-52\/","title":{"rendered":"Kiwi, Paperi, Sakset 5,2%"},"content":{"rendered":"<p><strong>Kiwi, paperi, sakset 5,2% | New Zealand Pilsner | Riwaka, Riwaka Amplifire<\/strong><\/p>\n<p><span style=\"font-weight: 400;\">Pohjoisen kavereidemme kanssa yhteisty\u00f6ss\u00e4 tehty t\u00f6rpp\u00f6 kyselee, oletko sin\u00e4 valmis peliin? Uuden-Seelannin p\u00f6rr\u00f6inen pahapyllymme ei nimitt\u00e4in osaa antaa periksi, vaan asiat ratkaistaan nyrkkihommilla porukassa takapihalla.\u00a0<\/span><\/p>\n<p><span style=\"font-weight: 400;\">Lentokyvyt\u00f6n muuttolintumme on tuonut mukanaan tuoreet satsit <strong>Riwakaa ja Riwaka Amplifire\u00e4<\/strong>, jossa leikkaavan raikas trooppisuus kohtaa kivenkovan sitruunan ja mehukkaan mangon. Raikas ja pirskahteleva pilsner on poikkeuksellinen, eik\u00e4 suinkaan paperinohut kokemus! Kiwi, Paperi, Sakset on keitto, jossa Uuden-Seelannin matkaajat kohtaavat karjalaisen vieraanvaraisuuden.<\/span><\/p>\n<p><strong>5,10\u20ac \/ 0,44L (11,59\u20ac\/L)<\/strong><\/p>\n<p>&nbsp;<\/p>","protected":false},"excerpt":{"rendered":"<p>Kiwi, paperi, sakset 5,2% | New Zealand Pilsner | Riwaka, Riwaka Amplifire Pohjoisen kavereidemme kanssa yhteisty\u00f6ss\u00e4 tehty t\u00f6rpp\u00f6 kyselee, oletko sin\u00e4 valmis peliin? Uuden-Seelannin p\u00f6rr\u00f6inen pahapyllymme ei nimitt\u00e4in osaa antaa periksi, vaan asiat ratkaistaan nyrkkihommilla porukassa takapihalla.\u00a0 Lentokyvyt\u00f6n muuttolintumme on tuonut mukanaan tuoreet satsit Riwakaa ja Riwaka Amplifire\u00e4, jossa leikkaavan raikas trooppisuus kohtaa kivenkovan sitruunan &hellip; <\/p>\n<p class=\"link-more\"><a href=\"https:\/\/www.panimotuju.fi\/en\/product\/kiwi-paperi-sakset-52\/\" class=\"more-link\">Read more<span class=\"screen-reader-text\"> &#8221;Kiwi, Paperi, Sakset 5,2%&#8221;<\/span><\/a><\/p>","protected":false},"featured_media":19752,"template":"","meta":[],"product_brand":[],"product_cat":[50],"product_tag":[],"class_list":{"0":"post-19751","1":"product","2":"type-product","3":"status-publish","4":"has-post-thumbnail","6":"product_cat-tujun_tuotteet","8":"first","9":"instock","10":"taxable","11":"shipping-taxable","12":"purchasable","13":"product-type-simple"},"jetpack_sharing_enabled":true,"_links":{"self":[{"href":"https:\/\/www.panimotuju.fi\/en\/wp-json\/wp\/v2\/product\/19751","targetHints":{"allow":["GET"]}}],"collection":[{"href":"https:\/\/www.panimotuju.fi\/en\/wp-json\/wp\/v2\/product"}],"about":[{"href":"https:\/\/www.panimotuju.fi\/en\/wp-json\/wp\/v2\/types\/product"}],"wp:featuredmedia":[{"embeddable":true,"href":"https:\/\/www.panimotuju.fi\/en\/wp-json\/wp\/v2\/media\/19752"}],"wp:attachment":[{"href":"https:\/\/www.panimotuju.fi\/en\/wp-json\/wp\/v2\/media?parent=19751"}],"wp:term":[{"taxonomy":"product_brand","embeddable":true,"href":"https:\/\/www.panimotuju.fi\/en\/wp-json\/wp\/v2\/product_brand?post=19751"},{"taxonomy":"product_cat","embeddable":true,"href":"https:\/\/www.panimotuju.fi\/en\/wp-json\/wp\/v2\/product_cat?post=19751"},{"taxonomy":"product_tag","embeddable":true,"href":"https:\/\/www.panimotuju.fi\/en\/wp-json\/wp\/v2\/product_tag?post=19751"}],"curies":[{"name":"wp","href":"https:\/\/api.w.org\/{rel}","templated":true}]}}