{"id":19773,"date":"2026-01-20T08:37:20","date_gmt":"2026-01-20T06:37:20","guid":{"rendered":"https:\/\/www.panimotuju.fi\/?post_type=product&#038;p=19773"},"modified":"2026-05-02T20:51:46","modified_gmt":"2026-05-02T17:51:46","slug":"tangakuningas-70","status":"publish","type":"product","link":"https:\/\/www.panimotuju.fi\/en\/product\/tangakuningas-70\/","title":{"rendered":"Tangakuningas 7,0%"},"content":{"rendered":"<p><strong>Tangakuningas 7,0% | IPA | Mosaic, Simcoe, Citra<\/strong><\/p>\n<p>Kyll\u00e4p\u00e4 tangakansaa taas palkitaan, sill\u00e4 nyt olemme valinneet tangamarkkinoiden uuden kuninkaallisen! Valta on vaihtunut eik\u00f6 liika kangas ei pilaa kuninkaallista p\u00e4iv\u00e4\u00e4. Kalsarit, bokserit, trikoot ovat so last season!<\/p>\n<p>Valtaistuinsalissaan Tangakuningas ei peit\u00e4 mit\u00e4\u00e4n, vaan paljastaa parhaat puolensa, joihin kuuluu<strong> Mosaic, Simcoe ja Citra<\/strong>! Kruununjalokiven\u00e4 pikkareista pilkahtaa Mosaicin hedelm\u00e4isyys ja marjaisuus, Simcoen havuisuus ja Citran luoma sitruunankuorisuus. H\u00e4peilem\u00e4t\u00f6n soppa todistaa, ett\u00e4 joskus kuninkaallinen valta piilee hyv\u00e4ss\u00e4 oluessa.<\/p>\n<p><strong>6,10\u20ac \/ 0,44L (13,86\/L) +pantti 0,15\u20ac<\/strong><\/p>\n<p>&nbsp;<\/p>","protected":false},"excerpt":{"rendered":"<p>Tangakuningas 7,0% | IPA | Mosaic, Simcoe, Citra Kyll\u00e4p\u00e4 tangakansaa taas palkitaan, sill\u00e4 nyt olemme valinneet tangamarkkinoiden uuden kuninkaallisen! Valta on vaihtunut eik\u00f6 liika kangas ei pilaa kuninkaallista p\u00e4iv\u00e4\u00e4. Kalsarit, bokserit, trikoot ovat so last season! Valtaistuinsalissaan Tangakuningas ei peit\u00e4 mit\u00e4\u00e4n, vaan paljastaa parhaat puolensa, joihin kuuluu Mosaic, Simcoe ja Citra! Kruununjalokiven\u00e4 pikkareista pilkahtaa Mosaicin &hellip; <\/p>\n<p class=\"link-more\"><a href=\"https:\/\/www.panimotuju.fi\/en\/product\/tangakuningas-70\/\" class=\"more-link\">Read more<span class=\"screen-reader-text\"> &#8221;Tangakuningas 7,0%&#8221;<\/span><\/a><\/p>","protected":false},"featured_media":19774,"template":"","meta":[],"product_brand":[],"product_cat":[50],"product_tag":[],"class_list":{"0":"post-19773","1":"product","2":"type-product","3":"status-publish","4":"has-post-thumbnail","6":"product_cat-tujun_tuotteet","8":"first","9":"instock","10":"taxable","11":"shipping-taxable","12":"purchasable","13":"product-type-simple"},"jetpack_sharing_enabled":true,"_links":{"self":[{"href":"https:\/\/www.panimotuju.fi\/en\/wp-json\/wp\/v2\/product\/19773","targetHints":{"allow":["GET"]}}],"collection":[{"href":"https:\/\/www.panimotuju.fi\/en\/wp-json\/wp\/v2\/product"}],"about":[{"href":"https:\/\/www.panimotuju.fi\/en\/wp-json\/wp\/v2\/types\/product"}],"wp:featuredmedia":[{"embeddable":true,"href":"https:\/\/www.panimotuju.fi\/en\/wp-json\/wp\/v2\/media\/19774"}],"wp:attachment":[{"href":"https:\/\/www.panimotuju.fi\/en\/wp-json\/wp\/v2\/media?parent=19773"}],"wp:term":[{"taxonomy":"product_brand","embeddable":true,"href":"https:\/\/www.panimotuju.fi\/en\/wp-json\/wp\/v2\/product_brand?post=19773"},{"taxonomy":"product_cat","embeddable":true,"href":"https:\/\/www.panimotuju.fi\/en\/wp-json\/wp\/v2\/product_cat?post=19773"},{"taxonomy":"product_tag","embeddable":true,"href":"https:\/\/www.panimotuju.fi\/en\/wp-json\/wp\/v2\/product_tag?post=19773"}],"curies":[{"name":"wp","href":"https:\/\/api.w.org\/{rel}","templated":true}]}}