{"id":19775,"date":"2026-01-20T08:40:10","date_gmt":"2026-01-20T06:40:10","guid":{"rendered":"https:\/\/www.panimotuju.fi\/?post_type=product&#038;p=19775"},"modified":"2026-05-03T18:15:16","modified_gmt":"2026-05-03T15:15:16","slug":"kirouspraktikko-66","status":"publish","type":"product","link":"https:\/\/www.panimotuju.fi\/en\/product\/kirouspraktikko-66\/","title":{"rendered":"Kirouspraktikko 6,6%"},"content":{"rendered":"<p><strong>Kirouspraktikko 6,6% | NEIPA | Motueka, Citra<\/strong><\/p>\n<p>On aika piikitell\u00e4 ihmisvoodoonukkeja. Lihasjumit eiv\u00e4t todellakaan ole kiva asia eik\u00e4 j\u00e4ykistely kuulu kuin tietyille illallisille. On aika siis rentoutua Kirouspraktikon k\u00e4sittelyss\u00e4.<br \/>\nLoitsuinaan <strong>Motueka<\/strong> ja <strong>Citra<\/strong>, t\u00e4m\u00e4 taikaliemi varmistaa, ett\u00e4 v\u00e4hint\u00e4\u00e4nkin kielenkannat l\u00f6ystyv\u00e4t.<\/p>\n<p>Selk\u00e4\u00e4 oikova m\u00e4\u00e4r\u00e4t Motuekaa tuo mukanaan ryhdik\u00e4st\u00e4 tropiikkia ja kerrassaan asiantuntevaa sitrusta. Viipyilev\u00e4 ja kohentava mangoisuus sek\u00e4 nikamia taivuttava limettisyys vaihtuu sitruksisuuteen, joka s\u00e4v\u00e4ytt\u00e4\u00e4 kuin piikki lihassa.<\/p>\n<p><strong>6,10\u20ac \/ 0,44L (13,86\/L) +pantti 0,15\u20ac<\/strong><\/p>\n<p>&nbsp;<\/p>","protected":false},"excerpt":{"rendered":"<p>Kirouspraktikko 6,6% | NEIPA | Motueka, Citra On aika piikitell\u00e4 ihmisvoodoonukkeja. Lihasjumit eiv\u00e4t todellakaan ole kiva asia eik\u00e4 j\u00e4ykistely kuulu kuin tietyille illallisille. On aika siis rentoutua Kirouspraktikon k\u00e4sittelyss\u00e4. Loitsuinaan Motueka ja Citra, t\u00e4m\u00e4 taikaliemi varmistaa, ett\u00e4 v\u00e4hint\u00e4\u00e4nkin kielenkannat l\u00f6ystyv\u00e4t. Selk\u00e4\u00e4 oikova m\u00e4\u00e4r\u00e4t Motuekaa tuo mukanaan ryhdik\u00e4st\u00e4 tropiikkia ja kerrassaan asiantuntevaa sitrusta. Viipyilev\u00e4 ja kohentava &hellip; <\/p>\n<p class=\"link-more\"><a href=\"https:\/\/www.panimotuju.fi\/en\/product\/kirouspraktikko-66\/\" class=\"more-link\">Read more<span class=\"screen-reader-text\"> &#8221;Kirouspraktikko 6,6%&#8221;<\/span><\/a><\/p>","protected":false},"featured_media":19776,"template":"","meta":[],"product_brand":[],"product_cat":[50],"product_tag":[],"class_list":{"0":"post-19775","1":"product","2":"type-product","3":"status-publish","4":"has-post-thumbnail","6":"product_cat-tujun_tuotteet","8":"first","9":"instock","10":"taxable","11":"shipping-taxable","12":"purchasable","13":"product-type-simple"},"jetpack_sharing_enabled":true,"_links":{"self":[{"href":"https:\/\/www.panimotuju.fi\/en\/wp-json\/wp\/v2\/product\/19775","targetHints":{"allow":["GET"]}}],"collection":[{"href":"https:\/\/www.panimotuju.fi\/en\/wp-json\/wp\/v2\/product"}],"about":[{"href":"https:\/\/www.panimotuju.fi\/en\/wp-json\/wp\/v2\/types\/product"}],"wp:featuredmedia":[{"embeddable":true,"href":"https:\/\/www.panimotuju.fi\/en\/wp-json\/wp\/v2\/media\/19776"}],"wp:attachment":[{"href":"https:\/\/www.panimotuju.fi\/en\/wp-json\/wp\/v2\/media?parent=19775"}],"wp:term":[{"taxonomy":"product_brand","embeddable":true,"href":"https:\/\/www.panimotuju.fi\/en\/wp-json\/wp\/v2\/product_brand?post=19775"},{"taxonomy":"product_cat","embeddable":true,"href":"https:\/\/www.panimotuju.fi\/en\/wp-json\/wp\/v2\/product_cat?post=19775"},{"taxonomy":"product_tag","embeddable":true,"href":"https:\/\/www.panimotuju.fi\/en\/wp-json\/wp\/v2\/product_tag?post=19775"}],"curies":[{"name":"wp","href":"https:\/\/api.w.org\/{rel}","templated":true}]}}