{"id":19777,"date":"2026-01-20T08:49:40","date_gmt":"2026-01-20T06:49:40","guid":{"rendered":"https:\/\/www.panimotuju.fi\/?post_type=product&#038;p=19777"},"modified":"2026-04-05T19:50:05","modified_gmt":"2026-04-05T16:50:05","slug":"vine-60","status":"publish","type":"product","link":"https:\/\/www.panimotuju.fi\/en\/product\/vine-60\/","title":{"rendered":"Vine 6,0%"},"content":{"rendered":"<p><strong>Vine 6,0% | Blended Wild Ale | Hanskap | 2026<\/strong><\/p>\n<p>Tervetuloa Tujun Wild Barrel Seriesin aateliseen julkaisuun! Vine, helvetin 45. herttua, ratsastaa tummalla hevosellaan, kietoen sielusi marjaisella lumollaan. Vine on leijonanannos aistillista nautintoa, jonka villi ja vaarallinen luonne kesyyntyy viimeist\u00e4\u00e4n lasissa.<br \/>\nT\u00e4ll\u00e4 kertaa tarjoamme sekoituksen golden aleja, kypsyneen\u00e4 12 \u2013 16 kuukautta Chardonnay- ja punaviinitynnyreiss\u00e4 yhdess\u00e4 panimomme erilaisten Brettanomyces -villihiivakantojen ja maitohappobakteerien kanssa. Paikallisesti ker\u00e4tty hunajamarja tuo olueseen rojalistista lempeytt\u00e4 ja sulottelevaa py\u00f6reytt\u00e4, joka kietoutuu harmonisesti tanniinien, kevyen katkeruuden sek\u00e4 pehmeyden ja p\u00e4hkin\u00e4isyyden ymp\u00e4rille.<br \/>\nVine on nautittavissa heti, mutta ajan my\u00f6t\u00e4 se saattaa kutsua esiin Ars Goetian synkimm\u00e4t tasot ja paljastaa uusia, helvetillisi\u00e4 kerroksia.<\/p>\n<p><em>Huomioithan ett\u00e4 oluella on kypsyttelypotentiaalia ja se s\u00e4ilyy oikein s\u00e4ilytettyn\u00e4 useita vuosia.<\/em><\/p>\n<p><strong>21,00\u20ac \/ 0,75L (28,00\u20ac\/L)<\/strong><\/p>\n<p>&nbsp;<\/p>","protected":false},"excerpt":{"rendered":"<p>Vine 6,0% | Blended Wild Ale | Hanskap | 2026 Tervetuloa Tujun Wild Barrel Seriesin aateliseen julkaisuun! Vine, helvetin 45. herttua, ratsastaa tummalla hevosellaan, kietoen sielusi marjaisella lumollaan. Vine on leijonanannos aistillista nautintoa, jonka villi ja vaarallinen luonne kesyyntyy viimeist\u00e4\u00e4n lasissa. T\u00e4ll\u00e4 kertaa tarjoamme sekoituksen golden aleja, kypsyneen\u00e4 12 \u2013 16 kuukautta Chardonnay- ja punaviinitynnyreiss\u00e4 &hellip; <\/p>\n<p class=\"link-more\"><a href=\"https:\/\/www.panimotuju.fi\/en\/product\/vine-60\/\" class=\"more-link\">Read more<span class=\"screen-reader-text\"> &#8221;Vine 6,0%&#8221;<\/span><\/a><\/p>","protected":false},"featured_media":19778,"template":"","meta":[],"product_brand":[],"product_cat":[50],"product_tag":[],"class_list":{"0":"post-19777","1":"product","2":"type-product","3":"status-publish","4":"has-post-thumbnail","6":"product_cat-tujun_tuotteet","8":"first","9":"instock","10":"taxable","11":"shipping-taxable","12":"purchasable","13":"product-type-simple"},"jetpack_sharing_enabled":true,"_links":{"self":[{"href":"https:\/\/www.panimotuju.fi\/en\/wp-json\/wp\/v2\/product\/19777","targetHints":{"allow":["GET"]}}],"collection":[{"href":"https:\/\/www.panimotuju.fi\/en\/wp-json\/wp\/v2\/product"}],"about":[{"href":"https:\/\/www.panimotuju.fi\/en\/wp-json\/wp\/v2\/types\/product"}],"wp:featuredmedia":[{"embeddable":true,"href":"https:\/\/www.panimotuju.fi\/en\/wp-json\/wp\/v2\/media\/19778"}],"wp:attachment":[{"href":"https:\/\/www.panimotuju.fi\/en\/wp-json\/wp\/v2\/media?parent=19777"}],"wp:term":[{"taxonomy":"product_brand","embeddable":true,"href":"https:\/\/www.panimotuju.fi\/en\/wp-json\/wp\/v2\/product_brand?post=19777"},{"taxonomy":"product_cat","embeddable":true,"href":"https:\/\/www.panimotuju.fi\/en\/wp-json\/wp\/v2\/product_cat?post=19777"},{"taxonomy":"product_tag","embeddable":true,"href":"https:\/\/www.panimotuju.fi\/en\/wp-json\/wp\/v2\/product_tag?post=19777"}],"curies":[{"name":"wp","href":"https:\/\/api.w.org\/{rel}","templated":true}]}}