{"id":19970,"date":"2026-02-17T07:34:27","date_gmt":"2026-02-17T05:34:27","guid":{"rendered":"https:\/\/www.panimotuju.fi\/?post_type=product&#038;p=19970"},"modified":"2026-05-03T13:06:10","modified_gmt":"2026-05-03T10:06:10","slug":"sinister-67-2026","status":"publish","type":"product","link":"https:\/\/www.panimotuju.fi\/en\/product\/sinister-67-2026\/","title":{"rendered":"Sinister 6,7% 2026"},"content":{"rendered":"<p><b>Sinister | 2026 | 6,7% | Blended wild ale | Nelson Sauvin, Eclipse<\/b><\/p>\n<p><span style=\"font-weight: 400;\">Tervetuloa Tujun salaper\u00e4isen Wild Barrel Seriesin pariin! Tujun merellinen toinen tuleminen on Bermudan kolmion tasoinen mysteeri.<\/span><\/p>\n<p><span style=\"font-weight: 400;\">Sinister 6,7% on sekoite eri golden aleista, jotka ovat kypsyneet <strong>12 &#8211; 16 kuukauden ajan Chardonnay- ja punaviinitynnyreiss\u00e4<\/strong> yhdess\u00e4 erilaisten panimomme brettanomyces -villihiivakantojen sek\u00e4 maitohappoa tuottavien bakteerien kanssa.<\/span><\/p>\n<p><span style=\"font-weight: 400;\">Sinister on syv\u00e4llinen sekoitus hapatetuista golden ale -oluista ja viimeistelty <strong>Nelson Sauvin- ja Eclipse<\/strong> -kuivahumaloinnilla. Sen moniulotteinen makuprofiili kietoo nautiskelijan mukaansa tanniinisin, katkerin ja hedelm\u00e4isin s\u00e4vyin. Tasapainoinen suutuntuma sek\u00e4 yll\u00e4tt\u00e4v\u00e4n raikas loppuviimeistely tekev\u00e4t Sinisterist\u00e4 ihanteellisen nautittavaksi heti, mutta t\u00e4m\u00e4 merenalainen mysteeri my\u00f6s kehittyy kellarissa ajan my\u00f6t\u00e4 entist\u00e4 syvemm\u00e4ksi ja vivahteikkaammaksi el\u00e4mykseksi.<\/span><\/p>\n<p><i><span style=\"font-weight: 400;\">Huomioithan ett\u00e4 oluella on kypsyttelypotentiaalia ja se s\u00e4ilyy oikein s\u00e4ilytettyn\u00e4 useita vuosia.<\/span><\/i><\/p>\n<p><strong>18,50\u20ac \/ 0,75L (24,67\u20ac\/L)<\/strong><\/p>\n<p>&nbsp;<\/p>","protected":false},"excerpt":{"rendered":"<p>Sinister | 2026 | 6,7% | Blended wild ale | Nelson Sauvin, Eclipse Tervetuloa Tujun salaper\u00e4isen Wild Barrel Seriesin pariin! Tujun merellinen toinen tuleminen on Bermudan kolmion tasoinen mysteeri. Sinister 6,7% on sekoite eri golden aleista, jotka ovat kypsyneet 12 &#8211; 16 kuukauden ajan Chardonnay- ja punaviinitynnyreiss\u00e4 yhdess\u00e4 erilaisten panimomme brettanomyces -villihiivakantojen sek\u00e4 maitohappoa tuottavien &hellip; <\/p>\n<p class=\"link-more\"><a href=\"https:\/\/www.panimotuju.fi\/en\/product\/sinister-67-2026\/\" class=\"more-link\">Read more<span class=\"screen-reader-text\"> &#8221;Sinister 6,7% 2026&#8221;<\/span><\/a><\/p>","protected":false},"featured_media":17643,"template":"","meta":[],"product_brand":[],"product_cat":[50],"product_tag":[],"class_list":{"0":"post-19970","1":"product","2":"type-product","3":"status-publish","4":"has-post-thumbnail","6":"product_cat-tujun_tuotteet","8":"first","9":"instock","10":"taxable","11":"shipping-taxable","12":"purchasable","13":"product-type-simple"},"jetpack_sharing_enabled":true,"_links":{"self":[{"href":"https:\/\/www.panimotuju.fi\/en\/wp-json\/wp\/v2\/product\/19970","targetHints":{"allow":["GET"]}}],"collection":[{"href":"https:\/\/www.panimotuju.fi\/en\/wp-json\/wp\/v2\/product"}],"about":[{"href":"https:\/\/www.panimotuju.fi\/en\/wp-json\/wp\/v2\/types\/product"}],"wp:featuredmedia":[{"embeddable":true,"href":"https:\/\/www.panimotuju.fi\/en\/wp-json\/wp\/v2\/media\/17643"}],"wp:attachment":[{"href":"https:\/\/www.panimotuju.fi\/en\/wp-json\/wp\/v2\/media?parent=19970"}],"wp:term":[{"taxonomy":"product_brand","embeddable":true,"href":"https:\/\/www.panimotuju.fi\/en\/wp-json\/wp\/v2\/product_brand?post=19970"},{"taxonomy":"product_cat","embeddable":true,"href":"https:\/\/www.panimotuju.fi\/en\/wp-json\/wp\/v2\/product_cat?post=19970"},{"taxonomy":"product_tag","embeddable":true,"href":"https:\/\/www.panimotuju.fi\/en\/wp-json\/wp\/v2\/product_tag?post=19970"}],"curies":[{"name":"wp","href":"https:\/\/api.w.org\/{rel}","templated":true}]}}