{"id":19971,"date":"2026-02-17T10:44:13","date_gmt":"2026-02-17T08:44:13","guid":{"rendered":"https:\/\/www.panimotuju.fi\/?post_type=product&#038;p=19971"},"modified":"2026-05-02T18:01:06","modified_gmt":"2026-05-02T15:01:06","slug":"vulture-120","status":"publish","type":"product","link":"https:\/\/www.panimotuju.fi\/en\/product\/vulture-120\/","title":{"rendered":"Vulture 12,0%"},"content":{"rendered":"<p><em><span style=\"font-weight: 400;\">Black Barrel Series on Tujun Wild Barrel Seriesin rinnalla kulkeva tuotesarja. N\u00e4m\u00e4 pime\u00e4ss\u00e4 kellarissa pitk\u00e4\u00e4n muhineet, vahvempaa alkoholipitoisuutta sek\u00e4 syvi\u00e4 ja intensiivisi\u00e4 makumaailmoja sis\u00e4lt\u00e4v\u00e4t oluet ovat pitk\u00e4kestoisen ja huolellisen k\u00e4sity\u00f6n tulosta. Black Barrel Series on synk\u00e4n upea tuotesarja, joka esittelee mm. pitk\u00e4kestoisen tynnyr\u00f6innin tuottamaa pehme\u00e4\u00e4 aromikkuutta.<\/span><\/em><\/p>\n<p><b>Black Barrel Series: Vulture 12,0% | Barrel-aged coffee imperial stout<\/b><\/p>\n<p><span style=\"font-weight: 400;\"><strong>Vulture<\/strong> on upea Black Barrel Series -imperial stout, joka on useamman eri-ik\u00e4isen tynnyrin sekoite. Sekoitteen osat ovat kypsyneet amerikkalaisissa bourbon- ja espanjalaisissa brandytynnyreiss\u00e4 18 kuukautta ennen blendausta. Huolellisen sekoituksen ja pitk\u00e4n kypsytyksen ansiosta Vulture tarttuu kynsill\u00e4\u00e4n lihaan luiden ymp\u00e4rilt\u00e4 ja kaluaa raadollisimmat osat pois.\u00a0<\/span><\/p>\n<p><span style=\"font-weight: 400;\">J\u00e4ljelle j\u00e4\u00e4 kuitenkin t\u00e4ytel\u00e4inen, armoton j\u00e4ttil\u00e4inen, jossa bourbonin l\u00e4mp\u00f6, kitalakea kuivaava tammi ja kevyt vaniljaisuus sek\u00e4 elegantti hedelm\u00e4isyys nousevat esiin. Mukana k\u00e4ytetty kahvi on sarjaan sopivasti todella tumma, synkk\u00e4 ja reilun paahteinen. Suutuntumassa olut kaartelee kohti lik\u00f6\u00f6rim\u00e4isyytt\u00e4, mutta lopun espressomainen puraisu tuo intensiteetti\u00e4 ja pitk\u00e4kestoisuutta.<\/span><\/p>\n<p><strong>13,65\u20ac \/ 0,50L plo (27,30\/L)<\/strong><\/p>","protected":false},"excerpt":{"rendered":"<p>Black Barrel Series on Tujun Wild Barrel Seriesin rinnalla kulkeva tuotesarja. N\u00e4m\u00e4 pime\u00e4ss\u00e4 kellarissa pitk\u00e4\u00e4n muhineet, vahvempaa alkoholipitoisuutta sek\u00e4 syvi\u00e4 ja intensiivisi\u00e4 makumaailmoja sis\u00e4lt\u00e4v\u00e4t oluet ovat pitk\u00e4kestoisen ja huolellisen k\u00e4sity\u00f6n tulosta. Black Barrel Series on synk\u00e4n upea tuotesarja, joka esittelee mm. pitk\u00e4kestoisen tynnyr\u00f6innin tuottamaa pehme\u00e4\u00e4 aromikkuutta. Black Barrel Series: Vulture 12,0% | Barrel-aged coffee imperial &hellip; <\/p>\n<p class=\"link-more\"><a href=\"https:\/\/www.panimotuju.fi\/en\/product\/vulture-120\/\" class=\"more-link\">Read more<span class=\"screen-reader-text\"> &#8221;Vulture 12,0%&#8221;<\/span><\/a><\/p>","protected":false},"featured_media":19972,"template":"","meta":[],"product_brand":[],"product_cat":[50],"product_tag":[],"class_list":{"0":"post-19971","1":"product","2":"type-product","3":"status-publish","4":"has-post-thumbnail","6":"product_cat-tujun_tuotteet","8":"first","9":"instock","10":"taxable","11":"shipping-taxable","12":"purchasable","13":"product-type-simple"},"jetpack_sharing_enabled":true,"_links":{"self":[{"href":"https:\/\/www.panimotuju.fi\/en\/wp-json\/wp\/v2\/product\/19971","targetHints":{"allow":["GET"]}}],"collection":[{"href":"https:\/\/www.panimotuju.fi\/en\/wp-json\/wp\/v2\/product"}],"about":[{"href":"https:\/\/www.panimotuju.fi\/en\/wp-json\/wp\/v2\/types\/product"}],"wp:featuredmedia":[{"embeddable":true,"href":"https:\/\/www.panimotuju.fi\/en\/wp-json\/wp\/v2\/media\/19972"}],"wp:attachment":[{"href":"https:\/\/www.panimotuju.fi\/en\/wp-json\/wp\/v2\/media?parent=19971"}],"wp:term":[{"taxonomy":"product_brand","embeddable":true,"href":"https:\/\/www.panimotuju.fi\/en\/wp-json\/wp\/v2\/product_brand?post=19971"},{"taxonomy":"product_cat","embeddable":true,"href":"https:\/\/www.panimotuju.fi\/en\/wp-json\/wp\/v2\/product_cat?post=19971"},{"taxonomy":"product_tag","embeddable":true,"href":"https:\/\/www.panimotuju.fi\/en\/wp-json\/wp\/v2\/product_tag?post=19971"}],"curies":[{"name":"wp","href":"https:\/\/api.w.org\/{rel}","templated":true}]}}