{"id":19992,"date":"2026-02-24T09:48:47","date_gmt":"2026-02-24T07:48:47","guid":{"rendered":"https:\/\/www.panimotuju.fi\/?post_type=product&#038;p=19992"},"modified":"2026-04-25T17:46:11","modified_gmt":"2026-04-25T14:46:11","slug":"salama-brewing-aussie-barbie-death-65","status":"publish","type":"product","link":"https:\/\/www.panimotuju.fi\/en\/product\/salama-brewing-aussie-barbie-death-65\/","title":{"rendered":"Salama Brewing &#8211; Aussie Barbie Death 6,5%"},"content":{"rendered":"<p>Kuin myrskyn merkein pyyhk\u00e4isi <strong>Salama Brewing Company<\/strong> Suomen panimoskenen tietoisuuteen alkuvuonna 2019. Alkuaskeleet otettiin vauhdikkaasti ja n\u00e4ytt\u00e4v\u00e4sti. Otteet olivat modernit ja br\u00e4ndi omaleimainen jo heti k\u00e4ttelyss\u00e4. M\u00e4\u00e4r\u00e4tietoisuutensa, laatunsa ja innovatiivisuutensa vuoksi Salama onkin t\u00e4ll\u00e4 hetkell\u00e4 yksi kirkkaimmista kotimaisista t\u00e4hdist\u00e4 kansainv\u00e4lisill\u00e4 olutvesill\u00e4! Nyt n\u00e4m\u00e4 myrskyn merkit tuottavat olutta upouudella laitteistolla Keravan Klondyke-talolla naapureinaan Etko ja Factory ja meno on kaiken kaikkiaan ison maailman meininki\u00e4!<\/p>\n<p><strong>Aussie Barbie Death 6,5% | West Coast IPA: <\/strong>Humalina Aussie Eclipse, Enigma ja Centennial.<\/p>\n<p><strong>7,00\u20ac \/ 0,44L (15,91\u20ac\/L)<\/strong><\/p>\n<p data-pm-slice=\"1 1 []\">","protected":false},"excerpt":{"rendered":"<p>Kuin myrskyn merkein pyyhk\u00e4isi Salama Brewing Company Suomen panimoskenen tietoisuuteen alkuvuonna 2019. Alkuaskeleet otettiin vauhdikkaasti ja n\u00e4ytt\u00e4v\u00e4sti. Otteet olivat modernit ja br\u00e4ndi omaleimainen jo heti k\u00e4ttelyss\u00e4. M\u00e4\u00e4r\u00e4tietoisuutensa, laatunsa ja innovatiivisuutensa vuoksi Salama onkin t\u00e4ll\u00e4 hetkell\u00e4 yksi kirkkaimmista kotimaisista t\u00e4hdist\u00e4 kansainv\u00e4lisill\u00e4 olutvesill\u00e4! Nyt n\u00e4m\u00e4 myrskyn merkit tuottavat olutta upouudella laitteistolla Keravan Klondyke-talolla naapureinaan Etko ja Factory &hellip; <\/p>\n<p class=\"link-more\"><a href=\"https:\/\/www.panimotuju.fi\/en\/product\/salama-brewing-aussie-barbie-death-65\/\" class=\"more-link\">Read more<span class=\"screen-reader-text\"> &#8221;Salama Brewing &#8211; Aussie Barbie Death 6,5%&#8221;<\/span><\/a><\/p>","protected":false},"featured_media":20009,"template":"","meta":[],"product_brand":[],"product_cat":[62],"product_tag":[],"class_list":{"0":"post-19992","1":"product","2":"type-product","3":"status-publish","4":"has-post-thumbnail","6":"product_cat-vieras","8":"first","9":"instock","10":"taxable","11":"shipping-taxable","12":"purchasable","13":"product-type-simple"},"jetpack_sharing_enabled":true,"_links":{"self":[{"href":"https:\/\/www.panimotuju.fi\/en\/wp-json\/wp\/v2\/product\/19992","targetHints":{"allow":["GET"]}}],"collection":[{"href":"https:\/\/www.panimotuju.fi\/en\/wp-json\/wp\/v2\/product"}],"about":[{"href":"https:\/\/www.panimotuju.fi\/en\/wp-json\/wp\/v2\/types\/product"}],"wp:featuredmedia":[{"embeddable":true,"href":"https:\/\/www.panimotuju.fi\/en\/wp-json\/wp\/v2\/media\/20009"}],"wp:attachment":[{"href":"https:\/\/www.panimotuju.fi\/en\/wp-json\/wp\/v2\/media?parent=19992"}],"wp:term":[{"taxonomy":"product_brand","embeddable":true,"href":"https:\/\/www.panimotuju.fi\/en\/wp-json\/wp\/v2\/product_brand?post=19992"},{"taxonomy":"product_cat","embeddable":true,"href":"https:\/\/www.panimotuju.fi\/en\/wp-json\/wp\/v2\/product_cat?post=19992"},{"taxonomy":"product_tag","embeddable":true,"href":"https:\/\/www.panimotuju.fi\/en\/wp-json\/wp\/v2\/product_tag?post=19992"}],"curies":[{"name":"wp","href":"https:\/\/api.w.org\/{rel}","templated":true}]}}