{"id":19995,"date":"2026-02-24T10:20:47","date_gmt":"2026-02-24T08:20:47","guid":{"rendered":"https:\/\/www.panimotuju.fi\/?post_type=product&#038;p=19995"},"modified":"2026-04-23T14:29:41","modified_gmt":"2026-04-23T11:29:41","slug":"barona-pt-blonde-ale-55","status":"publish","type":"product","link":"https:\/\/www.panimotuju.fi\/en\/product\/barona-pt-blonde-ale-55\/","title":{"rendered":"Barona (PT) &#8211; Blonde Ale 5,5%"},"content":{"rendered":"<p><strong><span class=\"hover:entity-accent entity-underline inline cursor-pointer align-baseline\"><span class=\"whitespace-normal\">Cerveja Barona<\/span><\/span><\/strong> on portugalilainen k\u00e4sity\u00f6l\u00e4ispanimo Alto Alentejon alueelta. Vuonna 2015 perustettu panimo tunnetaan laadukkaista piener\u00e4oluistaan, valikoimassa esiin nousee erityisesti lager-oluet ja alet. Barona yhdist\u00e4\u00e4 perinteiset raaka-aineet, luovuuden ja paikallisen identiteetin persoonallisiksi makuel\u00e4myksiksi. Panimo on saanut kunniaa my\u00f6s mm. World Beer Awards- ja IBeerian Awards -kilpailuissa.<\/p>\n<p><strong>Blonde Ale 5,5%: <\/strong>Kultaisen s\u00e4vyinen Golden Ale, jonka valkoinen vaahto houkuttelee. Pehme\u00e4 ja maltainen, ja sen kukkaiset aromit tulevat vanhan mantereen jaloista humalalajikkeista.<\/p>\n<p><strong>5,80\u20ac \/ 0,33L (17,58\u20ac\/L)<\/strong><\/p>\n<p data-pm-slice=\"1 1 []\">","protected":false},"excerpt":{"rendered":"<p>Cerveja Barona on portugalilainen k\u00e4sity\u00f6l\u00e4ispanimo Alto Alentejon alueelta. Vuonna 2015 perustettu panimo tunnetaan laadukkaista piener\u00e4oluistaan, valikoimassa esiin nousee erityisesti lager-oluet ja alet. Barona yhdist\u00e4\u00e4 perinteiset raaka-aineet, luovuuden ja paikallisen identiteetin persoonallisiksi makuel\u00e4myksiksi. Panimo on saanut kunniaa my\u00f6s mm. World Beer Awards- ja IBeerian Awards -kilpailuissa. Blonde Ale 5,5%: Kultaisen s\u00e4vyinen Golden Ale, jonka valkoinen vaahto &hellip; <\/p>\n<p class=\"link-more\"><a href=\"https:\/\/www.panimotuju.fi\/en\/product\/barona-pt-blonde-ale-55\/\" class=\"more-link\">Read more<span class=\"screen-reader-text\"> &#8221;Barona (PT) &#8211; Blonde Ale 5,5%&#8221;<\/span><\/a><\/p>","protected":false},"featured_media":19999,"template":"","meta":[],"product_brand":[],"product_cat":[62],"product_tag":[],"class_list":{"0":"post-19995","1":"product","2":"type-product","3":"status-publish","4":"has-post-thumbnail","6":"product_cat-vieras","8":"first","9":"instock","10":"taxable","11":"shipping-taxable","12":"purchasable","13":"product-type-simple"},"jetpack_sharing_enabled":true,"_links":{"self":[{"href":"https:\/\/www.panimotuju.fi\/en\/wp-json\/wp\/v2\/product\/19995","targetHints":{"allow":["GET"]}}],"collection":[{"href":"https:\/\/www.panimotuju.fi\/en\/wp-json\/wp\/v2\/product"}],"about":[{"href":"https:\/\/www.panimotuju.fi\/en\/wp-json\/wp\/v2\/types\/product"}],"wp:featuredmedia":[{"embeddable":true,"href":"https:\/\/www.panimotuju.fi\/en\/wp-json\/wp\/v2\/media\/19999"}],"wp:attachment":[{"href":"https:\/\/www.panimotuju.fi\/en\/wp-json\/wp\/v2\/media?parent=19995"}],"wp:term":[{"taxonomy":"product_brand","embeddable":true,"href":"https:\/\/www.panimotuju.fi\/en\/wp-json\/wp\/v2\/product_brand?post=19995"},{"taxonomy":"product_cat","embeddable":true,"href":"https:\/\/www.panimotuju.fi\/en\/wp-json\/wp\/v2\/product_cat?post=19995"},{"taxonomy":"product_tag","embeddable":true,"href":"https:\/\/www.panimotuju.fi\/en\/wp-json\/wp\/v2\/product_tag?post=19995"}],"curies":[{"name":"wp","href":"https:\/\/api.w.org\/{rel}","templated":true}]}}