{"id":19996,"date":"2026-02-24T10:24:54","date_gmt":"2026-02-24T08:24:54","guid":{"rendered":"https:\/\/www.panimotuju.fi\/?post_type=product&#038;p=19996"},"modified":"2026-05-02T17:23:29","modified_gmt":"2026-05-02T14:23:29","slug":"barona-pt-barona-ipa-62","status":"publish","type":"product","link":"https:\/\/www.panimotuju.fi\/en\/product\/barona-pt-barona-ipa-62\/","title":{"rendered":"Barona (PT) &#8211; Barona IPA 6,2%"},"content":{"rendered":"<p><strong><span class=\"hover:entity-accent entity-underline inline cursor-pointer align-baseline\"><span class=\"whitespace-normal\">Cerveja Barona<\/span><\/span><\/strong> on portugalilainen k\u00e4sity\u00f6l\u00e4ispanimo Alto Alentejon alueelta. Vuonna 2015 perustettu panimo tunnetaan laadukkaista piener\u00e4oluistaan, valikoimassa esiin nousee erityisesti lager-oluet ja alet. Barona yhdist\u00e4\u00e4 perinteiset raaka-aineet, luovuuden ja paikallisen identiteetin persoonallisiksi makuel\u00e4myksiksi. Panimo on saanut kunniaa my\u00f6s mm. World Beer Awards- ja IBeerian Awards -kilpailuissa.<\/p>\n<p><strong>Barona IPA 6,2%:\u00a0<\/strong>Maku iskee heti ter\u00e4v\u00e4ll\u00e4 katkeruudellaan, mutta tasapainottaa sen sitruksen ja m\u00e4nnyn raikkaat aromit. J\u00e4lkimakuun j\u00e4\u00e4 h\u00e4iv\u00e4hdys karamellia, joka sulautuu tyylikk\u00e4\u00e4sti kokonaisuuteen. T\u00e4m\u00e4 olut on syntynyt runsaasta jenkkihumalien k\u00e4yt\u00f6st\u00e4, sek\u00e4 t\u00e4ytel\u00e4isest\u00e4 mallasprofiilista, jota kruunaa karamellimaltaisuus.<\/p>\n<p><strong>6,80\u20ac \/ 0,33L (20,61\u20ac\/L)<\/strong><\/p>\n<p data-pm-slice=\"1 1 []\">","protected":false},"excerpt":{"rendered":"<p>Cerveja Barona on portugalilainen k\u00e4sity\u00f6l\u00e4ispanimo Alto Alentejon alueelta. Vuonna 2015 perustettu panimo tunnetaan laadukkaista piener\u00e4oluistaan, valikoimassa esiin nousee erityisesti lager-oluet ja alet. Barona yhdist\u00e4\u00e4 perinteiset raaka-aineet, luovuuden ja paikallisen identiteetin persoonallisiksi makuel\u00e4myksiksi. Panimo on saanut kunniaa my\u00f6s mm. World Beer Awards- ja IBeerian Awards -kilpailuissa. Barona IPA 6,2%:\u00a0Maku iskee heti ter\u00e4v\u00e4ll\u00e4 katkeruudellaan, mutta tasapainottaa sen &hellip; <\/p>\n<p class=\"link-more\"><a href=\"https:\/\/www.panimotuju.fi\/en\/product\/barona-pt-barona-ipa-62\/\" class=\"more-link\">Read more<span class=\"screen-reader-text\"> &#8221;Barona (PT) &#8211; Barona IPA 6,2%&#8221;<\/span><\/a><\/p>","protected":false},"featured_media":20002,"template":"","meta":[],"product_brand":[],"product_cat":[62],"product_tag":[],"class_list":{"0":"post-19996","1":"product","2":"type-product","3":"status-publish","4":"has-post-thumbnail","6":"product_cat-vieras","8":"first","9":"instock","10":"taxable","11":"shipping-taxable","12":"purchasable","13":"product-type-simple"},"jetpack_sharing_enabled":true,"_links":{"self":[{"href":"https:\/\/www.panimotuju.fi\/en\/wp-json\/wp\/v2\/product\/19996","targetHints":{"allow":["GET"]}}],"collection":[{"href":"https:\/\/www.panimotuju.fi\/en\/wp-json\/wp\/v2\/product"}],"about":[{"href":"https:\/\/www.panimotuju.fi\/en\/wp-json\/wp\/v2\/types\/product"}],"wp:featuredmedia":[{"embeddable":true,"href":"https:\/\/www.panimotuju.fi\/en\/wp-json\/wp\/v2\/media\/20002"}],"wp:attachment":[{"href":"https:\/\/www.panimotuju.fi\/en\/wp-json\/wp\/v2\/media?parent=19996"}],"wp:term":[{"taxonomy":"product_brand","embeddable":true,"href":"https:\/\/www.panimotuju.fi\/en\/wp-json\/wp\/v2\/product_brand?post=19996"},{"taxonomy":"product_cat","embeddable":true,"href":"https:\/\/www.panimotuju.fi\/en\/wp-json\/wp\/v2\/product_cat?post=19996"},{"taxonomy":"product_tag","embeddable":true,"href":"https:\/\/www.panimotuju.fi\/en\/wp-json\/wp\/v2\/product_tag?post=19996"}],"curies":[{"name":"wp","href":"https:\/\/api.w.org\/{rel}","templated":true}]}}