{"id":19997,"date":"2026-02-24T10:26:01","date_gmt":"2026-02-24T08:26:01","guid":{"rendered":"https:\/\/www.panimotuju.fi\/?post_type=product&#038;p=19997"},"modified":"2026-05-02T18:55:52","modified_gmt":"2026-05-02T15:55:52","slug":"barona-pt-monda-52","status":"publish","type":"product","link":"https:\/\/www.panimotuju.fi\/en\/product\/barona-pt-monda-52\/","title":{"rendered":"Barona (PT) &#8211; Monda 5,2%"},"content":{"rendered":"<p><strong><span class=\"hover:entity-accent entity-underline inline cursor-pointer align-baseline\"><span class=\"whitespace-normal\">Cerveja Barona<\/span><\/span><\/strong> on portugalilainen k\u00e4sity\u00f6l\u00e4ispanimo Alto Alentejon alueelta. Vuonna 2015 perustettu panimo tunnetaan laadukkaista piener\u00e4oluistaan, valikoimassa esiin nousee erityisesti lager-oluet ja alet. Barona yhdist\u00e4\u00e4 perinteiset raaka-aineet, luovuuden ja paikallisen identiteetin persoonallisiksi makuel\u00e4myksiksi. Panimo on saanut kunniaa my\u00f6s mm. World Beer Awards- ja IBeerian Awards -kilpailuissa.<\/p>\n<p><strong>Monda 5,2%:<\/strong>T\u00e4m\u00e4 Portuguese Rice Lager on kevyt ja raikas, viljaisine s\u00e4vyineen ja hienoisella makeudella riisist\u00e4. Humalointi tuo mukaan sopivan katkeron, joka tasapainottaa kokonaisuuden ja tekee oluesta todella gastronomisen kokemuksen, sek\u00e4 helposti juotavan pinttikaverin.<\/p>\n<p><strong>6,00\u20ac \/ 0,33L (18,18\u20ac\/L)<\/strong><\/p>\n<p data-pm-slice=\"1 1 []\">","protected":false},"excerpt":{"rendered":"<p>Cerveja Barona on portugalilainen k\u00e4sity\u00f6l\u00e4ispanimo Alto Alentejon alueelta. Vuonna 2015 perustettu panimo tunnetaan laadukkaista piener\u00e4oluistaan, valikoimassa esiin nousee erityisesti lager-oluet ja alet. Barona yhdist\u00e4\u00e4 perinteiset raaka-aineet, luovuuden ja paikallisen identiteetin persoonallisiksi makuel\u00e4myksiksi. Panimo on saanut kunniaa my\u00f6s mm. World Beer Awards- ja IBeerian Awards -kilpailuissa. Monda 5,2%:T\u00e4m\u00e4 Portuguese Rice Lager on kevyt ja raikas, viljaisine &hellip; <\/p>\n<p class=\"link-more\"><a href=\"https:\/\/www.panimotuju.fi\/en\/product\/barona-pt-monda-52\/\" class=\"more-link\">Read more<span class=\"screen-reader-text\"> &#8221;Barona (PT) &#8211; Monda 5,2%&#8221;<\/span><\/a><\/p>","protected":false},"featured_media":20000,"template":"","meta":[],"product_brand":[],"product_cat":[62],"product_tag":[],"class_list":{"0":"post-19997","1":"product","2":"type-product","3":"status-publish","4":"has-post-thumbnail","6":"product_cat-vieras","8":"first","9":"instock","10":"taxable","11":"shipping-taxable","12":"purchasable","13":"product-type-simple"},"jetpack_sharing_enabled":true,"_links":{"self":[{"href":"https:\/\/www.panimotuju.fi\/en\/wp-json\/wp\/v2\/product\/19997","targetHints":{"allow":["GET"]}}],"collection":[{"href":"https:\/\/www.panimotuju.fi\/en\/wp-json\/wp\/v2\/product"}],"about":[{"href":"https:\/\/www.panimotuju.fi\/en\/wp-json\/wp\/v2\/types\/product"}],"wp:featuredmedia":[{"embeddable":true,"href":"https:\/\/www.panimotuju.fi\/en\/wp-json\/wp\/v2\/media\/20000"}],"wp:attachment":[{"href":"https:\/\/www.panimotuju.fi\/en\/wp-json\/wp\/v2\/media?parent=19997"}],"wp:term":[{"taxonomy":"product_brand","embeddable":true,"href":"https:\/\/www.panimotuju.fi\/en\/wp-json\/wp\/v2\/product_brand?post=19997"},{"taxonomy":"product_cat","embeddable":true,"href":"https:\/\/www.panimotuju.fi\/en\/wp-json\/wp\/v2\/product_cat?post=19997"},{"taxonomy":"product_tag","embeddable":true,"href":"https:\/\/www.panimotuju.fi\/en\/wp-json\/wp\/v2\/product_tag?post=19997"}],"curies":[{"name":"wp","href":"https:\/\/api.w.org\/{rel}","templated":true}]}}