{"id":19998,"date":"2026-02-24T10:28:52","date_gmt":"2026-02-24T08:28:52","guid":{"rendered":"https:\/\/www.panimotuju.fi\/?post_type=product&#038;p=19998"},"modified":"2026-04-10T20:33:12","modified_gmt":"2026-04-10T17:33:12","slug":"barona-pt-seara-49","status":"publish","type":"product","link":"https:\/\/www.panimotuju.fi\/en\/product\/barona-pt-seara-49\/","title":{"rendered":"Barona (PT) &#8211; Seara 4,9%"},"content":{"rendered":"<p><strong><span class=\"hover:entity-accent entity-underline inline cursor-pointer align-baseline\"><span class=\"whitespace-normal\">Cerveja Barona<\/span><\/span><\/strong> on portugalilainen k\u00e4sity\u00f6l\u00e4ispanimo Alto Alentejon alueelta. Vuonna 2015 perustettu panimo tunnetaan laadukkaista piener\u00e4oluistaan, valikoimassa esiin nousee erityisesti lager-oluet ja alet. Barona yhdist\u00e4\u00e4 perinteiset raaka-aineet, luovuuden ja paikallisen identiteetin persoonallisiksi makuel\u00e4myksiksi. Panimo on saanut kunniaa my\u00f6s mm. World Beer Awards- ja IBeerian Awards -kilpailuissa.<\/p>\n<p><strong>Seara 4,9% | Pale Lager:\u00a0<\/strong>Vaalean oljenv\u00e4rinen lager, jonka valkoinen vaahto houkuttelee lasiin heti. Maultaan se on ohramaltainen ja pehme\u00e4sti vehn\u00e4inen, ja tuoksussa pilkist\u00e4\u00e4 raikasta sitrusta. Kevyt alkoholipitoisuus tekee siit\u00e4 juuri sen helpon ja nautinnollisen oluen, joka maistuu parhaalta yst\u00e4vien kanssa \u2013 erityisesti Alentejon kuumuudessa ja sadonkorjuun hektisyydess\u00e4.<\/p>\n<p><strong>5,80\u20ac \/ 0,33L (17,58\u20ac\/L)<\/strong><\/p>\n<p data-pm-slice=\"1 1 []\">","protected":false},"excerpt":{"rendered":"<p>Cerveja Barona on portugalilainen k\u00e4sity\u00f6l\u00e4ispanimo Alto Alentejon alueelta. Vuonna 2015 perustettu panimo tunnetaan laadukkaista piener\u00e4oluistaan, valikoimassa esiin nousee erityisesti lager-oluet ja alet. Barona yhdist\u00e4\u00e4 perinteiset raaka-aineet, luovuuden ja paikallisen identiteetin persoonallisiksi makuel\u00e4myksiksi. Panimo on saanut kunniaa my\u00f6s mm. World Beer Awards- ja IBeerian Awards -kilpailuissa. Seara 4,9% | Pale Lager:\u00a0Vaalean oljenv\u00e4rinen lager, jonka valkoinen vaahto &hellip; <\/p>\n<p class=\"link-more\"><a href=\"https:\/\/www.panimotuju.fi\/en\/product\/barona-pt-seara-49\/\" class=\"more-link\">Read more<span class=\"screen-reader-text\"> &#8221;Barona (PT) &#8211; Seara 4,9%&#8221;<\/span><\/a><\/p>","protected":false},"featured_media":20001,"template":"","meta":[],"product_brand":[],"product_cat":[62],"product_tag":[],"class_list":{"0":"post-19998","1":"product","2":"type-product","3":"status-publish","4":"has-post-thumbnail","6":"product_cat-vieras","8":"first","9":"instock","10":"taxable","11":"shipping-taxable","12":"purchasable","13":"product-type-simple"},"jetpack_sharing_enabled":true,"_links":{"self":[{"href":"https:\/\/www.panimotuju.fi\/en\/wp-json\/wp\/v2\/product\/19998","targetHints":{"allow":["GET"]}}],"collection":[{"href":"https:\/\/www.panimotuju.fi\/en\/wp-json\/wp\/v2\/product"}],"about":[{"href":"https:\/\/www.panimotuju.fi\/en\/wp-json\/wp\/v2\/types\/product"}],"wp:featuredmedia":[{"embeddable":true,"href":"https:\/\/www.panimotuju.fi\/en\/wp-json\/wp\/v2\/media\/20001"}],"wp:attachment":[{"href":"https:\/\/www.panimotuju.fi\/en\/wp-json\/wp\/v2\/media?parent=19998"}],"wp:term":[{"taxonomy":"product_brand","embeddable":true,"href":"https:\/\/www.panimotuju.fi\/en\/wp-json\/wp\/v2\/product_brand?post=19998"},{"taxonomy":"product_cat","embeddable":true,"href":"https:\/\/www.panimotuju.fi\/en\/wp-json\/wp\/v2\/product_cat?post=19998"},{"taxonomy":"product_tag","embeddable":true,"href":"https:\/\/www.panimotuju.fi\/en\/wp-json\/wp\/v2\/product_tag?post=19998"}],"curies":[{"name":"wp","href":"https:\/\/api.w.org\/{rel}","templated":true}]}}