{"id":20075,"date":"2026-03-09T12:16:59","date_gmt":"2026-03-09T10:16:59","guid":{"rendered":"https:\/\/www.panimotuju.fi\/?post_type=product&#038;p=20075"},"modified":"2026-04-02T14:28:25","modified_gmt":"2026-04-02T11:28:25","slug":"ootko-kyyisa-75","status":"publish","type":"product","link":"https:\/\/www.panimotuju.fi\/en\/product\/ootko-kyyisa-75\/","title":{"rendered":"Ootko Kyyis\u00e4? 7,5%"},"content":{"rendered":"<p><i><span style=\"font-weight: 400;\">Growler elikk\u00e4s tuttavallisesti p\u00f6nikk\u00e4 on tuoretuote. Se s\u00e4ilyy hyv\u00e4n\u00e4 3pv ostohetkest\u00e4 kylm\u00e4s\u00e4ilytettyn\u00e4! <strong>Verkkonoutokaupasta tilattujen growlereiden oletettu noutop\u00e4iv\u00e4 on perjantai!<\/strong><\/span><\/i><\/p>\n<p><b>Ootko Kyyis\u00e4? 7,5% | American IPA | Vic Secret, Idaho 7, Chinook<\/b><\/p>\n<p><span style=\"font-weight: 400;\">Ota varovasti t\u00e4m\u00e4n kanssa! T\u00e4m\u00e4 olut p\u00e4risee kuin kalkkarok\u00e4\u00e4rme konsanaan, jos vastamyrkky\u00e4 ei ole heti saatavilla. Toisinaan kuitenkini myrkk\u2026 siis kaljahammasta kolottaa siit\u00e4 kohtaa, ett\u00e4 tarvitaan v\u00e4h\u00e4n ronskimmin humaloitua h\u00f6rppy\u00e4.\u00a0<\/span><\/p>\n<p><span style=\"font-weight: 400;\">Isk\u00e4vitsej\u00e4, isoja autoja ja suomuja tursahteleva American IPA sihisee nieluun kietoutuvaa ananasta, paahtaa passionhedelm\u00e4\u00e4 ja kaasuttaa hartsimaista hedelm\u00e4\u00e4, mangoa ja ahtaa turbona verigreipin kuorta. Kuin kiusallaan, t\u00e4m\u00e4 IPA ruopaisee silmille m\u00e4ntym\u00e4ist\u00e4 katkeroa.\u00a0<\/span><\/p>\n<p><span style=\"font-weight: 400;\">T\u00e4ysin ehta, katkerampi, mutta hyv\u00e4 juotavuuden s\u00e4ilytt\u00e4v\u00e4 American IPA kyseenalaistaa, ootko ihan varmasti kyyis\u00e4?<\/span><\/p>\n<p><strong>13,00\u20ac\/1L (13,00\u20ac\/L)<\/strong><\/p>\n<p><strong>38,00\u20ac\/3L (12,67\u20ac\/L)\u00a0<\/strong><\/p>","protected":false},"excerpt":{"rendered":"<p>Growler elikk\u00e4s tuttavallisesti p\u00f6nikk\u00e4 on tuoretuote. Se s\u00e4ilyy hyv\u00e4n\u00e4 3pv ostohetkest\u00e4 kylm\u00e4s\u00e4ilytettyn\u00e4! Verkkonoutokaupasta tilattujen growlereiden oletettu noutop\u00e4iv\u00e4 on perjantai! Ootko Kyyis\u00e4? 7,5% | American IPA | Vic Secret, Idaho 7, Chinook Ota varovasti t\u00e4m\u00e4n kanssa! T\u00e4m\u00e4 olut p\u00e4risee kuin kalkkarok\u00e4\u00e4rme konsanaan, jos vastamyrkky\u00e4 ei ole heti saatavilla. Toisinaan kuitenkini myrkk\u2026 siis kaljahammasta kolottaa siit\u00e4 kohtaa, &hellip; <\/p>\n<p class=\"link-more\"><a href=\"https:\/\/www.panimotuju.fi\/en\/product\/ootko-kyyisa-75\/\" class=\"more-link\">Read more<span class=\"screen-reader-text\"> &#8221;Ootko Kyyis\u00e4? 7,5%&#8221;<\/span><\/a><\/p>","protected":false},"featured_media":10412,"template":"","meta":[],"product_brand":[],"product_cat":[50],"product_tag":[],"class_list":{"0":"post-20075","1":"product","2":"type-product","3":"status-publish","4":"has-post-thumbnail","6":"product_cat-tujun_tuotteet","8":"first","9":"instock","10":"taxable","11":"shipping-taxable","12":"purchasable","13":"product-type-variable"},"jetpack_sharing_enabled":true,"_links":{"self":[{"href":"https:\/\/www.panimotuju.fi\/en\/wp-json\/wp\/v2\/product\/20075","targetHints":{"allow":["GET"]}}],"collection":[{"href":"https:\/\/www.panimotuju.fi\/en\/wp-json\/wp\/v2\/product"}],"about":[{"href":"https:\/\/www.panimotuju.fi\/en\/wp-json\/wp\/v2\/types\/product"}],"wp:featuredmedia":[{"embeddable":true,"href":"https:\/\/www.panimotuju.fi\/en\/wp-json\/wp\/v2\/media\/10412"}],"wp:attachment":[{"href":"https:\/\/www.panimotuju.fi\/en\/wp-json\/wp\/v2\/media?parent=20075"}],"wp:term":[{"taxonomy":"product_brand","embeddable":true,"href":"https:\/\/www.panimotuju.fi\/en\/wp-json\/wp\/v2\/product_brand?post=20075"},{"taxonomy":"product_cat","embeddable":true,"href":"https:\/\/www.panimotuju.fi\/en\/wp-json\/wp\/v2\/product_cat?post=20075"},{"taxonomy":"product_tag","embeddable":true,"href":"https:\/\/www.panimotuju.fi\/en\/wp-json\/wp\/v2\/product_tag?post=20075"}],"curies":[{"name":"wp","href":"https:\/\/api.w.org\/{rel}","templated":true}]}}