{"id":20121,"date":"2026-03-18T12:55:49","date_gmt":"2026-03-18T10:55:49","guid":{"rendered":"https:\/\/www.panimotuju.fi\/?post_type=product&#038;p=20121"},"modified":"2026-04-04T10:22:04","modified_gmt":"2026-04-04T07:22:04","slug":"vermont-ravit-22-65","status":"publish","type":"product","link":"https:\/\/www.panimotuju.fi\/en\/product\/vermont-ravit-22-65\/","title":{"rendered":"Vermont Ravit #22 6,5%"},"content":{"rendered":"<p><strong>\ud83d\udc0eVermont Ravit #22 6,5% | NEIPA | Peacharine, Nectaron, Mosaic\ud83d\udc0e<\/strong><\/p>\n<p>L\u00e4ht\u00f6<strong> #22<\/strong> on k\u00e4sill\u00e4! Vermont Ravit tarjoilee kenties mehukkainta j\u00e4nnityst\u00e4 ja trooppista yll\u00e4tyst\u00e4 heti ensimm\u00e4isest\u00e4 starttipistoolin kajahduksesta.<br \/>\nPeacharine rynt\u00e4\u00e4 johtoon, kyps\u00e4n persikan ja aprikoosin vauhdilla. Nectaron ei aio j\u00e4\u00e4d\u00e4 peesaajaksi, vaan se hirnuaa rinnalle trooppisen mangon ja nektariinin kanssa.<\/p>\n<p>Nyt on keng\u00e4t syv\u00e4ll\u00e4 hiekassa ja korvat h\u00f6r\u00f6ll\u00e4. Mosaic nimitt\u00e4in kaartaa ulkokaarteessa ja lis\u00e4\u00e4 h\u00e4nn\u00e4heilautuksella marjaisuutta, kukkaisuutta ja ripauksen sitrusta aivan loppukirin viimeisille metrille. Maaliviivalla alkaa olemaan turvat t\u00e4ynn\u00e4. Mehukas ja aromaattinen NEIPA on t\u00e4ysiverinen laukkahevonen!<\/p>\n<p><strong>6,35\u20ac\/0,44L (14,43\u20ac\/L) +0,15\u20ac pantti<\/strong><\/p>","protected":false},"excerpt":{"rendered":"<p>\ud83d\udc0eVermont Ravit #22 6,5% | NEIPA | Peacharine, Nectaron, Mosaic\ud83d\udc0e L\u00e4ht\u00f6 #22 on k\u00e4sill\u00e4! Vermont Ravit tarjoilee kenties mehukkainta j\u00e4nnityst\u00e4 ja trooppista yll\u00e4tyst\u00e4 heti ensimm\u00e4isest\u00e4 starttipistoolin kajahduksesta. Peacharine rynt\u00e4\u00e4 johtoon, kyps\u00e4n persikan ja aprikoosin vauhdilla. Nectaron ei aio j\u00e4\u00e4d\u00e4 peesaajaksi, vaan se hirnuaa rinnalle trooppisen mangon ja nektariinin kanssa. Nyt on keng\u00e4t syv\u00e4ll\u00e4 hiekassa ja &hellip; <\/p>\n<p class=\"link-more\"><a href=\"https:\/\/www.panimotuju.fi\/en\/product\/vermont-ravit-22-65\/\" class=\"more-link\">Read more<span class=\"screen-reader-text\"> &#8221;Vermont Ravit #22 6,5%&#8221;<\/span><\/a><\/p>","protected":false},"featured_media":20122,"template":"","meta":[],"product_brand":[],"product_cat":[50],"product_tag":[],"class_list":{"0":"post-20121","1":"product","2":"type-product","3":"status-publish","4":"has-post-thumbnail","6":"product_cat-tujun_tuotteet","8":"first","9":"instock","10":"taxable","11":"shipping-taxable","12":"purchasable","13":"product-type-simple"},"jetpack_sharing_enabled":true,"_links":{"self":[{"href":"https:\/\/www.panimotuju.fi\/en\/wp-json\/wp\/v2\/product\/20121","targetHints":{"allow":["GET"]}}],"collection":[{"href":"https:\/\/www.panimotuju.fi\/en\/wp-json\/wp\/v2\/product"}],"about":[{"href":"https:\/\/www.panimotuju.fi\/en\/wp-json\/wp\/v2\/types\/product"}],"wp:featuredmedia":[{"embeddable":true,"href":"https:\/\/www.panimotuju.fi\/en\/wp-json\/wp\/v2\/media\/20122"}],"wp:attachment":[{"href":"https:\/\/www.panimotuju.fi\/en\/wp-json\/wp\/v2\/media?parent=20121"}],"wp:term":[{"taxonomy":"product_brand","embeddable":true,"href":"https:\/\/www.panimotuju.fi\/en\/wp-json\/wp\/v2\/product_brand?post=20121"},{"taxonomy":"product_cat","embeddable":true,"href":"https:\/\/www.panimotuju.fi\/en\/wp-json\/wp\/v2\/product_cat?post=20121"},{"taxonomy":"product_tag","embeddable":true,"href":"https:\/\/www.panimotuju.fi\/en\/wp-json\/wp\/v2\/product_tag?post=20121"}],"curies":[{"name":"wp","href":"https:\/\/api.w.org\/{rel}","templated":true}]}}