{"id":20138,"date":"2026-03-23T09:08:30","date_gmt":"2026-03-23T07:08:30","guid":{"rendered":"https:\/\/www.panimotuju.fi\/?post_type=product&#038;p=20138"},"modified":"2026-05-03T19:19:39","modified_gmt":"2026-05-03T16:19:39","slug":"let-off-some-steam-bennett-60","status":"publish","type":"product","link":"https:\/\/www.panimotuju.fi\/en\/product\/let-off-some-steam-bennett-60\/","title":{"rendered":"Let Off Some Steam Bennett 6,0%"},"content":{"rendered":"<p><strong>Let Off Some Steam Bennett 6,0% | DDH Steam Beer | Vic Secret, Citra<\/strong><\/p>\n<p>On aika taas ottaa haltuun Suomen testoisimman panimon titteli! Nyt lasketaan h\u00f6yryj\u00e4 pihalle oikein urakalla.<strong> Let off some steam Bennett<\/strong> on tribuutti maailman parhaimmalle elokuvalle ja maailman parhaimmalle elokuvapahikselle eli <strong>Commandon Bennettille<\/strong>.<\/p>\n<p>Tyylilt\u00e4\u00e4n steam beer eli californian common eli lagerhiivalla alehiivan l\u00e4mm\u00f6iss\u00e4 k\u00e4ytetty hybridiolut. P\u00e4\u00e4osassa <strong>Vic Secret- ja Citra<\/strong>-humalat. T\u00e4m\u00e4 rungoltaan v\u00e4h\u00e4n liiankin liukas h\u00f6rppy on tuplakuivahumaloitu kunnolla. Hedelm\u00e4inen makumaailma tykitt\u00e4\u00e4 loputonta aprikoosi-ananas-sitrussarjaa kuin Valmetin M78 konsanaan.<\/p>\n<p><strong>5,70\u20ac \/ 0,44L (12,95\u20ac\/L) ei panttia<\/strong><\/p>","protected":false},"excerpt":{"rendered":"<p>Let Off Some Steam Bennett 6,0% | DDH Steam Beer | Vic Secret, Citra On aika taas ottaa haltuun Suomen testoisimman panimon titteli! Nyt lasketaan h\u00f6yryj\u00e4 pihalle oikein urakalla. Let off some steam Bennett on tribuutti maailman parhaimmalle elokuvalle ja maailman parhaimmalle elokuvapahikselle eli Commandon Bennettille. Tyylilt\u00e4\u00e4n steam beer eli californian common eli lagerhiivalla alehiivan &hellip; <\/p>\n<p class=\"link-more\"><a href=\"https:\/\/www.panimotuju.fi\/en\/product\/let-off-some-steam-bennett-60\/\" class=\"more-link\">Read more<span class=\"screen-reader-text\"> &#8221;Let Off Some Steam Bennett 6,0%&#8221;<\/span><\/a><\/p>","protected":false},"featured_media":20139,"template":"","meta":[],"product_brand":[],"product_cat":[50],"product_tag":[],"class_list":{"0":"post-20138","1":"product","2":"type-product","3":"status-publish","4":"has-post-thumbnail","6":"product_cat-tujun_tuotteet","8":"first","9":"instock","10":"taxable","11":"shipping-taxable","12":"purchasable","13":"product-type-simple"},"jetpack_sharing_enabled":true,"_links":{"self":[{"href":"https:\/\/www.panimotuju.fi\/en\/wp-json\/wp\/v2\/product\/20138","targetHints":{"allow":["GET"]}}],"collection":[{"href":"https:\/\/www.panimotuju.fi\/en\/wp-json\/wp\/v2\/product"}],"about":[{"href":"https:\/\/www.panimotuju.fi\/en\/wp-json\/wp\/v2\/types\/product"}],"wp:featuredmedia":[{"embeddable":true,"href":"https:\/\/www.panimotuju.fi\/en\/wp-json\/wp\/v2\/media\/20139"}],"wp:attachment":[{"href":"https:\/\/www.panimotuju.fi\/en\/wp-json\/wp\/v2\/media?parent=20138"}],"wp:term":[{"taxonomy":"product_brand","embeddable":true,"href":"https:\/\/www.panimotuju.fi\/en\/wp-json\/wp\/v2\/product_brand?post=20138"},{"taxonomy":"product_cat","embeddable":true,"href":"https:\/\/www.panimotuju.fi\/en\/wp-json\/wp\/v2\/product_cat?post=20138"},{"taxonomy":"product_tag","embeddable":true,"href":"https:\/\/www.panimotuju.fi\/en\/wp-json\/wp\/v2\/product_tag?post=20138"}],"curies":[{"name":"wp","href":"https:\/\/api.w.org\/{rel}","templated":true}]}}