{"id":20141,"date":"2026-03-23T09:19:25","date_gmt":"2026-03-23T07:19:25","guid":{"rendered":"https:\/\/www.panimotuju.fi\/?post_type=product&#038;p=20141"},"modified":"2026-05-03T19:19:40","modified_gmt":"2026-05-03T16:19:40","slug":"kaljaori-52","status":"publish","type":"product","link":"https:\/\/www.panimotuju.fi\/en\/product\/kaljaori-52\/","title":{"rendered":"Kaljaori 5,2%"},"content":{"rendered":"<p><strong>Kaljaori 5,2% | West Coast Pils| Citra, Cryo Citra, El Dorado<\/strong><\/p>\n<p>Rakkautta on selke\u00e4sti ilmassa, mutta pid\u00e4tt\u00e4ydyt\u00e4\u00e4n nyt, ettei homma mene vallan hummailuksi! Kaljaori nimitt\u00e4in suorastaan vikuroi paikalle, ja seh\u00e4n saa tammat vallan sekaisin!<\/p>\n<p>Humaloinniltaan l\u00e4nsirannikon tyyli\u00e4 edustava pils on satuloitu <strong>Citralla, Cryo Citralla ja El Doradolla<\/strong>. N\u00e4in saamme kyytiin sitrusta, kirkasta greippi\u00e4 ja lime\u00e4, jota seuraa kyps\u00e4n karkkimainen hedelm\u00e4isyys, mangoisuus ja ananaksisuus. Mutta jotta ponit pysyv\u00e4t maneesissa, seuraa hyv\u00e4 ja puraiseva katkeruus, joka viipyy useamman h\u00e4nn\u00e4nheilautuksen.<\/p>\n<p>Silti Kaljaori ei ole pelkk\u00e4\u00e4 vaaraa, vaahtoa ja vauhtia, vaan t\u00e4t\u00e4 pilssi\u00e4 pystyy tarvittaessa kulauttamaan turpaan toisenkin mukillisen.<\/p>\n<p><strong>4,90\u20ac \/ 0,44L (11,14\u20ac\/L) +pantti 0,15\u20ac<\/strong><\/p>","protected":false},"excerpt":{"rendered":"<p>Kaljaori 5,2% | West Coast Pils| Citra, Cryo Citra, El Dorado Rakkautta on selke\u00e4sti ilmassa, mutta pid\u00e4tt\u00e4ydyt\u00e4\u00e4n nyt, ettei homma mene vallan hummailuksi! Kaljaori nimitt\u00e4in suorastaan vikuroi paikalle, ja seh\u00e4n saa tammat vallan sekaisin! Humaloinniltaan l\u00e4nsirannikon tyyli\u00e4 edustava pils on satuloitu Citralla, Cryo Citralla ja El Doradolla. N\u00e4in saamme kyytiin sitrusta, kirkasta greippi\u00e4 ja lime\u00e4, &hellip; <\/p>\n<p class=\"link-more\"><a href=\"https:\/\/www.panimotuju.fi\/en\/product\/kaljaori-52\/\" class=\"more-link\">Read more<span class=\"screen-reader-text\"> &#8221;Kaljaori 5,2%&#8221;<\/span><\/a><\/p>","protected":false},"featured_media":20154,"template":"","meta":[],"product_brand":[],"product_cat":[50],"product_tag":[],"class_list":{"0":"post-20141","1":"product","2":"type-product","3":"status-publish","4":"has-post-thumbnail","6":"product_cat-tujun_tuotteet","8":"first","9":"instock","10":"taxable","11":"shipping-taxable","12":"purchasable","13":"product-type-simple"},"jetpack_sharing_enabled":true,"_links":{"self":[{"href":"https:\/\/www.panimotuju.fi\/en\/wp-json\/wp\/v2\/product\/20141","targetHints":{"allow":["GET"]}}],"collection":[{"href":"https:\/\/www.panimotuju.fi\/en\/wp-json\/wp\/v2\/product"}],"about":[{"href":"https:\/\/www.panimotuju.fi\/en\/wp-json\/wp\/v2\/types\/product"}],"wp:featuredmedia":[{"embeddable":true,"href":"https:\/\/www.panimotuju.fi\/en\/wp-json\/wp\/v2\/media\/20154"}],"wp:attachment":[{"href":"https:\/\/www.panimotuju.fi\/en\/wp-json\/wp\/v2\/media?parent=20141"}],"wp:term":[{"taxonomy":"product_brand","embeddable":true,"href":"https:\/\/www.panimotuju.fi\/en\/wp-json\/wp\/v2\/product_brand?post=20141"},{"taxonomy":"product_cat","embeddable":true,"href":"https:\/\/www.panimotuju.fi\/en\/wp-json\/wp\/v2\/product_cat?post=20141"},{"taxonomy":"product_tag","embeddable":true,"href":"https:\/\/www.panimotuju.fi\/en\/wp-json\/wp\/v2\/product_tag?post=20141"}],"curies":[{"name":"wp","href":"https:\/\/api.w.org\/{rel}","templated":true}]}}