{"id":20144,"date":"2026-03-23T11:05:34","date_gmt":"2026-03-23T09:05:34","guid":{"rendered":"https:\/\/www.panimotuju.fi\/?post_type=product&#038;p=20144"},"modified":"2026-04-30T15:27:23","modified_gmt":"2026-04-30T12:27:23","slug":"flying-couch-dk-knock-knock-80","status":"publish","type":"product","link":"https:\/\/www.panimotuju.fi\/en\/product\/flying-couch-dk-knock-knock-80\/","title":{"rendered":"Flying Couch (DK) &#8211; Knock Knock 8,0%"},"content":{"rendered":"<p><strong>Flying Couch Brewing<\/strong> on vuonna 2011 perustettu k\u00f6\u00f6penhaminalainen pienpanimo, joka tunnetaan rohkeista, luovista ja helposti l\u00e4hestytt\u00e4vist\u00e4 oluistaan. Panimo sai alkunsa kiertolaispanimona, mutta on sittemmin vakiinnuttanut paikkansa Tanskan k\u00e4sity\u00f6olutkent\u00e4ss\u00e4 omalla panimollaan. Flying Couchin tyyli vaihtelee humalavetoisista IPA-oluista raikkaisiin lagereihin ja erikoiseriin, joissa korostuvat kokeellisuus ja juotavuus. Panimon filosofia nojaa rentoon asenteeseen, korkeaan laatuun ja oluiden nauttimisen iloon \u2013 ilman turhaa j\u00e4ykistely\u00e4.<\/p>\n<p><b>Knock Knock 8,0% | NEDIPA: <\/b>No nyt on humalaa! T\u00e4ss\u00e4 supermehussa mukana Citra Cryo, Columbus, Wakatu, Peacharine, Nectaron, Southern Cross, Rakau SubZero HopKief ja Wai-iti fresh cold pressed hop juice.<\/p>\n<p><strong>8,80\u20ac \/ 0,44L (20,00\u20ac\/L)<\/strong><\/p>","protected":false},"excerpt":{"rendered":"<p>Flying Couch Brewing on vuonna 2011 perustettu k\u00f6\u00f6penhaminalainen pienpanimo, joka tunnetaan rohkeista, luovista ja helposti l\u00e4hestytt\u00e4vist\u00e4 oluistaan. Panimo sai alkunsa kiertolaispanimona, mutta on sittemmin vakiinnuttanut paikkansa Tanskan k\u00e4sity\u00f6olutkent\u00e4ss\u00e4 omalla panimollaan. Flying Couchin tyyli vaihtelee humalavetoisista IPA-oluista raikkaisiin lagereihin ja erikoiseriin, joissa korostuvat kokeellisuus ja juotavuus. Panimon filosofia nojaa rentoon asenteeseen, korkeaan laatuun ja oluiden nauttimisen &hellip; <\/p>\n<p class=\"link-more\"><a href=\"https:\/\/www.panimotuju.fi\/en\/product\/flying-couch-dk-knock-knock-80\/\" class=\"more-link\">Read more<span class=\"screen-reader-text\"> &#8221;Flying Couch (DK) &#8211; Knock Knock 8,0%&#8221;<\/span><\/a><\/p>","protected":false},"featured_media":20150,"template":"","meta":[],"product_brand":[],"product_cat":[62],"product_tag":[],"class_list":{"0":"post-20144","1":"product","2":"type-product","3":"status-publish","4":"has-post-thumbnail","6":"product_cat-vieras","8":"first","9":"instock","10":"taxable","11":"shipping-taxable","12":"purchasable","13":"product-type-simple"},"jetpack_sharing_enabled":true,"_links":{"self":[{"href":"https:\/\/www.panimotuju.fi\/en\/wp-json\/wp\/v2\/product\/20144","targetHints":{"allow":["GET"]}}],"collection":[{"href":"https:\/\/www.panimotuju.fi\/en\/wp-json\/wp\/v2\/product"}],"about":[{"href":"https:\/\/www.panimotuju.fi\/en\/wp-json\/wp\/v2\/types\/product"}],"wp:featuredmedia":[{"embeddable":true,"href":"https:\/\/www.panimotuju.fi\/en\/wp-json\/wp\/v2\/media\/20150"}],"wp:attachment":[{"href":"https:\/\/www.panimotuju.fi\/en\/wp-json\/wp\/v2\/media?parent=20144"}],"wp:term":[{"taxonomy":"product_brand","embeddable":true,"href":"https:\/\/www.panimotuju.fi\/en\/wp-json\/wp\/v2\/product_brand?post=20144"},{"taxonomy":"product_cat","embeddable":true,"href":"https:\/\/www.panimotuju.fi\/en\/wp-json\/wp\/v2\/product_cat?post=20144"},{"taxonomy":"product_tag","embeddable":true,"href":"https:\/\/www.panimotuju.fi\/en\/wp-json\/wp\/v2\/product_tag?post=20144"}],"curies":[{"name":"wp","href":"https:\/\/api.w.org\/{rel}","templated":true}]}}