{"id":20145,"date":"2026-03-23T11:07:56","date_gmt":"2026-03-23T09:07:56","guid":{"rendered":"https:\/\/www.panimotuju.fi\/?post_type=product&#038;p=20145"},"modified":"2026-04-10T20:33:09","modified_gmt":"2026-04-10T17:33:09","slug":"flying-couch-dk-bier-mit-obst-bmo-47","status":"publish","type":"product","link":"https:\/\/www.panimotuju.fi\/en\/product\/flying-couch-dk-bier-mit-obst-bmo-47\/","title":{"rendered":"Flying Couch (DK) &#8211; Bier Mit Obst (BMO) 4,7%"},"content":{"rendered":"<p><strong>Flying Couch Brewing<\/strong> on vuonna 2011 perustettu k\u00f6\u00f6penhaminalainen pienpanimo, joka tunnetaan rohkeista, luovista ja helposti l\u00e4hestytt\u00e4vist\u00e4 oluistaan. Panimo sai alkunsa kiertolaispanimona, mutta on sittemmin vakiinnuttanut paikkansa Tanskan k\u00e4sity\u00f6olutkent\u00e4ss\u00e4 omalla panimollaan. Flying Couchin tyyli vaihtelee humalavetoisista IPA-oluista raikkaisiin lagereihin ja erikoiseriin, joissa korostuvat kokeellisuus ja juotavuus. Panimon filosofia nojaa rentoon asenteeseen, korkeaan laatuun ja oluiden nauttimisen iloon \u2013 ilman turhaa j\u00e4ykistely\u00e4.<\/p>\n<p><b>Bier Mit Obst (BMO) 4,7% | Fruited Sour: <\/b>Maustettu papaijalla, mangolla, melonilla, guavalla ja ananaksella.<\/p>\n<p><strong>7,20\u20ac \/ 0,44L (16,36\u20ac\/L)<\/strong><\/p>","protected":false},"excerpt":{"rendered":"<p>Flying Couch Brewing on vuonna 2011 perustettu k\u00f6\u00f6penhaminalainen pienpanimo, joka tunnetaan rohkeista, luovista ja helposti l\u00e4hestytt\u00e4vist\u00e4 oluistaan. Panimo sai alkunsa kiertolaispanimona, mutta on sittemmin vakiinnuttanut paikkansa Tanskan k\u00e4sity\u00f6olutkent\u00e4ss\u00e4 omalla panimollaan. Flying Couchin tyyli vaihtelee humalavetoisista IPA-oluista raikkaisiin lagereihin ja erikoiseriin, joissa korostuvat kokeellisuus ja juotavuus. Panimon filosofia nojaa rentoon asenteeseen, korkeaan laatuun ja oluiden nauttimisen &hellip; <\/p>\n<p class=\"link-more\"><a href=\"https:\/\/www.panimotuju.fi\/en\/product\/flying-couch-dk-bier-mit-obst-bmo-47\/\" class=\"more-link\">Read more<span class=\"screen-reader-text\"> &#8221;Flying Couch (DK) &#8211; Bier Mit Obst (BMO) 4,7%&#8221;<\/span><\/a><\/p>","protected":false},"featured_media":20149,"template":"","meta":[],"product_brand":[],"product_cat":[62],"product_tag":[],"class_list":{"0":"post-20145","1":"product","2":"type-product","3":"status-publish","4":"has-post-thumbnail","6":"product_cat-vieras","8":"first","9":"instock","10":"taxable","11":"shipping-taxable","12":"purchasable","13":"product-type-simple"},"jetpack_sharing_enabled":true,"_links":{"self":[{"href":"https:\/\/www.panimotuju.fi\/en\/wp-json\/wp\/v2\/product\/20145","targetHints":{"allow":["GET"]}}],"collection":[{"href":"https:\/\/www.panimotuju.fi\/en\/wp-json\/wp\/v2\/product"}],"about":[{"href":"https:\/\/www.panimotuju.fi\/en\/wp-json\/wp\/v2\/types\/product"}],"wp:featuredmedia":[{"embeddable":true,"href":"https:\/\/www.panimotuju.fi\/en\/wp-json\/wp\/v2\/media\/20149"}],"wp:attachment":[{"href":"https:\/\/www.panimotuju.fi\/en\/wp-json\/wp\/v2\/media?parent=20145"}],"wp:term":[{"taxonomy":"product_brand","embeddable":true,"href":"https:\/\/www.panimotuju.fi\/en\/wp-json\/wp\/v2\/product_brand?post=20145"},{"taxonomy":"product_cat","embeddable":true,"href":"https:\/\/www.panimotuju.fi\/en\/wp-json\/wp\/v2\/product_cat?post=20145"},{"taxonomy":"product_tag","embeddable":true,"href":"https:\/\/www.panimotuju.fi\/en\/wp-json\/wp\/v2\/product_tag?post=20145"}],"curies":[{"name":"wp","href":"https:\/\/api.w.org\/{rel}","templated":true}]}}