{"id":20204,"date":"2026-03-30T09:45:48","date_gmt":"2026-03-30T06:45:48","guid":{"rendered":"https:\/\/www.panimotuju.fi\/?post_type=product&#038;p=20204"},"modified":"2026-04-18T15:01:48","modified_gmt":"2026-04-18T12:01:48","slug":"bad-seed-dk-tropical-freeze-70","status":"publish","type":"product","link":"https:\/\/www.panimotuju.fi\/en\/product\/bad-seed-dk-tropical-freeze-70\/","title":{"rendered":"Bad Seed (DK) &#8211; Tropical Freeze 7,0%"},"content":{"rendered":"<p>Pohjois-Tanskassa oluitaan keittelev\u00e4 <strong>Bad Seed<\/strong> on noussut kohinalla skenen kovimpien harrastajien suosioon. Laatu edell\u00e4 tehdyt oluet ovat varsinaisia taidonn\u00e4ytteit\u00e4 viimeist\u00e4 yksityiskohtaa my\u00f6den, mutta mit\u00e4\u00e4n turhaa hifistely\u00e4 ja pr\u00e4ss\u00e4ily\u00e4 t\u00e4m\u00e4 panimo ei kuitenkaan harrasta!<\/p>\n<p><b>Tropical Freeze 7,0% | DDH West Coast IPA: <\/b>Moderni west coast, josta lager-hiiva tekee erityisen kirkkaan ja puhtaan antaen humalille tilaa makuprofiilissa. Humalina Mosaic (Dynaboost, T90, Cryo), Krush Cryo ja Superdelic. Tuplakuivahumaloinnin my\u00f6t\u00e4 makuun on saatu megalomaanista d\u00e4nkki\u00e4 trooppista makua. Saatat my\u00f6s l\u00f6yt\u00e4\u00e4 mustikkaa, thai-basilikaa, makeaa sitrusta ja mangoa.<\/p>\n<p><strong>9,90\u20ac \/ 0,44L (22,50\u20ac\/L)<\/strong><\/p>","protected":false},"excerpt":{"rendered":"<p>Pohjois-Tanskassa oluitaan keittelev\u00e4 Bad Seed on noussut kohinalla skenen kovimpien harrastajien suosioon. Laatu edell\u00e4 tehdyt oluet ovat varsinaisia taidonn\u00e4ytteit\u00e4 viimeist\u00e4 yksityiskohtaa my\u00f6den, mutta mit\u00e4\u00e4n turhaa hifistely\u00e4 ja pr\u00e4ss\u00e4ily\u00e4 t\u00e4m\u00e4 panimo ei kuitenkaan harrasta! Tropical Freeze 7,0% | DDH West Coast IPA: Moderni west coast, josta lager-hiiva tekee erityisen kirkkaan ja puhtaan antaen humalille tilaa makuprofiilissa. &hellip; <\/p>\n<p class=\"link-more\"><a href=\"https:\/\/www.panimotuju.fi\/en\/product\/bad-seed-dk-tropical-freeze-70\/\" class=\"more-link\">Read more<span class=\"screen-reader-text\"> &#8221;Bad Seed (DK) &#8211; Tropical Freeze 7,0%&#8221;<\/span><\/a><\/p>","protected":false},"featured_media":20207,"template":"","meta":[],"product_brand":[],"product_cat":[62],"product_tag":[],"class_list":{"0":"post-20204","1":"product","2":"type-product","3":"status-publish","4":"has-post-thumbnail","6":"product_cat-vieras","8":"first","9":"instock","10":"taxable","11":"shipping-taxable","12":"purchasable","13":"product-type-simple"},"jetpack_sharing_enabled":true,"_links":{"self":[{"href":"https:\/\/www.panimotuju.fi\/en\/wp-json\/wp\/v2\/product\/20204","targetHints":{"allow":["GET"]}}],"collection":[{"href":"https:\/\/www.panimotuju.fi\/en\/wp-json\/wp\/v2\/product"}],"about":[{"href":"https:\/\/www.panimotuju.fi\/en\/wp-json\/wp\/v2\/types\/product"}],"wp:featuredmedia":[{"embeddable":true,"href":"https:\/\/www.panimotuju.fi\/en\/wp-json\/wp\/v2\/media\/20207"}],"wp:attachment":[{"href":"https:\/\/www.panimotuju.fi\/en\/wp-json\/wp\/v2\/media?parent=20204"}],"wp:term":[{"taxonomy":"product_brand","embeddable":true,"href":"https:\/\/www.panimotuju.fi\/en\/wp-json\/wp\/v2\/product_brand?post=20204"},{"taxonomy":"product_cat","embeddable":true,"href":"https:\/\/www.panimotuju.fi\/en\/wp-json\/wp\/v2\/product_cat?post=20204"},{"taxonomy":"product_tag","embeddable":true,"href":"https:\/\/www.panimotuju.fi\/en\/wp-json\/wp\/v2\/product_tag?post=20204"}],"curies":[{"name":"wp","href":"https:\/\/api.w.org\/{rel}","templated":true}]}}