{"id":20205,"date":"2026-03-30T09:50:49","date_gmt":"2026-03-30T06:50:49","guid":{"rendered":"https:\/\/www.panimotuju.fi\/?post_type=product&#038;p=20205"},"modified":"2026-05-02T17:32:21","modified_gmt":"2026-05-02T14:32:21","slug":"bad-seed-dk-fuzzy-greens-80","status":"publish","type":"product","link":"https:\/\/www.panimotuju.fi\/en\/product\/bad-seed-dk-fuzzy-greens-80\/","title":{"rendered":"Bad Seed (DK) &#8211; Fuzzy Greens 8,0%"},"content":{"rendered":"<p>Pohjois-Tanskassa oluitaan keittelev\u00e4 <strong>Bad Seed<\/strong> on noussut kohinalla skenen kovimpien harrastajien suosioon. Laatu edell\u00e4 tehdyt oluet ovat varsinaisia taidonn\u00e4ytteit\u00e4 viimeist\u00e4 yksityiskohtaa my\u00f6den, mutta mit\u00e4\u00e4n turhaa hifistely\u00e4 ja pr\u00e4ss\u00e4ily\u00e4 t\u00e4m\u00e4 panimo ei kuitenkaan harrasta!<\/p>\n<p><b>Fuzzy Greens 8,0% | DDH Hazy DIPA: <\/b>Uuden-Seelannin humalilla keitelty tupla-IPA. On mehu! Humalina Nelson Sauvin, Kohia Nelson, Riwaka ja Motueka Sub-Zero Hop Kief. T\u00e4st\u00e4 l\u00f6ytyy valkoviinim\u00e4isi\u00e4 aromeja yhdess\u00e4 passionhedelm\u00e4n ja mandariinin kanssa. Runko on pehme\u00e4, katkerot hentoja ja hedelm\u00e4isyys tuhtia. Aivan liian helposti uppoava!<\/p>\n<p><strong>10,80\u20ac \/ 0,44L (24,55\u20ac\/L)<\/strong><\/p>","protected":false},"excerpt":{"rendered":"<p>Pohjois-Tanskassa oluitaan keittelev\u00e4 Bad Seed on noussut kohinalla skenen kovimpien harrastajien suosioon. Laatu edell\u00e4 tehdyt oluet ovat varsinaisia taidonn\u00e4ytteit\u00e4 viimeist\u00e4 yksityiskohtaa my\u00f6den, mutta mit\u00e4\u00e4n turhaa hifistely\u00e4 ja pr\u00e4ss\u00e4ily\u00e4 t\u00e4m\u00e4 panimo ei kuitenkaan harrasta! Fuzzy Greens 8,0% | DDH Hazy DIPA: Uuden-Seelannin humalilla keitelty tupla-IPA. On mehu! Humalina Nelson Sauvin, Kohia Nelson, Riwaka ja Motueka Sub-Zero &hellip; <\/p>\n<p class=\"link-more\"><a href=\"https:\/\/www.panimotuju.fi\/en\/product\/bad-seed-dk-fuzzy-greens-80\/\" class=\"more-link\">Read more<span class=\"screen-reader-text\"> &#8221;Bad Seed (DK) &#8211; Fuzzy Greens 8,0%&#8221;<\/span><\/a><\/p>","protected":false},"featured_media":20206,"template":"","meta":[],"product_brand":[],"product_cat":[62],"product_tag":[],"class_list":{"0":"post-20205","1":"product","2":"type-product","3":"status-publish","4":"has-post-thumbnail","6":"product_cat-vieras","8":"first","9":"instock","10":"taxable","11":"shipping-taxable","12":"purchasable","13":"product-type-simple"},"jetpack_sharing_enabled":true,"_links":{"self":[{"href":"https:\/\/www.panimotuju.fi\/en\/wp-json\/wp\/v2\/product\/20205","targetHints":{"allow":["GET"]}}],"collection":[{"href":"https:\/\/www.panimotuju.fi\/en\/wp-json\/wp\/v2\/product"}],"about":[{"href":"https:\/\/www.panimotuju.fi\/en\/wp-json\/wp\/v2\/types\/product"}],"wp:featuredmedia":[{"embeddable":true,"href":"https:\/\/www.panimotuju.fi\/en\/wp-json\/wp\/v2\/media\/20206"}],"wp:attachment":[{"href":"https:\/\/www.panimotuju.fi\/en\/wp-json\/wp\/v2\/media?parent=20205"}],"wp:term":[{"taxonomy":"product_brand","embeddable":true,"href":"https:\/\/www.panimotuju.fi\/en\/wp-json\/wp\/v2\/product_brand?post=20205"},{"taxonomy":"product_cat","embeddable":true,"href":"https:\/\/www.panimotuju.fi\/en\/wp-json\/wp\/v2\/product_cat?post=20205"},{"taxonomy":"product_tag","embeddable":true,"href":"https:\/\/www.panimotuju.fi\/en\/wp-json\/wp\/v2\/product_tag?post=20205"}],"curies":[{"name":"wp","href":"https:\/\/api.w.org\/{rel}","templated":true}]}}