{"id":20209,"date":"2026-03-30T15:11:21","date_gmt":"2026-03-30T12:11:21","guid":{"rendered":"https:\/\/www.panimotuju.fi\/?post_type=product&#038;p=20209"},"modified":"2026-04-23T08:11:51","modified_gmt":"2026-04-23T05:11:51","slug":"sofia-electric-bg-broomstick-72","status":"publish","type":"product","link":"https:\/\/www.panimotuju.fi\/en\/product\/sofia-electric-bg-broomstick-72\/","title":{"rendered":"Sofia Electric (BG) &#8211; Broomstick 7,2%"},"content":{"rendered":"<p>Bulgarian p\u00e4\u00e4kaupungissa sijaitseva <strong>Sofia Electric<\/strong> on maansa ykk\u00f6snimi\u00e4 pienpanimoskeness\u00e4. Panimoa py\u00f6ritt\u00e4\u00e4 Simeon, jolla on pitk\u00e4 kotikeittotausta ja sittemmin vaihtoi IT-alan ammattimaiseen oluenpanemiseen. P\u00e4\u00e4panijana toimii Australiasta l\u00e4ht\u00f6isin oleva Aiden Allen, joka on aiemmin ty\u00f6skennellyt muun muassa P\u00f5hjalalla ja Sirenill\u00e4.<\/p>\n<p><strong>Broomstick 7,2% | NEIPA: <\/strong>Humalina Nelson Sauvin, Strata ja Citra.<\/p>\n<p><strong>8,40\u20ac \/ 0,5L (16,80\u20ac\/L)<\/strong><\/p>\n<p data-pm-slice=\"1 1 []\">","protected":false},"excerpt":{"rendered":"<p>Bulgarian p\u00e4\u00e4kaupungissa sijaitseva Sofia Electric on maansa ykk\u00f6snimi\u00e4 pienpanimoskeness\u00e4. Panimoa py\u00f6ritt\u00e4\u00e4 Simeon, jolla on pitk\u00e4 kotikeittotausta ja sittemmin vaihtoi IT-alan ammattimaiseen oluenpanemiseen. P\u00e4\u00e4panijana toimii Australiasta l\u00e4ht\u00f6isin oleva Aiden Allen, joka on aiemmin ty\u00f6skennellyt muun muassa P\u00f5hjalalla ja Sirenill\u00e4. Broomstick 7,2% | NEIPA: Humalina Nelson Sauvin, Strata ja Citra. 8,40\u20ac \/ 0,5L (16,80\u20ac\/L)<\/p>","protected":false},"featured_media":20241,"template":"","meta":[],"product_brand":[],"product_cat":[62],"product_tag":[],"class_list":{"0":"post-20209","1":"product","2":"type-product","3":"status-publish","4":"has-post-thumbnail","6":"product_cat-vieras","8":"first","9":"instock","10":"taxable","11":"shipping-taxable","12":"purchasable","13":"product-type-simple"},"jetpack_sharing_enabled":true,"_links":{"self":[{"href":"https:\/\/www.panimotuju.fi\/en\/wp-json\/wp\/v2\/product\/20209","targetHints":{"allow":["GET"]}}],"collection":[{"href":"https:\/\/www.panimotuju.fi\/en\/wp-json\/wp\/v2\/product"}],"about":[{"href":"https:\/\/www.panimotuju.fi\/en\/wp-json\/wp\/v2\/types\/product"}],"wp:featuredmedia":[{"embeddable":true,"href":"https:\/\/www.panimotuju.fi\/en\/wp-json\/wp\/v2\/media\/20241"}],"wp:attachment":[{"href":"https:\/\/www.panimotuju.fi\/en\/wp-json\/wp\/v2\/media?parent=20209"}],"wp:term":[{"taxonomy":"product_brand","embeddable":true,"href":"https:\/\/www.panimotuju.fi\/en\/wp-json\/wp\/v2\/product_brand?post=20209"},{"taxonomy":"product_cat","embeddable":true,"href":"https:\/\/www.panimotuju.fi\/en\/wp-json\/wp\/v2\/product_cat?post=20209"},{"taxonomy":"product_tag","embeddable":true,"href":"https:\/\/www.panimotuju.fi\/en\/wp-json\/wp\/v2\/product_tag?post=20209"}],"curies":[{"name":"wp","href":"https:\/\/api.w.org\/{rel}","templated":true}]}}