{"id":20210,"date":"2026-03-30T15:12:33","date_gmt":"2026-03-30T12:12:33","guid":{"rendered":"https:\/\/www.panimotuju.fi\/?post_type=product&#038;p=20210"},"modified":"2026-05-02T20:51:41","modified_gmt":"2026-05-02T17:51:41","slug":"sofia-electric-bg-urban-heat-island-69","status":"publish","type":"product","link":"https:\/\/www.panimotuju.fi\/en\/product\/sofia-electric-bg-urban-heat-island-69\/","title":{"rendered":"Sofia Electric (BG) &#8211; Urban Heat Island 6,9%"},"content":{"rendered":"<p>Bulgarian p\u00e4\u00e4kaupungissa sijaitseva <strong>Sofia Electric<\/strong> on maansa ykk\u00f6snimi\u00e4 pienpanimoskeness\u00e4. Panimoa py\u00f6ritt\u00e4\u00e4 Simeon, jolla on pitk\u00e4 kotikeittotausta ja sittemmin vaihtoi IT-alan ammattimaiseen oluenpanemiseen. P\u00e4\u00e4panijana toimii Australiasta l\u00e4ht\u00f6isin oleva Aiden Allen, joka on aiemmin ty\u00f6skennellyt muun muassa P\u00f5hjalalla ja Sirenill\u00e4.<\/p>\n<p><strong>Urban Heat Island 6,9% | NEIPA: <\/strong>Legendaarisella Verdantin hiivakannalla k\u00e4ytetty NEIPA, jossa humalina Motueka, Citra ja Mosaic.<\/p>\n<p><strong>8,90\u20ac \/ 0,5L (17,80\u20ac\/L)<\/strong><\/p>\n<p data-pm-slice=\"1 1 []\">","protected":false},"excerpt":{"rendered":"<p>Bulgarian p\u00e4\u00e4kaupungissa sijaitseva Sofia Electric on maansa ykk\u00f6snimi\u00e4 pienpanimoskeness\u00e4. Panimoa py\u00f6ritt\u00e4\u00e4 Simeon, jolla on pitk\u00e4 kotikeittotausta ja sittemmin vaihtoi IT-alan ammattimaiseen oluenpanemiseen. P\u00e4\u00e4panijana toimii Australiasta l\u00e4ht\u00f6isin oleva Aiden Allen, joka on aiemmin ty\u00f6skennellyt muun muassa P\u00f5hjalalla ja Sirenill\u00e4. Urban Heat Island 6,9% | NEIPA: Legendaarisella Verdantin hiivakannalla k\u00e4ytetty NEIPA, jossa humalina Motueka, Citra ja Mosaic. &hellip; <\/p>\n<p class=\"link-more\"><a href=\"https:\/\/www.panimotuju.fi\/en\/product\/sofia-electric-bg-urban-heat-island-69\/\" class=\"more-link\">Read more<span class=\"screen-reader-text\"> &#8221;Sofia Electric (BG) &#8211; Urban Heat Island 6,9%&#8221;<\/span><\/a><\/p>","protected":false},"featured_media":20240,"template":"","meta":[],"product_brand":[],"product_cat":[62],"product_tag":[],"class_list":{"0":"post-20210","1":"product","2":"type-product","3":"status-publish","4":"has-post-thumbnail","6":"product_cat-vieras","8":"first","9":"instock","10":"taxable","11":"shipping-taxable","12":"purchasable","13":"product-type-simple"},"jetpack_sharing_enabled":true,"_links":{"self":[{"href":"https:\/\/www.panimotuju.fi\/en\/wp-json\/wp\/v2\/product\/20210","targetHints":{"allow":["GET"]}}],"collection":[{"href":"https:\/\/www.panimotuju.fi\/en\/wp-json\/wp\/v2\/product"}],"about":[{"href":"https:\/\/www.panimotuju.fi\/en\/wp-json\/wp\/v2\/types\/product"}],"wp:featuredmedia":[{"embeddable":true,"href":"https:\/\/www.panimotuju.fi\/en\/wp-json\/wp\/v2\/media\/20240"}],"wp:attachment":[{"href":"https:\/\/www.panimotuju.fi\/en\/wp-json\/wp\/v2\/media?parent=20210"}],"wp:term":[{"taxonomy":"product_brand","embeddable":true,"href":"https:\/\/www.panimotuju.fi\/en\/wp-json\/wp\/v2\/product_brand?post=20210"},{"taxonomy":"product_cat","embeddable":true,"href":"https:\/\/www.panimotuju.fi\/en\/wp-json\/wp\/v2\/product_cat?post=20210"},{"taxonomy":"product_tag","embeddable":true,"href":"https:\/\/www.panimotuju.fi\/en\/wp-json\/wp\/v2\/product_tag?post=20210"}],"curies":[{"name":"wp","href":"https:\/\/api.w.org\/{rel}","templated":true}]}}