{"id":20308,"date":"2026-04-13T11:01:22","date_gmt":"2026-04-13T08:01:22","guid":{"rendered":"https:\/\/www.panimotuju.fi\/?post_type=product&#038;p=20308"},"modified":"2026-04-24T18:01:13","modified_gmt":"2026-04-24T15:01:13","slug":"gamma-dk-madre-selva-iwcbd26-58","status":"publish","type":"product","link":"https:\/\/www.panimotuju.fi\/en\/product\/gamma-dk-madre-selva-iwcbd26-58\/","title":{"rendered":"Gamma (DK) &#8211; Madre Selva (IWCBD26) 5,8%"},"content":{"rendered":"<p><strong>Gamma Brewing Company<\/strong> on tanskalainen panimo, joka on valloittanut oluillaan maailmaa myrskyn lailla. Tyypit tekev\u00e4t mit\u00e4 vain oluttyylej\u00e4, mutta maku edell\u00e4 ja ovat my\u00f6s tunnettuja m\u00e4\u00e4r\u00e4lliseti t\u00f6rke\u00e4st\u00e4 ja v\u00e4linpit\u00e4m\u00e4tt\u00f6m\u00e4st\u00e4 humalank\u00e4yt\u00f6st\u00e4! Panimo on my\u00f6s aktiivinen yhteis\u00f6ns\u00e4 kanssa, ja se j\u00e4rjest\u00e4\u00e4 tapahtumia ja yhteisty\u00f6projekteja muiden paikallisten panimoiden ja olutravintoloiden kanssa. Gamma on sitoutunut laatuun ja luovuuteen, mik\u00e4 tekee siit\u00e4 houkuttelevan vaihtoehdon oluiden yst\u00e4ville.<\/p>\n<p><strong>Madre Selva 5,8% | West Coast Pilsner: <\/strong>Vuoden 2026 International Women&#8217;s Collab Brew Day vietettiin Gammalla. Panimoalan naisia ymp\u00e4ri Euroopan ker\u00e4\u00e4ntyi paikalle ja p\u00e4iv\u00e4n tuloksena on raikas west coast pils! Yakima Chief Hopsin Pink Boots 2026 -humalablendill\u00e4 humaloitu rapsakka pilsner sopii t\u00e4ydellisesti kev\u00e4\u00e4n ensimm\u00e4iseksi terassiolueksi!<\/p>\n<p><strong>9,15\u20ac \/ 0,44L (20,80\u20ac\/L)<\/strong><\/p>\n<p data-pm-slice=\"1 1 []\">","protected":false},"excerpt":{"rendered":"<p>Gamma Brewing Company on tanskalainen panimo, joka on valloittanut oluillaan maailmaa myrskyn lailla. Tyypit tekev\u00e4t mit\u00e4 vain oluttyylej\u00e4, mutta maku edell\u00e4 ja ovat my\u00f6s tunnettuja m\u00e4\u00e4r\u00e4lliseti t\u00f6rke\u00e4st\u00e4 ja v\u00e4linpit\u00e4m\u00e4tt\u00f6m\u00e4st\u00e4 humalank\u00e4yt\u00f6st\u00e4! Panimo on my\u00f6s aktiivinen yhteis\u00f6ns\u00e4 kanssa, ja se j\u00e4rjest\u00e4\u00e4 tapahtumia ja yhteisty\u00f6projekteja muiden paikallisten panimoiden ja olutravintoloiden kanssa. Gamma on sitoutunut laatuun ja luovuuteen, mik\u00e4 &hellip; <\/p>\n<p class=\"link-more\"><a href=\"https:\/\/www.panimotuju.fi\/en\/product\/gamma-dk-madre-selva-iwcbd26-58\/\" class=\"more-link\">Read more<span class=\"screen-reader-text\"> &#8221;Gamma (DK) &#8211; Madre Selva (IWCBD26) 5,8%&#8221;<\/span><\/a><\/p>","protected":false},"featured_media":20358,"template":"","meta":[],"product_brand":[],"product_cat":[62],"product_tag":[],"class_list":{"0":"post-20308","1":"product","2":"type-product","3":"status-publish","4":"has-post-thumbnail","6":"product_cat-vieras","8":"first","9":"instock","10":"taxable","11":"shipping-taxable","12":"purchasable","13":"product-type-simple"},"jetpack_sharing_enabled":true,"_links":{"self":[{"href":"https:\/\/www.panimotuju.fi\/en\/wp-json\/wp\/v2\/product\/20308","targetHints":{"allow":["GET"]}}],"collection":[{"href":"https:\/\/www.panimotuju.fi\/en\/wp-json\/wp\/v2\/product"}],"about":[{"href":"https:\/\/www.panimotuju.fi\/en\/wp-json\/wp\/v2\/types\/product"}],"wp:featuredmedia":[{"embeddable":true,"href":"https:\/\/www.panimotuju.fi\/en\/wp-json\/wp\/v2\/media\/20358"}],"wp:attachment":[{"href":"https:\/\/www.panimotuju.fi\/en\/wp-json\/wp\/v2\/media?parent=20308"}],"wp:term":[{"taxonomy":"product_brand","embeddable":true,"href":"https:\/\/www.panimotuju.fi\/en\/wp-json\/wp\/v2\/product_brand?post=20308"},{"taxonomy":"product_cat","embeddable":true,"href":"https:\/\/www.panimotuju.fi\/en\/wp-json\/wp\/v2\/product_cat?post=20308"},{"taxonomy":"product_tag","embeddable":true,"href":"https:\/\/www.panimotuju.fi\/en\/wp-json\/wp\/v2\/product_tag?post=20308"}],"curies":[{"name":"wp","href":"https:\/\/api.w.org\/{rel}","templated":true}]}}