{"id":20316,"date":"2026-04-15T08:53:00","date_gmt":"2026-04-15T05:53:00","guid":{"rendered":"https:\/\/www.panimotuju.fi\/?post_type=product&#038;p=20316"},"modified":"2026-04-25T14:11:09","modified_gmt":"2026-04-25T11:11:09","slug":"andersons-ee-destinys-wild-rhubarb-69","status":"publish","type":"product","link":"https:\/\/www.panimotuju.fi\/en\/product\/andersons-ee-destinys-wild-rhubarb-69\/","title":{"rendered":"Anderson&#8217;s (EE) &#8211; Destiny&#8217;s Wild Rhubarb 6,9%"},"content":{"rendered":"<p><b>Anderson&#8217;s Brewery\u00a0<\/b>ja sen taproom on monelle Virossa matkustaneelle olutn\u00f6rtille tuttu paikka. Onhan panimo yksi Viron tunnetuimpia craft-olutskeness\u00e4, eik\u00e4 suotta! Tarina alkoi vuonna 2014 p\u00e4\u00e4panija Stenin innostuttua ensin oluen panemisesta kotioloissa ja sen j\u00e4lkeen testaillen siipi\u00e4\u00e4n kiertolaisena muilla panimoilla. Vuonna 2019 tiimi sai lis\u00e4vahvistuksia ja unelma omasta panimosta alkoi edet\u00e4. Nyky\u00e4\u00e4n Viron Tartossa sijaitseva Anderson&#8217;s testailee laajalla skaalalla eri tyylilajeja tavoitteenaan tehd\u00e4 kaikkea muuta, paitsi tylsi\u00e4 oluita. Klassisten tyylilajien lis\u00e4ksi panimolla on my\u00f6s tynnyriprojekteja, joista pullotellaan aktiivisesti tummanpuhuvia stoutteja, marjaisia meadeja ja moniulotteisia villihiivaoluita!<\/p>\n<p><strong>Destiny&#8217;s Wild Rhubarb 6,9% | Wild Ale: <\/strong>Kaksi vuotta kypsymisaikaa saanut rohkea ja rapsakka villihiiva, joka on maustettu raparperilla. Moniulotteisesta makumaailmasta l\u00f6ytyy mm. proseccon, valkoviinin ja siiderin piirteit\u00e4.<\/p>\n<p><strong>16,50\u20ac \/ 0,75L (22,00\u20ac\/L)<\/strong><\/p>\n<p data-pm-slice=\"1 1 []\">","protected":false},"excerpt":{"rendered":"<p>Anderson&#8217;s Brewery\u00a0ja sen taproom on monelle Virossa matkustaneelle olutn\u00f6rtille tuttu paikka. Onhan panimo yksi Viron tunnetuimpia craft-olutskeness\u00e4, eik\u00e4 suotta! Tarina alkoi vuonna 2014 p\u00e4\u00e4panija Stenin innostuttua ensin oluen panemisesta kotioloissa ja sen j\u00e4lkeen testaillen siipi\u00e4\u00e4n kiertolaisena muilla panimoilla. Vuonna 2019 tiimi sai lis\u00e4vahvistuksia ja unelma omasta panimosta alkoi edet\u00e4. Nyky\u00e4\u00e4n Viron Tartossa sijaitseva Anderson&#8217;s testailee &hellip; <\/p>\n<p class=\"link-more\"><a href=\"https:\/\/www.panimotuju.fi\/en\/product\/andersons-ee-destinys-wild-rhubarb-69\/\" class=\"more-link\">Read more<span class=\"screen-reader-text\"> &#8221;Anderson&#8217;s (EE) &#8211; Destiny&#8217;s Wild Rhubarb 6,9%&#8221;<\/span><\/a><\/p>","protected":false},"featured_media":20319,"template":"","meta":[],"product_brand":[],"product_cat":[62],"product_tag":[],"class_list":{"0":"post-20316","1":"product","2":"type-product","3":"status-publish","4":"has-post-thumbnail","6":"product_cat-vieras","8":"first","9":"instock","10":"taxable","11":"shipping-taxable","12":"purchasable","13":"product-type-simple"},"jetpack_sharing_enabled":true,"_links":{"self":[{"href":"https:\/\/www.panimotuju.fi\/en\/wp-json\/wp\/v2\/product\/20316","targetHints":{"allow":["GET"]}}],"collection":[{"href":"https:\/\/www.panimotuju.fi\/en\/wp-json\/wp\/v2\/product"}],"about":[{"href":"https:\/\/www.panimotuju.fi\/en\/wp-json\/wp\/v2\/types\/product"}],"wp:featuredmedia":[{"embeddable":true,"href":"https:\/\/www.panimotuju.fi\/en\/wp-json\/wp\/v2\/media\/20319"}],"wp:attachment":[{"href":"https:\/\/www.panimotuju.fi\/en\/wp-json\/wp\/v2\/media?parent=20316"}],"wp:term":[{"taxonomy":"product_brand","embeddable":true,"href":"https:\/\/www.panimotuju.fi\/en\/wp-json\/wp\/v2\/product_brand?post=20316"},{"taxonomy":"product_cat","embeddable":true,"href":"https:\/\/www.panimotuju.fi\/en\/wp-json\/wp\/v2\/product_cat?post=20316"},{"taxonomy":"product_tag","embeddable":true,"href":"https:\/\/www.panimotuju.fi\/en\/wp-json\/wp\/v2\/product_tag?post=20316"}],"curies":[{"name":"wp","href":"https:\/\/api.w.org\/{rel}","templated":true}]}}