{"id":20320,"date":"2026-04-15T11:55:37","date_gmt":"2026-04-15T08:55:37","guid":{"rendered":"https:\/\/www.panimotuju.fi\/?post_type=product&#038;p=20320"},"modified":"2026-04-22T16:51:24","modified_gmt":"2026-04-22T13:51:24","slug":"brewski-swe-talk-to-me-goose-45","status":"publish","type":"product","link":"https:\/\/www.panimotuju.fi\/en\/product\/brewski-swe-talk-to-me-goose-45\/","title":{"rendered":"Brewski (SWE) &#8211; Talk To Me Goose 4,5%"},"content":{"rendered":"<p><b>Brewski\u00a0<\/b>on yksi pohjoisen Euroopan mielenkiintoisimpia pienpanimoita, joka tuottaa oluttyylej\u00e4 laidasta laitaan. Mutta onhan panimo tunnettu muustakin; esimerkiksi vuosittain Helsingborgissa j\u00e4rjestett\u00e4v\u00e4st\u00e4 Brewskival-tapahtumasta, jossa Tujukin on saanut kunnian vierailla! Lis\u00e4ksi panimolla on omat ravintolat sek\u00e4 Helsingborgissa ett\u00e4 Helsingiss\u00e4.<\/p>\n<p><b>Talk To Me Goose 4,5% | Apple Cider: <\/b>Karviaismarjalla ja seljankukalla maustettu omenasiideri.<\/p>\n<p><strong>5,50\u20ac \/ 0,33L (16,67\u20ac\/L)<\/strong><\/p>","protected":false},"excerpt":{"rendered":"<p>Brewski\u00a0on yksi pohjoisen Euroopan mielenkiintoisimpia pienpanimoita, joka tuottaa oluttyylej\u00e4 laidasta laitaan. Mutta onhan panimo tunnettu muustakin; esimerkiksi vuosittain Helsingborgissa j\u00e4rjestett\u00e4v\u00e4st\u00e4 Brewskival-tapahtumasta, jossa Tujukin on saanut kunnian vierailla! Lis\u00e4ksi panimolla on omat ravintolat sek\u00e4 Helsingborgissa ett\u00e4 Helsingiss\u00e4. Talk To Me Goose 4,5% | Apple Cider: Karviaismarjalla ja seljankukalla maustettu omenasiideri. 5,50\u20ac \/ 0,33L (16,67\u20ac\/L)<\/p>","protected":false},"featured_media":20348,"template":"","meta":[],"product_brand":[],"product_cat":[84],"product_tag":[],"class_list":{"0":"post-20320","1":"product","2":"type-product","3":"status-publish","4":"has-post-thumbnail","6":"product_cat-siiderit","8":"first","9":"instock","10":"taxable","11":"shipping-taxable","12":"purchasable","13":"product-type-simple"},"jetpack_sharing_enabled":true,"_links":{"self":[{"href":"https:\/\/www.panimotuju.fi\/en\/wp-json\/wp\/v2\/product\/20320","targetHints":{"allow":["GET"]}}],"collection":[{"href":"https:\/\/www.panimotuju.fi\/en\/wp-json\/wp\/v2\/product"}],"about":[{"href":"https:\/\/www.panimotuju.fi\/en\/wp-json\/wp\/v2\/types\/product"}],"wp:featuredmedia":[{"embeddable":true,"href":"https:\/\/www.panimotuju.fi\/en\/wp-json\/wp\/v2\/media\/20348"}],"wp:attachment":[{"href":"https:\/\/www.panimotuju.fi\/en\/wp-json\/wp\/v2\/media?parent=20320"}],"wp:term":[{"taxonomy":"product_brand","embeddable":true,"href":"https:\/\/www.panimotuju.fi\/en\/wp-json\/wp\/v2\/product_brand?post=20320"},{"taxonomy":"product_cat","embeddable":true,"href":"https:\/\/www.panimotuju.fi\/en\/wp-json\/wp\/v2\/product_cat?post=20320"},{"taxonomy":"product_tag","embeddable":true,"href":"https:\/\/www.panimotuju.fi\/en\/wp-json\/wp\/v2\/product_tag?post=20320"}],"curies":[{"name":"wp","href":"https:\/\/api.w.org\/{rel}","templated":true}]}}