{"id":20321,"date":"2026-04-15T13:16:18","date_gmt":"2026-04-15T10:16:18","guid":{"rendered":"https:\/\/www.panimotuju.fi\/?post_type=product&#038;p=20321"},"modified":"2026-05-14T13:16:34","modified_gmt":"2026-05-14T10:16:34","slug":"dry-bitter-dk-cloud-mechanics-70","status":"publish","type":"product","link":"https:\/\/www.panimotuju.fi\/en\/product\/dry-bitter-dk-cloud-mechanics-70\/","title":{"rendered":"Dry &#038; Bitter (DK) &#8211; Cloud Mechanics 7,0%"},"content":{"rendered":"<p><strong>Dry &amp; Bitter Brewing Company<\/strong> perustettiin alkuvuodesta 2015 ja se keskittyy valmistamaan Euroopan parhaita hyvin humalapitoisia oluita. Vuosien varrella panimo on tehnyt yhteisty\u00f6t\u00e4 maailman parhaimpien panimoiden, b\u00e4ndien, musiikkipaikkojen ja artistien kanssa, mik\u00e4 on auttanut pit\u00e4m\u00e4\u00e4n heid\u00e4n luovan otteensa varsin ter\u00e4v\u00e4n\u00e4. Panimo on my\u00f6s k\u00e4ynnist\u00e4nyt kunnianhimoisen hapanolutprojektin, joka kattaa sek\u00e4 hedelm\u00e4iset kettle sour-oluet, ett\u00e4 tynnyrikypsytetyt villioluet!<\/p>\n<p><strong>Cloud Mechanics 7,0% | NEIPA:<\/strong> Pehme\u00e4\u00e4 ja mehuisaa hunajamelonimaista makumaailmaa tasapainottaa maanl\u00e4heinen yrttisyys ja d\u00e4nkkiys. Humalina Mosaic ja Citra.<\/p>\n<p><strong>8,90\u20ac \/ 0,44L (20,23\u20ac\/L)<\/strong><\/p>\n<p>&nbsp;<\/p>","protected":false},"excerpt":{"rendered":"<p>Dry &amp; Bitter Brewing Company perustettiin alkuvuodesta 2015 ja se keskittyy valmistamaan Euroopan parhaita hyvin humalapitoisia oluita. Vuosien varrella panimo on tehnyt yhteisty\u00f6t\u00e4 maailman parhaimpien panimoiden, b\u00e4ndien, musiikkipaikkojen ja artistien kanssa, mik\u00e4 on auttanut pit\u00e4m\u00e4\u00e4n heid\u00e4n luovan otteensa varsin ter\u00e4v\u00e4n\u00e4. Panimo on my\u00f6s k\u00e4ynnist\u00e4nyt kunnianhimoisen hapanolutprojektin, joka kattaa sek\u00e4 hedelm\u00e4iset kettle sour-oluet, ett\u00e4 tynnyrikypsytetyt villioluet! &hellip; <\/p>\n<p class=\"link-more\"><a href=\"https:\/\/www.panimotuju.fi\/en\/product\/dry-bitter-dk-cloud-mechanics-70\/\" class=\"more-link\">Read more<span class=\"screen-reader-text\"> &#8221;Dry &#038; Bitter (DK) &#8211; Cloud Mechanics 7,0%&#8221;<\/span><\/a><\/p>","protected":false},"featured_media":20418,"template":"","meta":[],"product_brand":[],"product_cat":[62],"product_tag":[],"class_list":{"0":"post-20321","1":"product","2":"type-product","3":"status-publish","4":"has-post-thumbnail","6":"product_cat-vieras","8":"first","9":"instock","10":"taxable","11":"shipping-taxable","12":"purchasable","13":"product-type-simple"},"jetpack_sharing_enabled":true,"_links":{"self":[{"href":"https:\/\/www.panimotuju.fi\/en\/wp-json\/wp\/v2\/product\/20321","targetHints":{"allow":["GET"]}}],"collection":[{"href":"https:\/\/www.panimotuju.fi\/en\/wp-json\/wp\/v2\/product"}],"about":[{"href":"https:\/\/www.panimotuju.fi\/en\/wp-json\/wp\/v2\/types\/product"}],"wp:featuredmedia":[{"embeddable":true,"href":"https:\/\/www.panimotuju.fi\/en\/wp-json\/wp\/v2\/media\/20418"}],"wp:attachment":[{"href":"https:\/\/www.panimotuju.fi\/en\/wp-json\/wp\/v2\/media?parent=20321"}],"wp:term":[{"taxonomy":"product_brand","embeddable":true,"href":"https:\/\/www.panimotuju.fi\/en\/wp-json\/wp\/v2\/product_brand?post=20321"},{"taxonomy":"product_cat","embeddable":true,"href":"https:\/\/www.panimotuju.fi\/en\/wp-json\/wp\/v2\/product_cat?post=20321"},{"taxonomy":"product_tag","embeddable":true,"href":"https:\/\/www.panimotuju.fi\/en\/wp-json\/wp\/v2\/product_tag?post=20321"}],"curies":[{"name":"wp","href":"https:\/\/api.w.org\/{rel}","templated":true}]}}