{"id":20333,"date":"2026-04-18T19:03:00","date_gmt":"2026-04-18T16:03:00","guid":{"rendered":"https:\/\/www.panimotuju.fi\/?post_type=product&#038;p=20333"},"modified":"2026-05-03T15:57:52","modified_gmt":"2026-05-03T12:57:52","slug":"pesa-ysit-juhlakausi-lager-49","status":"publish","type":"product","link":"https:\/\/www.panimotuju.fi\/en\/product\/pesa-ysit-juhlakausi-lager-49\/","title":{"rendered":"Pes\u00e4 Ysit &#8211; Juhlakausi Lager 4,9%"},"content":{"rendered":"<p><strong>Pes\u00e4 Ysit 4,9% | Lager | Rakau, Cascade<br \/>\n<\/strong><\/p>\n<p>Pes\u00e4 Ysit on kuulunut suomalaisen pes\u00e4pallon syd\u00e4meen vuodesta 1976. Juhlakauden lager on kunnianosoitus seuran historialle, yhteisty\u00f6lle ja pelikenttien unohtumattomille hetkille. Nosta malja Pes\u00e4 Ysien 50 vuodelle!<\/p>\n<p><strong>4,85\u20ac \/ 0,44L (11,02\u20ac\/L)\u00a0<\/strong><\/p>\n<p>&nbsp;<\/p>","protected":false},"excerpt":{"rendered":"<p>Pes\u00e4 Ysit 4,9% | Lager | Rakau, Cascade Pes\u00e4 Ysit on kuulunut suomalaisen pes\u00e4pallon syd\u00e4meen vuodesta 1976. Juhlakauden lager on kunnianosoitus seuran historialle, yhteisty\u00f6lle ja pelikenttien unohtumattomille hetkille. Nosta malja Pes\u00e4 Ysien 50 vuodelle! 4,85\u20ac \/ 0,44L (11,02\u20ac\/L)\u00a0 &nbsp;<\/p>","protected":false},"featured_media":20339,"template":"","meta":[],"product_brand":[],"product_cat":[50],"product_tag":[],"class_list":{"0":"post-20333","1":"product","2":"type-product","3":"status-publish","4":"has-post-thumbnail","6":"product_cat-tujun_tuotteet","8":"first","9":"instock","10":"taxable","11":"shipping-taxable","12":"purchasable","13":"product-type-simple"},"jetpack_sharing_enabled":true,"_links":{"self":[{"href":"https:\/\/www.panimotuju.fi\/en\/wp-json\/wp\/v2\/product\/20333","targetHints":{"allow":["GET"]}}],"collection":[{"href":"https:\/\/www.panimotuju.fi\/en\/wp-json\/wp\/v2\/product"}],"about":[{"href":"https:\/\/www.panimotuju.fi\/en\/wp-json\/wp\/v2\/types\/product"}],"wp:featuredmedia":[{"embeddable":true,"href":"https:\/\/www.panimotuju.fi\/en\/wp-json\/wp\/v2\/media\/20339"}],"wp:attachment":[{"href":"https:\/\/www.panimotuju.fi\/en\/wp-json\/wp\/v2\/media?parent=20333"}],"wp:term":[{"taxonomy":"product_brand","embeddable":true,"href":"https:\/\/www.panimotuju.fi\/en\/wp-json\/wp\/v2\/product_brand?post=20333"},{"taxonomy":"product_cat","embeddable":true,"href":"https:\/\/www.panimotuju.fi\/en\/wp-json\/wp\/v2\/product_cat?post=20333"},{"taxonomy":"product_tag","embeddable":true,"href":"https:\/\/www.panimotuju.fi\/en\/wp-json\/wp\/v2\/product_tag?post=20333"}],"curies":[{"name":"wp","href":"https:\/\/api.w.org\/{rel}","templated":true}]}}