{"id":20337,"date":"2026-04-20T11:07:34","date_gmt":"2026-04-20T08:07:34","guid":{"rendered":"https:\/\/www.panimotuju.fi\/?post_type=product&#038;p=20337"},"modified":"2026-05-03T19:19:41","modified_gmt":"2026-05-03T16:19:41","slug":"crumbs-crunchy-delights-66-saison","status":"publish","type":"product","link":"https:\/\/www.panimotuju.fi\/en\/product\/crumbs-crunchy-delights-66-saison\/","title":{"rendered":"Crumb&#8217;s Crunchy Delights 6,6% &#8211; Saison"},"content":{"rendered":"<p><b>Crumb&#8217;s Crunchy Delights 6,6%<\/b><b> | Dry hopped Saison | Motueka<\/b><\/p>\n<p><span style=\"font-weight: 400;\">Kulhollinen galaktista suunektaria palaa j\u00e4lleen ja nyt meill\u00e4 on ujutettu valikoitu sato Motuekaa intergalaktisen hampurilaisen kaveriksi. Turha ujostella, kuppiin lipsahtaa trooppista Uuden-Seelannin Motuekaa!\u00a0\u00a0<\/span><\/p>\n<p><span style=\"font-weight: 400;\">Klassikkoleffa Bad Tasten mielenmaisemia tributoiva keskieurooppalainen maalaisolut luottaa hiivan luomaan moniulotteisuuteen, esterisyyteen ja pippurisuuteen ja saa kaverikseen Motuekan luomaa limetinkuorta, trooppista hedelm\u00e4\u00e4, ananasta, passionhedelm\u00e4\u00e4 ja yrttisyytt\u00e4. Makumaailma t\u00e4r\u00e4ht\u00e4\u00e4 kuin ohjus el\u00e4imeen, mutta sen suunmukaisuutta on turha kielt\u00e4\u00e4.\u00a0<\/span><\/p>\n<p><span style=\"font-weight: 400;\">Taas kerran t\u00e4ydellinen yhdistelm\u00e4 belgihiivan aromeja, kuivanhumoristista runkoa ja taidokasta kuivahumalointia, jonka makukombinaatio t\u00e4ytt\u00e4\u00e4 t\u00e4ytt\u00e4v\u00e4t kaikkien universaaliset tarpeet. Eli ns. Good Taste!<\/span><\/p>\n<p><strong>9,45\u20ac \/ 0,75L (12,60\u20ac\/L)<\/strong><\/p>\n<p>&nbsp;<\/p>","protected":false},"excerpt":{"rendered":"<p>Crumb&#8217;s Crunchy Delights 6,6% | Dry hopped Saison | Motueka Kulhollinen galaktista suunektaria palaa j\u00e4lleen ja nyt meill\u00e4 on ujutettu valikoitu sato Motuekaa intergalaktisen hampurilaisen kaveriksi. Turha ujostella, kuppiin lipsahtaa trooppista Uuden-Seelannin Motuekaa!\u00a0\u00a0 Klassikkoleffa Bad Tasten mielenmaisemia tributoiva keskieurooppalainen maalaisolut luottaa hiivan luomaan moniulotteisuuteen, esterisyyteen ja pippurisuuteen ja saa kaverikseen Motuekan luomaa limetinkuorta, trooppista hedelm\u00e4\u00e4, &hellip; <\/p>\n<p class=\"link-more\"><a href=\"https:\/\/www.panimotuju.fi\/en\/product\/crumbs-crunchy-delights-66-saison\/\" class=\"more-link\">Read more<span class=\"screen-reader-text\"> &#8221;Crumb&#8217;s Crunchy Delights 6,6% &#8211; Saison&#8221;<\/span><\/a><\/p>","protected":false},"featured_media":20338,"template":"","meta":[],"product_brand":[],"product_cat":[50],"product_tag":[],"class_list":{"0":"post-20337","1":"product","2":"type-product","3":"status-publish","4":"has-post-thumbnail","6":"product_cat-tujun_tuotteet","8":"first","9":"instock","10":"taxable","11":"shipping-taxable","12":"purchasable","13":"product-type-simple"},"jetpack_sharing_enabled":true,"_links":{"self":[{"href":"https:\/\/www.panimotuju.fi\/en\/wp-json\/wp\/v2\/product\/20337","targetHints":{"allow":["GET"]}}],"collection":[{"href":"https:\/\/www.panimotuju.fi\/en\/wp-json\/wp\/v2\/product"}],"about":[{"href":"https:\/\/www.panimotuju.fi\/en\/wp-json\/wp\/v2\/types\/product"}],"wp:featuredmedia":[{"embeddable":true,"href":"https:\/\/www.panimotuju.fi\/en\/wp-json\/wp\/v2\/media\/20338"}],"wp:attachment":[{"href":"https:\/\/www.panimotuju.fi\/en\/wp-json\/wp\/v2\/media?parent=20337"}],"wp:term":[{"taxonomy":"product_brand","embeddable":true,"href":"https:\/\/www.panimotuju.fi\/en\/wp-json\/wp\/v2\/product_brand?post=20337"},{"taxonomy":"product_cat","embeddable":true,"href":"https:\/\/www.panimotuju.fi\/en\/wp-json\/wp\/v2\/product_cat?post=20337"},{"taxonomy":"product_tag","embeddable":true,"href":"https:\/\/www.panimotuju.fi\/en\/wp-json\/wp\/v2\/product_tag?post=20337"}],"curies":[{"name":"wp","href":"https:\/\/api.w.org\/{rel}","templated":true}]}}