{"id":20346,"date":"2026-04-22T12:07:09","date_gmt":"2026-04-22T09:07:09","guid":{"rendered":"https:\/\/www.panimotuju.fi\/?post_type=product&#038;p=20346"},"modified":"2026-04-30T00:39:11","modified_gmt":"2026-04-29T21:39:11","slug":"ten-hands-swe-bohemian-raspberry-80","status":"publish","type":"product","link":"https:\/\/www.panimotuju.fi\/en\/product\/ten-hands-swe-bohemian-raspberry-80\/","title":{"rendered":"Ten Hands (SWE) &#8211; Bohemian Raspberry 8,0%"},"content":{"rendered":"<p>Vuonna 2018 perustettu <strong>Ten Hands<\/strong> sijaitsee Karlstadissa, Ruotsissa, Ruotsin suurimman j\u00e4rven pohjoisimmassa osassa. Kyseess\u00e4 on viiden kaveruksen perustama panimo, joka syntyi kiinnostuksesta yhteiseen k\u00e4sity\u00f6olueesen ja rakkaudesta omaan yhteis\u00f6\u00f6ns\u00e4. T\u00e4st\u00e4 syntyi br\u00e4ndi, joka tuottaa oluita joita he itse rakastavat ja haluavat jakaa t\u00e4t\u00e4 iloa muiden kanssa. Viiden hengen tiimi ty\u00f6skentelee tiiviisti yhdess\u00e4 ja t\u00e4st\u00e4 nimikin juontuu.<\/p>\n<p><strong>Bohemian Raspberry 8,0% | Imperial Sour<\/strong>: Marjaisa, kevyen hapan imperial sour, jossa \u00f6veristi vadelmaa! Raikas ja moniulotteinen makumaailma.<\/p>\n<p><strong>11,00\u20ac \/ 0,44L (25,00\u20ac\/L)<\/strong><\/p>\n<p>&nbsp;<\/p>\n<p>&nbsp;<\/p>\n<p>&nbsp;<\/p>\n<p>&nbsp;<\/p>\n<p>&nbsp;<\/p>\n<p>&nbsp;<\/p>\n<p>&nbsp;<\/p>","protected":false},"excerpt":{"rendered":"<p>Vuonna 2018 perustettu Ten Hands sijaitsee Karlstadissa, Ruotsissa, Ruotsin suurimman j\u00e4rven pohjoisimmassa osassa. Kyseess\u00e4 on viiden kaveruksen perustama panimo, joka syntyi kiinnostuksesta yhteiseen k\u00e4sity\u00f6olueesen ja rakkaudesta omaan yhteis\u00f6\u00f6ns\u00e4. T\u00e4st\u00e4 syntyi br\u00e4ndi, joka tuottaa oluita joita he itse rakastavat ja haluavat jakaa t\u00e4t\u00e4 iloa muiden kanssa. Viiden hengen tiimi ty\u00f6skentelee tiiviisti yhdess\u00e4 ja t\u00e4st\u00e4 nimikin juontuu. &hellip; <\/p>\n<p class=\"link-more\"><a href=\"https:\/\/www.panimotuju.fi\/en\/product\/ten-hands-swe-bohemian-raspberry-80\/\" class=\"more-link\">Read more<span class=\"screen-reader-text\"> &#8221;Ten Hands (SWE) &#8211; Bohemian Raspberry 8,0%&#8221;<\/span><\/a><\/p>","protected":false},"featured_media":20349,"template":"","meta":[],"product_brand":[],"product_cat":[62],"product_tag":[],"class_list":{"0":"post-20346","1":"product","2":"type-product","3":"status-publish","4":"has-post-thumbnail","6":"product_cat-vieras","8":"first","9":"instock","10":"taxable","11":"shipping-taxable","12":"purchasable","13":"product-type-simple"},"jetpack_sharing_enabled":true,"_links":{"self":[{"href":"https:\/\/www.panimotuju.fi\/en\/wp-json\/wp\/v2\/product\/20346","targetHints":{"allow":["GET"]}}],"collection":[{"href":"https:\/\/www.panimotuju.fi\/en\/wp-json\/wp\/v2\/product"}],"about":[{"href":"https:\/\/www.panimotuju.fi\/en\/wp-json\/wp\/v2\/types\/product"}],"wp:featuredmedia":[{"embeddable":true,"href":"https:\/\/www.panimotuju.fi\/en\/wp-json\/wp\/v2\/media\/20349"}],"wp:attachment":[{"href":"https:\/\/www.panimotuju.fi\/en\/wp-json\/wp\/v2\/media?parent=20346"}],"wp:term":[{"taxonomy":"product_brand","embeddable":true,"href":"https:\/\/www.panimotuju.fi\/en\/wp-json\/wp\/v2\/product_brand?post=20346"},{"taxonomy":"product_cat","embeddable":true,"href":"https:\/\/www.panimotuju.fi\/en\/wp-json\/wp\/v2\/product_cat?post=20346"},{"taxonomy":"product_tag","embeddable":true,"href":"https:\/\/www.panimotuju.fi\/en\/wp-json\/wp\/v2\/product_tag?post=20346"}],"curies":[{"name":"wp","href":"https:\/\/api.w.org\/{rel}","templated":true}]}}