{"id":20391,"date":"2026-05-04T08:40:07","date_gmt":"2026-05-04T05:40:07","guid":{"rendered":"https:\/\/www.panimotuju.fi\/?post_type=product&#038;p=20391"},"modified":"2026-05-09T20:26:35","modified_gmt":"2026-05-09T17:26:35","slug":"warpigs-dk-thirsty-no-more-65","status":"publish","type":"product","link":"https:\/\/www.panimotuju.fi\/en\/product\/warpigs-dk-thirsty-no-more-65\/","title":{"rendered":"Warpigs (DK) &#8211; Thirsty No More 6,5%"},"content":{"rendered":"<p><b>Warpigs Brewpub <\/b>on Tanskan K\u00f6\u00f6penhaminassa sijaitseva olutn\u00f6rttien rakastama instituutio! Rohkeat kokeilevat oluet paritetaan Texas-tyylisen BBQ-ruuan kanssa t\u00e4ydellisesti. Vaikka panimo onkin alkanut valloittamaan markkinoita my\u00f6s Tanskan ulkopuolella, on heid\u00e4n oma ravintolansa silti ehdottomasti vierailun arvoinen kohde!<\/p>\n<p><b>Thirsty No More 6,5% | NEIPA: <\/b>Nelj\u00e4n viljan mallaspohja rakentaa t\u00e4lle NEIPAlle silkkisen pehme\u00e4n rungon, johon humalat tuovat raikasta sitrusta ja kevytt\u00e4 makeutta. Ter\u00e4vimm\u00e4t reunat on hiottu pois ja lopputuloksena pehme\u00e4 ja helposti juotava, mutta silti t\u00e4ytt\u00e4 makua oleva samea herkku!<\/p>\n<p><strong>7,80\u20ac \/ 0,44L (17,73\u20ac\/L)<\/strong><\/p>","protected":false},"excerpt":{"rendered":"<p>Warpigs Brewpub on Tanskan K\u00f6\u00f6penhaminassa sijaitseva olutn\u00f6rttien rakastama instituutio! Rohkeat kokeilevat oluet paritetaan Texas-tyylisen BBQ-ruuan kanssa t\u00e4ydellisesti. Vaikka panimo onkin alkanut valloittamaan markkinoita my\u00f6s Tanskan ulkopuolella, on heid\u00e4n oma ravintolansa silti ehdottomasti vierailun arvoinen kohde! Thirsty No More 6,5% | NEIPA: Nelj\u00e4n viljan mallaspohja rakentaa t\u00e4lle NEIPAlle silkkisen pehme\u00e4n rungon, johon humalat tuovat raikasta sitrusta &hellip; <\/p>\n<p class=\"link-more\"><a href=\"https:\/\/www.panimotuju.fi\/en\/product\/warpigs-dk-thirsty-no-more-65\/\" class=\"more-link\">Read more<span class=\"screen-reader-text\"> &#8221;Warpigs (DK) &#8211; Thirsty No More 6,5%&#8221;<\/span><\/a><\/p>","protected":false},"featured_media":20417,"template":"","meta":[],"product_brand":[],"product_cat":[62],"product_tag":[],"class_list":{"0":"post-20391","1":"product","2":"type-product","3":"status-publish","4":"has-post-thumbnail","6":"product_cat-vieras","8":"first","9":"instock","10":"taxable","11":"shipping-taxable","12":"purchasable","13":"product-type-simple"},"jetpack_sharing_enabled":true,"_links":{"self":[{"href":"https:\/\/www.panimotuju.fi\/en\/wp-json\/wp\/v2\/product\/20391","targetHints":{"allow":["GET"]}}],"collection":[{"href":"https:\/\/www.panimotuju.fi\/en\/wp-json\/wp\/v2\/product"}],"about":[{"href":"https:\/\/www.panimotuju.fi\/en\/wp-json\/wp\/v2\/types\/product"}],"wp:featuredmedia":[{"embeddable":true,"href":"https:\/\/www.panimotuju.fi\/en\/wp-json\/wp\/v2\/media\/20417"}],"wp:attachment":[{"href":"https:\/\/www.panimotuju.fi\/en\/wp-json\/wp\/v2\/media?parent=20391"}],"wp:term":[{"taxonomy":"product_brand","embeddable":true,"href":"https:\/\/www.panimotuju.fi\/en\/wp-json\/wp\/v2\/product_brand?post=20391"},{"taxonomy":"product_cat","embeddable":true,"href":"https:\/\/www.panimotuju.fi\/en\/wp-json\/wp\/v2\/product_cat?post=20391"},{"taxonomy":"product_tag","embeddable":true,"href":"https:\/\/www.panimotuju.fi\/en\/wp-json\/wp\/v2\/product_tag?post=20391"}],"curies":[{"name":"wp","href":"https:\/\/api.w.org\/{rel}","templated":true}]}}