{"id":7501,"date":"2022-02-03T14:11:58","date_gmt":"2022-02-03T12:11:58","guid":{"rendered":"https:\/\/www.it-varaani.fi\/demo\/tuju\/?post_type=product&#038;p=7501"},"modified":"2026-04-26T18:59:50","modified_gmt":"2026-04-26T15:59:50","slug":"sumurai-55","status":"publish","type":"product","link":"https:\/\/www.panimotuju.fi\/en\/product\/sumurai-55\/","title":{"rendered":"Sumurai 5,5%"},"content":{"rendered":"<p><strong>Sumurai 5,5% DDH pale ale<\/strong><\/p>\n<p>Tujun purkit ovat t\u00e4\u00e4ll\u00e4 eik\u00e4 maailma ole en\u00e4\u00e4 entisens\u00e4!<\/p>\n<p>T\u00e4m\u00e4 <em>biirun <\/em>verran sumuisempi purkki esittelee <strong>Citran, Mosaicin ja El Doradon <\/strong>katanan kaltaista leikkaavaa ter\u00e4vyytt\u00e4. Sumuisen samea ja tuplakuivahumaloitu kyps\u00e4 hedelm\u00e4pommi, jossa aromipuolella selke\u00e4\u00e4 kyps\u00e4\u00e4 hedelm\u00e4\u00e4, mangoa, ananasta, vesimelonia ja sitrusta siirtyen kohti m\u00e4ntyist\u00e4 katkeruutta.<\/p>\n<p><strong>5,00\u20ac\/0,44L (11,36\u20ac\/L)<\/strong><\/p>","protected":false},"excerpt":{"rendered":"<p>Sumurai 5,5% DDH pale ale Tujun purkit ovat t\u00e4\u00e4ll\u00e4 eik\u00e4 maailma ole en\u00e4\u00e4 entisens\u00e4! T\u00e4m\u00e4 biirun verran sumuisempi purkki esittelee Citran, Mosaicin ja El Doradon katanan kaltaista leikkaavaa ter\u00e4vyytt\u00e4. Sumuisen samea ja tuplakuivahumaloitu kyps\u00e4 hedelm\u00e4pommi, jossa aromipuolella selke\u00e4\u00e4 kyps\u00e4\u00e4 hedelm\u00e4\u00e4, mangoa, ananasta, vesimelonia ja sitrusta siirtyen kohti m\u00e4ntyist\u00e4 katkeruutta. 5,00\u20ac\/0,44L (11,36\u20ac\/L)<\/p>","protected":false},"featured_media":7889,"template":"","meta":[],"product_brand":[],"product_cat":[50],"product_tag":[],"class_list":{"0":"post-7501","1":"product","2":"type-product","3":"status-publish","4":"has-post-thumbnail","6":"product_cat-tujun_tuotteet","8":"first","9":"instock","10":"taxable","11":"shipping-taxable","12":"purchasable","13":"product-type-simple"},"jetpack_sharing_enabled":true,"_links":{"self":[{"href":"https:\/\/www.panimotuju.fi\/en\/wp-json\/wp\/v2\/product\/7501","targetHints":{"allow":["GET"]}}],"collection":[{"href":"https:\/\/www.panimotuju.fi\/en\/wp-json\/wp\/v2\/product"}],"about":[{"href":"https:\/\/www.panimotuju.fi\/en\/wp-json\/wp\/v2\/types\/product"}],"wp:featuredmedia":[{"embeddable":true,"href":"https:\/\/www.panimotuju.fi\/en\/wp-json\/wp\/v2\/media\/7889"}],"wp:attachment":[{"href":"https:\/\/www.panimotuju.fi\/en\/wp-json\/wp\/v2\/media?parent=7501"}],"wp:term":[{"taxonomy":"product_brand","embeddable":true,"href":"https:\/\/www.panimotuju.fi\/en\/wp-json\/wp\/v2\/product_brand?post=7501"},{"taxonomy":"product_cat","embeddable":true,"href":"https:\/\/www.panimotuju.fi\/en\/wp-json\/wp\/v2\/product_cat?post=7501"},{"taxonomy":"product_tag","embeddable":true,"href":"https:\/\/www.panimotuju.fi\/en\/wp-json\/wp\/v2\/product_tag?post=7501"}],"curies":[{"name":"wp","href":"https:\/\/api.w.org\/{rel}","templated":true}]}}