{"id":7516,"date":"2022-02-03T14:12:02","date_gmt":"2022-02-03T12:12:02","guid":{"rendered":"https:\/\/www.it-varaani.fi\/demo\/tuju\/?post_type=product&#038;p=7516"},"modified":"2026-04-03T18:41:52","modified_gmt":"2026-04-03T15:41:52","slug":"kangaskassi-kallologo","status":"publish","type":"product","link":"https:\/\/www.panimotuju.fi\/en\/product\/kangaskassi-kallologo\/","title":{"rendered":"Kangaskassi, Kallologo"},"content":{"rendered":"<p>Kangaskassi, jolla kuljetat olutpuodin ostokset ja kaikki muut el\u00e4m\u00e4si oleellisimmat tarvikkeet helposti ja tyylill\u00e4.<\/p>\n<p><\/p>\n<p>Nouto panimokaupasta 0\u20ac ja toimitukset muualle Suomeen erikseen ostettavalla 6\u20ac-postitustuotteella.<\/p>","protected":false},"excerpt":{"rendered":"<p>Kangaskassi, jolla kuljetat olutpuodin ostokset ja kaikki muut el\u00e4m\u00e4si oleellisimmat tarvikkeet helposti ja tyylill\u00e4. Nouto panimokaupasta 0\u20ac ja toimitukset muualle Suomeen erikseen ostettavalla 6\u20ac-postitustuotteella.<\/p>","protected":false},"featured_media":7904,"template":"","meta":[],"product_brand":[],"product_cat":[67],"product_tag":[],"class_list":{"0":"post-7516","1":"product","2":"type-product","3":"status-publish","4":"has-post-thumbnail","6":"product_cat-oiheistuotteet","8":"first","9":"instock","10":"taxable","11":"shipping-taxable","12":"purchasable","13":"product-type-simple"},"jetpack_sharing_enabled":true,"_links":{"self":[{"href":"https:\/\/www.panimotuju.fi\/en\/wp-json\/wp\/v2\/product\/7516","targetHints":{"allow":["GET"]}}],"collection":[{"href":"https:\/\/www.panimotuju.fi\/en\/wp-json\/wp\/v2\/product"}],"about":[{"href":"https:\/\/www.panimotuju.fi\/en\/wp-json\/wp\/v2\/types\/product"}],"wp:featuredmedia":[{"embeddable":true,"href":"https:\/\/www.panimotuju.fi\/en\/wp-json\/wp\/v2\/media\/7904"}],"wp:attachment":[{"href":"https:\/\/www.panimotuju.fi\/en\/wp-json\/wp\/v2\/media?parent=7516"}],"wp:term":[{"taxonomy":"product_brand","embeddable":true,"href":"https:\/\/www.panimotuju.fi\/en\/wp-json\/wp\/v2\/product_brand?post=7516"},{"taxonomy":"product_cat","embeddable":true,"href":"https:\/\/www.panimotuju.fi\/en\/wp-json\/wp\/v2\/product_cat?post=7516"},{"taxonomy":"product_tag","embeddable":true,"href":"https:\/\/www.panimotuju.fi\/en\/wp-json\/wp\/v2\/product_tag?post=7516"}],"curies":[{"name":"wp","href":"https:\/\/api.w.org\/{rel}","templated":true}]}}