{"id":7527,"date":"2022-02-03T14:12:05","date_gmt":"2022-02-03T12:12:05","guid":{"rendered":"https:\/\/www.it-varaani.fi\/demo\/tuju\/?post_type=product&#038;p=7527"},"modified":"2024-09-01T10:11:38","modified_gmt":"2024-09-01T07:11:38","slug":"broceliande-rose-30-cidre-de-broceliande","status":"publish","type":"product","link":"https:\/\/www.panimotuju.fi\/en\/product\/broceliande-rose-30-cidre-de-broceliande\/","title":{"rendered":"Broceliande Ros\u00e9 3,0% &#8211; Cidre de Broc\u00e9liande"},"content":{"rendered":"<p><strong>Broc\u00e9liandin<\/strong> siideritila on saavuttanut mainetta ja kunniaa, kultaa Bretganen alueellisessa siiderikilpailussa 2018 sek\u00e4 kultaa Pariisin maatalousn\u00e4yttelyss\u00e4 2015 Brut -siiderill\u00e4.<\/p>\n<p><strong>Broceliande Brut 5,5% on Gilbert &amp; Gaillard International Challenge 2021 kultamitalisti!<\/strong><\/p>\n<p><strong>Broceliande Ros\u00e9 3,0%: <\/strong>Juhlava, matala-alkoholinen ja kaunis siideri tarjotaan j\u00e4\u00e4hdytettyn\u00e4. Omenan hedelm\u00e4inen makeus ja hapokkuus tasapainoilevat yhdess\u00e4 muodostaen t\u00e4m\u00e4n pienien pinkkien kuplien juhlajuoman piknikhetken kuninkaaksi.<\/p>\n<p><strong>11,80\u20ac\/0,75L (15,77\u20ac\/L)<\/strong><\/p>","protected":false},"excerpt":{"rendered":"<p>Broc\u00e9liandin siideritila on saavuttanut mainetta ja kunniaa, kultaa Bretganen alueellisessa siiderikilpailussa 2018 sek\u00e4 kultaa Pariisin maatalousn\u00e4yttelyss\u00e4 2015 Brut -siiderill\u00e4. Broceliande Brut 5,5% on Gilbert &amp; Gaillard International Challenge 2021 kultamitalisti! Broceliande Ros\u00e9 3,0%: Juhlava, matala-alkoholinen ja kaunis siideri tarjotaan j\u00e4\u00e4hdytettyn\u00e4. Omenan hedelm\u00e4inen makeus ja hapokkuus tasapainoilevat yhdess\u00e4 muodostaen t\u00e4m\u00e4n pienien pinkkien kuplien juhlajuoman piknikhetken kuninkaaksi. &hellip; <\/p>\n<p class=\"link-more\"><a href=\"https:\/\/www.panimotuju.fi\/en\/product\/broceliande-rose-30-cidre-de-broceliande\/\" class=\"more-link\">Read more<span class=\"screen-reader-text\"> &#8221;Broceliande Ros\u00e9 3,0% &#8211; Cidre de Broc\u00e9liande&#8221;<\/span><\/a><\/p>","protected":false},"featured_media":7918,"template":"","meta":[],"product_brand":[],"product_cat":[84],"product_tag":[],"class_list":{"0":"post-7527","1":"product","2":"type-product","3":"status-publish","4":"has-post-thumbnail","6":"product_cat-siiderit","8":"first","9":"outofstock","10":"taxable","11":"shipping-taxable","12":"purchasable","13":"product-type-simple"},"jetpack_sharing_enabled":true,"_links":{"self":[{"href":"https:\/\/www.panimotuju.fi\/en\/wp-json\/wp\/v2\/product\/7527","targetHints":{"allow":["GET"]}}],"collection":[{"href":"https:\/\/www.panimotuju.fi\/en\/wp-json\/wp\/v2\/product"}],"about":[{"href":"https:\/\/www.panimotuju.fi\/en\/wp-json\/wp\/v2\/types\/product"}],"wp:featuredmedia":[{"embeddable":true,"href":"https:\/\/www.panimotuju.fi\/en\/wp-json\/wp\/v2\/media\/7918"}],"wp:attachment":[{"href":"https:\/\/www.panimotuju.fi\/en\/wp-json\/wp\/v2\/media?parent=7527"}],"wp:term":[{"taxonomy":"product_brand","embeddable":true,"href":"https:\/\/www.panimotuju.fi\/en\/wp-json\/wp\/v2\/product_brand?post=7527"},{"taxonomy":"product_cat","embeddable":true,"href":"https:\/\/www.panimotuju.fi\/en\/wp-json\/wp\/v2\/product_cat?post=7527"},{"taxonomy":"product_tag","embeddable":true,"href":"https:\/\/www.panimotuju.fi\/en\/wp-json\/wp\/v2\/product_tag?post=7527"}],"curies":[{"name":"wp","href":"https:\/\/api.w.org\/{rel}","templated":true}]}}